{"id":1169,"date":"2025-08-08T13:29:11","date_gmt":"2025-08-08T11:29:11","guid":{"rendered":"https:\/\/publicaciones.castello.es\/?post_type=product&#038;p=1169"},"modified":"2025-09-24T14:01:12","modified_gmt":"2025-09-24T12:01:12","slug":"canconer-essencial-recull-obra-inedita-1968-2010","status":"publish","type":"product","link":"https:\/\/publicaciones.castello.es\/es\/producto\/canconer-essencial-recull-obra-inedita-1968-2010\/","title":{"rendered":"Can\u00e7oner essencial : Recull obra in\u00e8dita (1968-2010)"},"content":{"rendered":"","protected":false},"excerpt":{"rendered":"<p><strong>T\u00edtulo:<\/strong> Can\u00e7oner essencial : Recull obra in\u00e8dita (1968-2010)<br \/>\n<strong>Autor:<\/strong> VICENT PAU SERRA I FORTU\u00d1O<br \/>\n<strong>Editorial:<\/strong> Ajuntament de Castell\u00f3<br \/>\n<strong>Colecci\u00f3n:<\/strong> Biblioteca d&#8217;autors castellonencs i llibres singulars<br \/>\n<strong>Idioma libro:<\/strong> Valenciano<br \/>\n<strong>Sinopsis:<\/strong> Libro distribuido en tres recopilaciones poem\u00e1ticas que siguen a grosso modo los periodos existenciales del poeta. La obra de Vicent Pau Serra constituye seg\u00fan Ram\u00f3n C\u00f3rdoba, \u00abel testimonio reflexivo sobre la existencia humana, incapaz de detener el discurrir temporal pero dedicada a la exaltaci\u00f3n de la belleza natural, que culmina en la experiencia amorosa\u00bb. Pr\u00f3logo de Ram\u00f3n C\u00f3rdoba Caro y semblanzas a cargo de Vicent Jaume Almela y Eixau, Rom\u00e0 Bernard Negro, Rosa Mar\u00eda Vilarroig y Marcelo. Ilustraciones de diversos artistas locales.<\/p>\n","protected":false},"featured_media":1171,"comment_status":"open","ping_status":"closed","template":"","meta":{"site-sidebar-layout":"default","site-content-layout":"","ast-site-content-layout":"default","site-content-style":"default","site-sidebar-style":"default","ast-global-header-display":"","ast-banner-title-visibility":"","ast-main-header-display":"","ast-hfb-above-header-display":"","ast-hfb-below-header-display":"","ast-hfb-mobile-header-display":"","site-post-title":"","ast-breadcrumbs-content":"","ast-featured-img":"","footer-sml-layout":"","theme-transparent-header-meta":"default","adv-header-id-meta":"","stick-header-meta":"","header-above-stick-meta":"","header-main-stick-meta":"","header-below-stick-meta":"","astra-migrate-meta-layouts":"set","ast-page-background-enabled":"default","ast-page-background-meta":{"desktop":{"background-color":"var(--ast-global-color-4)","background-image":"","background-repeat":"repeat","background-position":"center center","background-size":"auto","background-attachment":"scroll","background-type":"","background-media":"","overlay-type":"","overlay-color":"","overlay-opacity":"","overlay-gradient":""},"tablet":{"background-color":"","background-image":"","background-repeat":"repeat","background-position":"center center","background-size":"auto","background-attachment":"scroll","background-type":"","background-media":"","overlay-type":"","overlay-color":"","overlay-opacity":"","overlay-gradient":""},"mobile":{"background-color":"","background-image":"","background-repeat":"repeat","background-position":"center center","background-size":"auto","background-attachment":"scroll","background-type":"","background-media":"","overlay-type":"","overlay-color":"","overlay-opacity":"","overlay-gradient":""}},"ast-content-background-meta":{"desktop":{"background-color":"var(--ast-global-color-5)","background-image":"","background-repeat":"repeat","background-position":"center center","background-size":"auto","background-attachment":"scroll","background-type":"","background-media":"","overlay-type":"","overlay-color":"","overlay-opacity":"","overlay-gradient":""},"tablet":{"background-color":"var(--ast-global-color-5)","background-image":"","background-repeat":"repeat","background-position":"center center","background-size":"auto","background-attachment":"scroll","background-type":"","background-media":"","overlay-type":"","overlay-color":"","overlay-opacity":"","overlay-gradient":""},"mobile":{"background-color":"var(--ast-global-color-5)","background-image":"","background-repeat":"repeat","background-position":"center center","background-size":"auto","background-attachment":"scroll","background-type":"","background-media":"","overlay-type":"","overlay-color":"","overlay-opacity":"","overlay-gradient":""}}},"product_brand":[],"product_cat":[106,27,3435],"product_tag":[],"class_list":{"0":"post-1169","1":"product","2":"type-product","3":"status-publish","4":"has-post-thumbnail","6":"product_cat-biblioteca-dautors-castellonencs-i-llibres-singulars","7":"product_cat-papel","8":"product_cat-valenciano","9":"desktop-align-left","10":"tablet-align-left","11":"mobile-align-left","12":"ast-product-gallery-layout-horizontal-slider","13":"ast-product-gallery-with-no-image","14":"ast-product-tabs-layout-horizontal","16":"first","17":"instock","18":"taxable","19":"shipping-taxable","20":"purchasable","21":"product-type-simple"},"yoast_head":"<!-- This site is optimized with the Yoast SEO plugin v26.1.1 - https:\/\/yoast.com\/wordpress\/plugins\/seo\/ -->\n<title>Can\u00e7oner essencial : Recull obra in\u00e8dita (1968-2010) - Venta de Publicaciones del Ayto. Castell\u00f3n<\/title>\n<meta name=\"robots\" content=\"index, follow, max-snippet:-1, max-image-preview:large, max-video-preview:-1\" \/>\n<link rel=\"canonical\" href=\"https:\/\/publicaciones.castello.es\/es\/producto\/canconer-essencial-recull-obra-inedita-1968-2010\/\" \/>\n<meta property=\"og:locale\" content=\"es_ES\" \/>\n<meta property=\"og:type\" content=\"article\" \/>\n<meta property=\"og:title\" content=\"Can\u00e7oner essencial : Recull obra in\u00e8dita (1968-2010) - Venta de Publicaciones del Ayto. Castell\u00f3n\" \/>\n<meta property=\"og:description\" content=\"T\u00edtulo: Can\u00e7oner essencial : Recull obra in\u00e8dita (1968-2010) Autor: VICENT PAU SERRA I FORTU\u00d1O Editorial: Ajuntament de Castell\u00f3 Colecci\u00f3n: Biblioteca d&#039;autors castellonencs i llibres singulars Idioma libro: Valenciano Sinopsis: Libro distribuido en tres recopilaciones poem\u00e1ticas que siguen a grosso modo los periodos existenciales del poeta. La obra de Vicent Pau Serra constituye seg\u00fan Ram\u00f3n C\u00f3rdoba, &quot;el testimonio reflexivo sobre la existencia humana, incapaz de detener el discurrir temporal pero dedicada a la exaltaci\u00f3n de la belleza natural, que culmina en la experiencia amorosa&quot;. Pr\u00f3logo de Ram\u00f3n C\u00f3rdoba Caro y semblanzas a cargo de Vicent Jaume Almela y Eixau, Rom\u00e0 Bernard Negro, Rosa Mar\u00eda Vilarroig y Marcelo. Ilustraciones de diversos artistas locales.\" \/>\n<meta property=\"og:url\" content=\"https:\/\/publicaciones.castello.es\/es\/producto\/canconer-essencial-recull-obra-inedita-1968-2010\/\" \/>\n<meta property=\"og:site_name\" content=\"Venta de Publicaciones del Ayto. Castell\u00f3n\" \/>\n<meta property=\"article:modified_time\" content=\"2025-09-24T12:01:12+00:00\" \/>\n<meta property=\"og:image\" content=\"https:\/\/publicaciones.castello.es\/wp-content\/uploads\/2025\/08\/Canconer-essencial.jpg\" \/>\n\t<meta property=\"og:image:width\" content=\"1100\" \/>\n\t<meta property=\"og:image:height\" content=\"1100\" \/>\n\t<meta property=\"og:image:type\" content=\"image\/jpeg\" \/>\n<meta name=\"twitter:card\" content=\"summary_large_image\" \/>\n<script type=\"application\/ld+json\" class=\"yoast-schema-graph\">{\"@context\":\"https:\/\/schema.org\",\"@graph\":[{\"@type\":\"WebPage\",\"@id\":\"https:\/\/publicaciones.castello.es\/es\/producto\/canconer-essencial-recull-obra-inedita-1968-2010\/\",\"url\":\"https:\/\/publicaciones.castello.es\/es\/producto\/canconer-essencial-recull-obra-inedita-1968-2010\/\",\"name\":\"Can\u00e7oner essencial : Recull obra in\u00e8dita (1968-2010) - Venta de Publicaciones del Ayto. Castell\u00f3n\",\"isPartOf\":{\"@id\":\"https:\/\/publicaciones.castello.es\/#website\"},\"primaryImageOfPage\":{\"@id\":\"https:\/\/publicaciones.castello.es\/es\/producto\/canconer-essencial-recull-obra-inedita-1968-2010\/#primaryimage\"},\"image\":{\"@id\":\"https:\/\/publicaciones.castello.es\/es\/producto\/canconer-essencial-recull-obra-inedita-1968-2010\/#primaryimage\"},\"thumbnailUrl\":\"https:\/\/publicaciones.castello.es\/wp-content\/uploads\/2025\/08\/Canconer-essencial.jpg\",\"datePublished\":\"2025-08-08T11:29:11+00:00\",\"dateModified\":\"2025-09-24T12:01:12+00:00\",\"breadcrumb\":{\"@id\":\"https:\/\/publicaciones.castello.es\/es\/producto\/canconer-essencial-recull-obra-inedita-1968-2010\/#breadcrumb\"},\"inLanguage\":\"es\",\"potentialAction\":[{\"@type\":\"ReadAction\",\"target\":[\"https:\/\/publicaciones.castello.es\/es\/producto\/canconer-essencial-recull-obra-inedita-1968-2010\/\"]}]},{\"@type\":\"ImageObject\",\"inLanguage\":\"es\",\"@id\":\"https:\/\/publicaciones.castello.es\/es\/producto\/canconer-essencial-recull-obra-inedita-1968-2010\/#primaryimage\",\"url\":\"https:\/\/publicaciones.castello.es\/wp-content\/uploads\/2025\/08\/Canconer-essencial.jpg\",\"contentUrl\":\"https:\/\/publicaciones.castello.es\/wp-content\/uploads\/2025\/08\/Canconer-essencial.jpg\",\"width\":1100,\"height\":1100,\"caption\":\"Can\u00e7oner essencial : Recull obra in\u00e8dita (1968-2010)\"},{\"@type\":\"BreadcrumbList\",\"@id\":\"https:\/\/publicaciones.castello.es\/es\/producto\/canconer-essencial-recull-obra-inedita-1968-2010\/#breadcrumb\",\"itemListElement\":[{\"@type\":\"ListItem\",\"position\":1,\"name\":\"Home\",\"item\":\"https:\/\/publicaciones.castello.es\/es\/\"},{\"@type\":\"ListItem\",\"position\":2,\"name\":\"Tienda\",\"item\":\"https:\/\/publicaciones.castello.es\/es\/tienda\/\"},{\"@type\":\"ListItem\",\"position\":3,\"name\":\"Can\u00e7oner essencial : Recull obra in\u00e8dita (1968-2010)\"}]},{\"@type\":\"WebSite\",\"@id\":\"https:\/\/publicaciones.castello.es\/#website\",\"url\":\"https:\/\/publicaciones.castello.es\/\",\"name\":\"Llibrer\u00eda Municipal Ajuntament de Castell\u00f3\",\"description\":\"\",\"publisher\":{\"@id\":\"https:\/\/publicaciones.castello.es\/#organization\"},\"potentialAction\":[{\"@type\":\"SearchAction\",\"target\":{\"@type\":\"EntryPoint\",\"urlTemplate\":\"https:\/\/publicaciones.castello.es\/?s={search_term_string}\"},\"query-input\":{\"@type\":\"PropertyValueSpecification\",\"valueRequired\":true,\"valueName\":\"search_term_string\"}}],\"inLanguage\":\"es\"},{\"@type\":\"Organization\",\"@id\":\"https:\/\/publicaciones.castello.es\/#organization\",\"name\":\"Llibrer\u00eda Municipal Ajuntament de Castell\u00f3\",\"url\":\"https:\/\/publicaciones.castello.es\/\",\"logo\":{\"@type\":\"ImageObject\",\"inLanguage\":\"es\",\"@id\":\"https:\/\/publicaciones.castello.es\/#\/schema\/logo\/image\/\",\"url\":\"https:\/\/publicaciones.castello.es\/wp-content\/uploads\/2025\/06\/logo-libreria.png\",\"contentUrl\":\"https:\/\/publicaciones.castello.es\/wp-content\/uploads\/2025\/06\/logo-libreria.png\",\"width\":274,\"height\":113,\"caption\":\"Llibrer\u00eda Municipal Ajuntament de Castell\u00f3\"},\"image\":{\"@id\":\"https:\/\/publicaciones.castello.es\/#\/schema\/logo\/image\/\"}}]}<\/script>\n<!-- \/ Yoast SEO plugin. -->","yoast_head_json":{"title":"Can\u00e7oner essencial : Recull obra in\u00e8dita (1968-2010) - Venta de Publicaciones del Ayto. Castell\u00f3n","robots":{"index":"index","follow":"follow","max-snippet":"max-snippet:-1","max-image-preview":"max-image-preview:large","max-video-preview":"max-video-preview:-1"},"canonical":"https:\/\/publicaciones.castello.es\/es\/producto\/canconer-essencial-recull-obra-inedita-1968-2010\/","og_locale":"es_ES","og_type":"article","og_title":"Can\u00e7oner essencial : Recull obra in\u00e8dita (1968-2010) - Venta de Publicaciones del Ayto. Castell\u00f3n","og_description":"T\u00edtulo: Can\u00e7oner essencial : Recull obra in\u00e8dita (1968-2010) Autor: VICENT PAU SERRA I FORTU\u00d1O Editorial: Ajuntament de Castell\u00f3 Colecci\u00f3n: Biblioteca d'autors castellonencs i llibres singulars Idioma libro: Valenciano Sinopsis: Libro distribuido en tres recopilaciones poem\u00e1ticas que siguen a grosso modo los periodos existenciales del poeta. La obra de Vicent Pau Serra constituye seg\u00fan Ram\u00f3n C\u00f3rdoba, \"el testimonio reflexivo sobre la existencia humana, incapaz de detener el discurrir temporal pero dedicada a la exaltaci\u00f3n de la belleza natural, que culmina en la experiencia amorosa\". Pr\u00f3logo de Ram\u00f3n C\u00f3rdoba Caro y semblanzas a cargo de Vicent Jaume Almela y Eixau, Rom\u00e0 Bernard Negro, Rosa Mar\u00eda Vilarroig y Marcelo. Ilustraciones de diversos artistas locales.","og_url":"https:\/\/publicaciones.castello.es\/es\/producto\/canconer-essencial-recull-obra-inedita-1968-2010\/","og_site_name":"Venta de Publicaciones del Ayto. Castell\u00f3n","article_modified_time":"2025-09-24T12:01:12+00:00","og_image":[{"width":1100,"height":1100,"url":"https:\/\/publicaciones.castello.es\/wp-content\/uploads\/2025\/08\/Canconer-essencial.jpg","type":"image\/jpeg"}],"twitter_card":"summary_large_image","schema":{"@context":"https:\/\/schema.org","@graph":[{"@type":"WebPage","@id":"https:\/\/publicaciones.castello.es\/es\/producto\/canconer-essencial-recull-obra-inedita-1968-2010\/","url":"https:\/\/publicaciones.castello.es\/es\/producto\/canconer-essencial-recull-obra-inedita-1968-2010\/","name":"Can\u00e7oner essencial : Recull obra in\u00e8dita (1968-2010) - Venta de Publicaciones del Ayto. Castell\u00f3n","isPartOf":{"@id":"https:\/\/publicaciones.castello.es\/#website"},"primaryImageOfPage":{"@id":"https:\/\/publicaciones.castello.es\/es\/producto\/canconer-essencial-recull-obra-inedita-1968-2010\/#primaryimage"},"image":{"@id":"https:\/\/publicaciones.castello.es\/es\/producto\/canconer-essencial-recull-obra-inedita-1968-2010\/#primaryimage"},"thumbnailUrl":"https:\/\/publicaciones.castello.es\/wp-content\/uploads\/2025\/08\/Canconer-essencial.jpg","datePublished":"2025-08-08T11:29:11+00:00","dateModified":"2025-09-24T12:01:12+00:00","breadcrumb":{"@id":"https:\/\/publicaciones.castello.es\/es\/producto\/canconer-essencial-recull-obra-inedita-1968-2010\/#breadcrumb"},"inLanguage":"es","potentialAction":[{"@type":"ReadAction","target":["https:\/\/publicaciones.castello.es\/es\/producto\/canconer-essencial-recull-obra-inedita-1968-2010\/"]}]},{"@type":"ImageObject","inLanguage":"es","@id":"https:\/\/publicaciones.castello.es\/es\/producto\/canconer-essencial-recull-obra-inedita-1968-2010\/#primaryimage","url":"https:\/\/publicaciones.castello.es\/wp-content\/uploads\/2025\/08\/Canconer-essencial.jpg","contentUrl":"https:\/\/publicaciones.castello.es\/wp-content\/uploads\/2025\/08\/Canconer-essencial.jpg","width":1100,"height":1100,"caption":"Can\u00e7oner essencial : Recull obra in\u00e8dita (1968-2010)"},{"@type":"BreadcrumbList","@id":"https:\/\/publicaciones.castello.es\/es\/producto\/canconer-essencial-recull-obra-inedita-1968-2010\/#breadcrumb","itemListElement":[{"@type":"ListItem","position":1,"name":"Home","item":"https:\/\/publicaciones.castello.es\/es\/"},{"@type":"ListItem","position":2,"name":"Tienda","item":"https:\/\/publicaciones.castello.es\/es\/tienda\/"},{"@type":"ListItem","position":3,"name":"Can\u00e7oner essencial : Recull obra in\u00e8dita (1968-2010)"}]},{"@type":"WebSite","@id":"https:\/\/publicaciones.castello.es\/#website","url":"https:\/\/publicaciones.castello.es\/","name":"Llibrer\u00eda Municipal Ajuntament de Castell\u00f3","description":"","publisher":{"@id":"https:\/\/publicaciones.castello.es\/#organization"},"potentialAction":[{"@type":"SearchAction","target":{"@type":"EntryPoint","urlTemplate":"https:\/\/publicaciones.castello.es\/?s={search_term_string}"},"query-input":{"@type":"PropertyValueSpecification","valueRequired":true,"valueName":"search_term_string"}}],"inLanguage":"es"},{"@type":"Organization","@id":"https:\/\/publicaciones.castello.es\/#organization","name":"Llibrer\u00eda Municipal Ajuntament de Castell\u00f3","url":"https:\/\/publicaciones.castello.es\/","logo":{"@type":"ImageObject","inLanguage":"es","@id":"https:\/\/publicaciones.castello.es\/#\/schema\/logo\/image\/","url":"https:\/\/publicaciones.castello.es\/wp-content\/uploads\/2025\/06\/logo-libreria.png","contentUrl":"https:\/\/publicaciones.castello.es\/wp-content\/uploads\/2025\/06\/logo-libreria.png","width":274,"height":113,"caption":"Llibrer\u00eda Municipal Ajuntament de Castell\u00f3"},"image":{"@id":"https:\/\/publicaciones.castello.es\/#\/schema\/logo\/image\/"}}]}},"_links":{"self":[{"href":"https:\/\/publicaciones.castello.es\/es\/wp-json\/wp\/v2\/product\/1169","targetHints":{"allow":["GET"]}}],"collection":[{"href":"https:\/\/publicaciones.castello.es\/es\/wp-json\/wp\/v2\/product"}],"about":[{"href":"https:\/\/publicaciones.castello.es\/es\/wp-json\/wp\/v2\/types\/product"}],"replies":[{"embeddable":true,"href":"https:\/\/publicaciones.castello.es\/es\/wp-json\/wp\/v2\/comments?post=1169"}],"wp:featuredmedia":[{"embeddable":true,"href":"https:\/\/publicaciones.castello.es\/es\/wp-json\/wp\/v2\/media\/1171"}],"wp:attachment":[{"href":"https:\/\/publicaciones.castello.es\/es\/wp-json\/wp\/v2\/media?parent=1169"}],"wp:term":[{"taxonomy":"product_brand","embeddable":true,"href":"https:\/\/publicaciones.castello.es\/es\/wp-json\/wp\/v2\/product_brand?post=1169"},{"taxonomy":"product_cat","embeddable":true,"href":"https:\/\/publicaciones.castello.es\/es\/wp-json\/wp\/v2\/product_cat?post=1169"},{"taxonomy":"product_tag","embeddable":true,"href":"https:\/\/publicaciones.castello.es\/es\/wp-json\/wp\/v2\/product_tag?post=1169"}],"curies":[{"name":"wp","href":"https:\/\/api.w.org\/{rel}","templated":true}]}}