{"id":1185,"date":"2025-08-08T13:58:03","date_gmt":"2025-08-08T11:58:03","guid":{"rendered":"https:\/\/publicaciones.castello.es\/?post_type=product&#038;p=1185"},"modified":"2025-10-10T16:22:16","modified_gmt":"2025-10-10T14:22:16","slug":"abans-de-jaume-i-castello-de-la-plana-des-de-la-prehistoria-fins-al-periode-andalus","status":"publish","type":"product","link":"https:\/\/publicaciones.castello.es\/es\/producto\/abans-de-jaume-i-castello-de-la-plana-des-de-la-prehistoria-fins-al-periode-andalus\/","title":{"rendered":"Abans de Jaume I. Castell\u00f3 de la Plana des de la prehist\u00f2ria fins al per\u00edode andalus"},"content":{"rendered":"","protected":false},"excerpt":{"rendered":"<p><strong>T\u00edtulo:<\/strong> Abans de Jaume I. Castell\u00f3 de la Plana des de la prehist\u00f2ria fins al per\u00edode andalus<br \/>\n<strong>Autor:<\/strong> FERRAN ARASA GIL<br \/>\n<strong>Editorial:<\/strong> Ajuntament de Castell\u00f3<br \/>\n<strong>Colecci\u00f3n:<\/strong> Humanitats\/ Hist\u00f2ria<br \/>\n<strong>Idioma libro:<\/strong> Valenciano<br \/>\n<strong>Sinopsis:<\/strong> Historia de Castell\u00f3n antes de su fundaci\u00f3n en tiempos de Jaume I. La documentaci\u00f3n con la que se ha podido elaborar son los restos materiales del pasado, informaci\u00f3n que ha aumentado considerablemente en los \u00faltimos a\u00f1os gracias a las excavaciones realizadas en algunos yacimientos arqueol\u00f3gicos del t\u00e9rmino municipal de Castell\u00f3n, como los m\u00e1s conocidos de Vinamargo y el Castillo de la Magdalena. A partir del estudio de los restos se ofrece una s\u00edntesis actualizada de lo que sabemos sobre los largos periodos anteriores a la conquista cristiana, desde la prehistoria hasta el mundo andalus\u00ed. Premio Ciudad de Castell\u00f3n de Humanidades, 2019.<\/p>\n","protected":false},"featured_media":1187,"comment_status":"open","ping_status":"closed","template":"","meta":{"site-sidebar-layout":"default","site-content-layout":"","ast-site-content-layout":"default","site-content-style":"default","site-sidebar-style":"default","ast-global-header-display":"","ast-banner-title-visibility":"","ast-main-header-display":"","ast-hfb-above-header-display":"","ast-hfb-below-header-display":"","ast-hfb-mobile-header-display":"","site-post-title":"","ast-breadcrumbs-content":"","ast-featured-img":"","footer-sml-layout":"","theme-transparent-header-meta":"default","adv-header-id-meta":"","stick-header-meta":"","header-above-stick-meta":"","header-main-stick-meta":"","header-below-stick-meta":"","astra-migrate-meta-layouts":"set","ast-page-background-enabled":"default","ast-page-background-meta":{"desktop":{"background-color":"var(--ast-global-color-4)","background-image":"","background-repeat":"repeat","background-position":"center center","background-size":"auto","background-attachment":"scroll","background-type":"","background-media":"","overlay-type":"","overlay-color":"","overlay-opacity":"","overlay-gradient":""},"tablet":{"background-color":"","background-image":"","background-repeat":"repeat","background-position":"center center","background-size":"auto","background-attachment":"scroll","background-type":"","background-media":"","overlay-type":"","overlay-color":"","overlay-opacity":"","overlay-gradient":""},"mobile":{"background-color":"","background-image":"","background-repeat":"repeat","background-position":"center center","background-size":"auto","background-attachment":"scroll","background-type":"","background-media":"","overlay-type":"","overlay-color":"","overlay-opacity":"","overlay-gradient":""}},"ast-content-background-meta":{"desktop":{"background-color":"var(--ast-global-color-5)","background-image":"","background-repeat":"repeat","background-position":"center center","background-size":"auto","background-attachment":"scroll","background-type":"","background-media":"","overlay-type":"","overlay-color":"","overlay-opacity":"","overlay-gradient":""},"tablet":{"background-color":"var(--ast-global-color-5)","background-image":"","background-repeat":"repeat","background-position":"center center","background-size":"auto","background-attachment":"scroll","background-type":"","background-media":"","overlay-type":"","overlay-color":"","overlay-opacity":"","overlay-gradient":""},"mobile":{"background-color":"var(--ast-global-color-5)","background-image":"","background-repeat":"repeat","background-position":"center center","background-size":"auto","background-attachment":"scroll","background-type":"","background-media":"","overlay-type":"","overlay-color":"","overlay-opacity":"","overlay-gradient":""}}},"product_brand":[],"product_cat":[28,86,87,27,3431,3435],"product_tag":[],"class_list":{"0":"post-1185","1":"product","2":"type-product","3":"status-publish","4":"has-post-thumbnail","6":"product_cat-digital","7":"product_cat-humanitats","8":"product_cat-humanitats-historia","9":"product_cat-papel","10":"product_cat-premios-ciudad-de-castellon","11":"product_cat-valenciano","12":"desktop-align-left","13":"tablet-align-left","14":"mobile-align-left","15":"ast-product-gallery-layout-horizontal-slider","16":"ast-product-gallery-with-no-image","17":"ast-product-single-variable","18":"ast-product-tabs-layout-horizontal","20":"first","21":"instock","22":"taxable","23":"shipping-taxable","24":"purchasable","25":"product-type-variable"},"yoast_head":"<!-- This site is optimized with the Yoast SEO plugin v26.1.1 - https:\/\/yoast.com\/wordpress\/plugins\/seo\/ -->\n<title>Abans de Jaume I. Castell\u00f3 de la Plana des de la prehist\u00f2ria fins al per\u00edode andalus - Venta de Publicaciones del Ayto. Castell\u00f3n<\/title>\n<meta name=\"robots\" content=\"index, follow, max-snippet:-1, max-image-preview:large, max-video-preview:-1\" \/>\n<link rel=\"canonical\" href=\"https:\/\/publicaciones.castello.es\/es\/producto\/abans-de-jaume-i-castello-de-la-plana-des-de-la-prehistoria-fins-al-periode-andalus\/\" \/>\n<meta property=\"og:locale\" content=\"es_ES\" \/>\n<meta property=\"og:type\" content=\"article\" \/>\n<meta property=\"og:title\" content=\"Abans de Jaume I. Castell\u00f3 de la Plana des de la prehist\u00f2ria fins al per\u00edode andalus - Venta de Publicaciones del Ayto. Castell\u00f3n\" \/>\n<meta property=\"og:description\" content=\"T\u00edtulo: Abans de Jaume I. Castell\u00f3 de la Plana des de la prehist\u00f2ria fins al per\u00edode andalus Autor: FERRAN ARASA GIL Editorial: Ajuntament de Castell\u00f3 Colecci\u00f3n: Humanitats\/ Hist\u00f2ria Idioma libro: Valenciano Sinopsis: Historia de Castell\u00f3n antes de su fundaci\u00f3n en tiempos de Jaume I. La documentaci\u00f3n con la que se ha podido elaborar son los restos materiales del pasado, informaci\u00f3n que ha aumentado considerablemente en los \u00faltimos a\u00f1os gracias a las excavaciones realizadas en algunos yacimientos arqueol\u00f3gicos del t\u00e9rmino municipal de Castell\u00f3n, como los m\u00e1s conocidos de Vinamargo y el Castillo de la Magdalena. A partir del estudio de los restos se ofrece una s\u00edntesis actualizada de lo que sabemos sobre los largos periodos anteriores a la conquista cristiana, desde la prehistoria hasta el mundo andalus\u00ed. Premio Ciudad de Castell\u00f3n de Humanidades, 2019.\" \/>\n<meta property=\"og:url\" content=\"https:\/\/publicaciones.castello.es\/es\/producto\/abans-de-jaume-i-castello-de-la-plana-des-de-la-prehistoria-fins-al-periode-andalus\/\" \/>\n<meta property=\"og:site_name\" content=\"Venta de Publicaciones del Ayto. Castell\u00f3n\" \/>\n<meta property=\"article:modified_time\" content=\"2025-10-10T14:22:16+00:00\" \/>\n<meta property=\"og:image\" content=\"https:\/\/publicaciones.castello.es\/wp-content\/uploads\/2025\/08\/abans-de-jaume.jpg\" \/>\n\t<meta property=\"og:image:width\" content=\"1100\" \/>\n\t<meta property=\"og:image:height\" content=\"1100\" \/>\n\t<meta property=\"og:image:type\" content=\"image\/jpeg\" \/>\n<meta name=\"twitter:card\" content=\"summary_large_image\" \/>\n<script type=\"application\/ld+json\" class=\"yoast-schema-graph\">{\"@context\":\"https:\/\/schema.org\",\"@graph\":[{\"@type\":\"WebPage\",\"@id\":\"https:\/\/publicaciones.castello.es\/es\/producto\/abans-de-jaume-i-castello-de-la-plana-des-de-la-prehistoria-fins-al-periode-andalus\/\",\"url\":\"https:\/\/publicaciones.castello.es\/es\/producto\/abans-de-jaume-i-castello-de-la-plana-des-de-la-prehistoria-fins-al-periode-andalus\/\",\"name\":\"Abans de Jaume I. Castell\u00f3 de la Plana des de la prehist\u00f2ria fins al per\u00edode andalus - Venta de Publicaciones del Ayto. Castell\u00f3n\",\"isPartOf\":{\"@id\":\"https:\/\/publicaciones.castello.es\/#website\"},\"primaryImageOfPage\":{\"@id\":\"https:\/\/publicaciones.castello.es\/es\/producto\/abans-de-jaume-i-castello-de-la-plana-des-de-la-prehistoria-fins-al-periode-andalus\/#primaryimage\"},\"image\":{\"@id\":\"https:\/\/publicaciones.castello.es\/es\/producto\/abans-de-jaume-i-castello-de-la-plana-des-de-la-prehistoria-fins-al-periode-andalus\/#primaryimage\"},\"thumbnailUrl\":\"https:\/\/publicaciones.castello.es\/wp-content\/uploads\/2025\/08\/abans-de-jaume.jpg\",\"datePublished\":\"2025-08-08T11:58:03+00:00\",\"dateModified\":\"2025-10-10T14:22:16+00:00\",\"breadcrumb\":{\"@id\":\"https:\/\/publicaciones.castello.es\/es\/producto\/abans-de-jaume-i-castello-de-la-plana-des-de-la-prehistoria-fins-al-periode-andalus\/#breadcrumb\"},\"inLanguage\":\"es\",\"potentialAction\":[{\"@type\":\"ReadAction\",\"target\":[\"https:\/\/publicaciones.castello.es\/es\/producto\/abans-de-jaume-i-castello-de-la-plana-des-de-la-prehistoria-fins-al-periode-andalus\/\"]}]},{\"@type\":\"ImageObject\",\"inLanguage\":\"es\",\"@id\":\"https:\/\/publicaciones.castello.es\/es\/producto\/abans-de-jaume-i-castello-de-la-plana-des-de-la-prehistoria-fins-al-periode-andalus\/#primaryimage\",\"url\":\"https:\/\/publicaciones.castello.es\/wp-content\/uploads\/2025\/08\/abans-de-jaume.jpg\",\"contentUrl\":\"https:\/\/publicaciones.castello.es\/wp-content\/uploads\/2025\/08\/abans-de-jaume.jpg\",\"width\":1100,\"height\":1100,\"caption\":\"Abans de Jaume I. Castell\u00f3 de la Plana des de la prehist\u00f2ria fins al per\u00edode andalus\"},{\"@type\":\"BreadcrumbList\",\"@id\":\"https:\/\/publicaciones.castello.es\/es\/producto\/abans-de-jaume-i-castello-de-la-plana-des-de-la-prehistoria-fins-al-periode-andalus\/#breadcrumb\",\"itemListElement\":[{\"@type\":\"ListItem\",\"position\":1,\"name\":\"Home\",\"item\":\"https:\/\/publicaciones.castello.es\/es\/\"},{\"@type\":\"ListItem\",\"position\":2,\"name\":\"Tienda\",\"item\":\"https:\/\/publicaciones.castello.es\/es\/tienda\/\"},{\"@type\":\"ListItem\",\"position\":3,\"name\":\"Abans de Jaume I. Castell\u00f3 de la Plana des de la prehist\u00f2ria fins al per\u00edode andalus\"}]},{\"@type\":\"WebSite\",\"@id\":\"https:\/\/publicaciones.castello.es\/#website\",\"url\":\"https:\/\/publicaciones.castello.es\/\",\"name\":\"Llibrer\u00eda Municipal Ajuntament de Castell\u00f3\",\"description\":\"\",\"publisher\":{\"@id\":\"https:\/\/publicaciones.castello.es\/#organization\"},\"potentialAction\":[{\"@type\":\"SearchAction\",\"target\":{\"@type\":\"EntryPoint\",\"urlTemplate\":\"https:\/\/publicaciones.castello.es\/?s={search_term_string}\"},\"query-input\":{\"@type\":\"PropertyValueSpecification\",\"valueRequired\":true,\"valueName\":\"search_term_string\"}}],\"inLanguage\":\"es\"},{\"@type\":\"Organization\",\"@id\":\"https:\/\/publicaciones.castello.es\/#organization\",\"name\":\"Llibrer\u00eda Municipal Ajuntament de Castell\u00f3\",\"url\":\"https:\/\/publicaciones.castello.es\/\",\"logo\":{\"@type\":\"ImageObject\",\"inLanguage\":\"es\",\"@id\":\"https:\/\/publicaciones.castello.es\/#\/schema\/logo\/image\/\",\"url\":\"https:\/\/publicaciones.castello.es\/wp-content\/uploads\/2025\/06\/logo-libreria.png\",\"contentUrl\":\"https:\/\/publicaciones.castello.es\/wp-content\/uploads\/2025\/06\/logo-libreria.png\",\"width\":274,\"height\":113,\"caption\":\"Llibrer\u00eda Municipal Ajuntament de Castell\u00f3\"},\"image\":{\"@id\":\"https:\/\/publicaciones.castello.es\/#\/schema\/logo\/image\/\"}}]}<\/script>\n<!-- \/ Yoast SEO plugin. -->","yoast_head_json":{"title":"Abans de Jaume I. Castell\u00f3 de la Plana des de la prehist\u00f2ria fins al per\u00edode andalus - Venta de Publicaciones del Ayto. Castell\u00f3n","robots":{"index":"index","follow":"follow","max-snippet":"max-snippet:-1","max-image-preview":"max-image-preview:large","max-video-preview":"max-video-preview:-1"},"canonical":"https:\/\/publicaciones.castello.es\/es\/producto\/abans-de-jaume-i-castello-de-la-plana-des-de-la-prehistoria-fins-al-periode-andalus\/","og_locale":"es_ES","og_type":"article","og_title":"Abans de Jaume I. Castell\u00f3 de la Plana des de la prehist\u00f2ria fins al per\u00edode andalus - Venta de Publicaciones del Ayto. Castell\u00f3n","og_description":"T\u00edtulo: Abans de Jaume I. Castell\u00f3 de la Plana des de la prehist\u00f2ria fins al per\u00edode andalus Autor: FERRAN ARASA GIL Editorial: Ajuntament de Castell\u00f3 Colecci\u00f3n: Humanitats\/ Hist\u00f2ria Idioma libro: Valenciano Sinopsis: Historia de Castell\u00f3n antes de su fundaci\u00f3n en tiempos de Jaume I. La documentaci\u00f3n con la que se ha podido elaborar son los restos materiales del pasado, informaci\u00f3n que ha aumentado considerablemente en los \u00faltimos a\u00f1os gracias a las excavaciones realizadas en algunos yacimientos arqueol\u00f3gicos del t\u00e9rmino municipal de Castell\u00f3n, como los m\u00e1s conocidos de Vinamargo y el Castillo de la Magdalena. A partir del estudio de los restos se ofrece una s\u00edntesis actualizada de lo que sabemos sobre los largos periodos anteriores a la conquista cristiana, desde la prehistoria hasta el mundo andalus\u00ed. Premio Ciudad de Castell\u00f3n de Humanidades, 2019.","og_url":"https:\/\/publicaciones.castello.es\/es\/producto\/abans-de-jaume-i-castello-de-la-plana-des-de-la-prehistoria-fins-al-periode-andalus\/","og_site_name":"Venta de Publicaciones del Ayto. Castell\u00f3n","article_modified_time":"2025-10-10T14:22:16+00:00","og_image":[{"width":1100,"height":1100,"url":"https:\/\/publicaciones.castello.es\/wp-content\/uploads\/2025\/08\/abans-de-jaume.jpg","type":"image\/jpeg"}],"twitter_card":"summary_large_image","schema":{"@context":"https:\/\/schema.org","@graph":[{"@type":"WebPage","@id":"https:\/\/publicaciones.castello.es\/es\/producto\/abans-de-jaume-i-castello-de-la-plana-des-de-la-prehistoria-fins-al-periode-andalus\/","url":"https:\/\/publicaciones.castello.es\/es\/producto\/abans-de-jaume-i-castello-de-la-plana-des-de-la-prehistoria-fins-al-periode-andalus\/","name":"Abans de Jaume I. Castell\u00f3 de la Plana des de la prehist\u00f2ria fins al per\u00edode andalus - Venta de Publicaciones del Ayto. Castell\u00f3n","isPartOf":{"@id":"https:\/\/publicaciones.castello.es\/#website"},"primaryImageOfPage":{"@id":"https:\/\/publicaciones.castello.es\/es\/producto\/abans-de-jaume-i-castello-de-la-plana-des-de-la-prehistoria-fins-al-periode-andalus\/#primaryimage"},"image":{"@id":"https:\/\/publicaciones.castello.es\/es\/producto\/abans-de-jaume-i-castello-de-la-plana-des-de-la-prehistoria-fins-al-periode-andalus\/#primaryimage"},"thumbnailUrl":"https:\/\/publicaciones.castello.es\/wp-content\/uploads\/2025\/08\/abans-de-jaume.jpg","datePublished":"2025-08-08T11:58:03+00:00","dateModified":"2025-10-10T14:22:16+00:00","breadcrumb":{"@id":"https:\/\/publicaciones.castello.es\/es\/producto\/abans-de-jaume-i-castello-de-la-plana-des-de-la-prehistoria-fins-al-periode-andalus\/#breadcrumb"},"inLanguage":"es","potentialAction":[{"@type":"ReadAction","target":["https:\/\/publicaciones.castello.es\/es\/producto\/abans-de-jaume-i-castello-de-la-plana-des-de-la-prehistoria-fins-al-periode-andalus\/"]}]},{"@type":"ImageObject","inLanguage":"es","@id":"https:\/\/publicaciones.castello.es\/es\/producto\/abans-de-jaume-i-castello-de-la-plana-des-de-la-prehistoria-fins-al-periode-andalus\/#primaryimage","url":"https:\/\/publicaciones.castello.es\/wp-content\/uploads\/2025\/08\/abans-de-jaume.jpg","contentUrl":"https:\/\/publicaciones.castello.es\/wp-content\/uploads\/2025\/08\/abans-de-jaume.jpg","width":1100,"height":1100,"caption":"Abans de Jaume I. Castell\u00f3 de la Plana des de la prehist\u00f2ria fins al per\u00edode andalus"},{"@type":"BreadcrumbList","@id":"https:\/\/publicaciones.castello.es\/es\/producto\/abans-de-jaume-i-castello-de-la-plana-des-de-la-prehistoria-fins-al-periode-andalus\/#breadcrumb","itemListElement":[{"@type":"ListItem","position":1,"name":"Home","item":"https:\/\/publicaciones.castello.es\/es\/"},{"@type":"ListItem","position":2,"name":"Tienda","item":"https:\/\/publicaciones.castello.es\/es\/tienda\/"},{"@type":"ListItem","position":3,"name":"Abans de Jaume I. Castell\u00f3 de la Plana des de la prehist\u00f2ria fins al per\u00edode andalus"}]},{"@type":"WebSite","@id":"https:\/\/publicaciones.castello.es\/#website","url":"https:\/\/publicaciones.castello.es\/","name":"Llibrer\u00eda Municipal Ajuntament de Castell\u00f3","description":"","publisher":{"@id":"https:\/\/publicaciones.castello.es\/#organization"},"potentialAction":[{"@type":"SearchAction","target":{"@type":"EntryPoint","urlTemplate":"https:\/\/publicaciones.castello.es\/?s={search_term_string}"},"query-input":{"@type":"PropertyValueSpecification","valueRequired":true,"valueName":"search_term_string"}}],"inLanguage":"es"},{"@type":"Organization","@id":"https:\/\/publicaciones.castello.es\/#organization","name":"Llibrer\u00eda Municipal Ajuntament de Castell\u00f3","url":"https:\/\/publicaciones.castello.es\/","logo":{"@type":"ImageObject","inLanguage":"es","@id":"https:\/\/publicaciones.castello.es\/#\/schema\/logo\/image\/","url":"https:\/\/publicaciones.castello.es\/wp-content\/uploads\/2025\/06\/logo-libreria.png","contentUrl":"https:\/\/publicaciones.castello.es\/wp-content\/uploads\/2025\/06\/logo-libreria.png","width":274,"height":113,"caption":"Llibrer\u00eda Municipal Ajuntament de Castell\u00f3"},"image":{"@id":"https:\/\/publicaciones.castello.es\/#\/schema\/logo\/image\/"}}]}},"_links":{"self":[{"href":"https:\/\/publicaciones.castello.es\/es\/wp-json\/wp\/v2\/product\/1185","targetHints":{"allow":["GET"]}}],"collection":[{"href":"https:\/\/publicaciones.castello.es\/es\/wp-json\/wp\/v2\/product"}],"about":[{"href":"https:\/\/publicaciones.castello.es\/es\/wp-json\/wp\/v2\/types\/product"}],"replies":[{"embeddable":true,"href":"https:\/\/publicaciones.castello.es\/es\/wp-json\/wp\/v2\/comments?post=1185"}],"wp:featuredmedia":[{"embeddable":true,"href":"https:\/\/publicaciones.castello.es\/es\/wp-json\/wp\/v2\/media\/1187"}],"wp:attachment":[{"href":"https:\/\/publicaciones.castello.es\/es\/wp-json\/wp\/v2\/media?parent=1185"}],"wp:term":[{"taxonomy":"product_brand","embeddable":true,"href":"https:\/\/publicaciones.castello.es\/es\/wp-json\/wp\/v2\/product_brand?post=1185"},{"taxonomy":"product_cat","embeddable":true,"href":"https:\/\/publicaciones.castello.es\/es\/wp-json\/wp\/v2\/product_cat?post=1185"},{"taxonomy":"product_tag","embeddable":true,"href":"https:\/\/publicaciones.castello.es\/es\/wp-json\/wp\/v2\/product_tag?post=1185"}],"curies":[{"name":"wp","href":"https:\/\/api.w.org\/{rel}","templated":true}]}}