{"id":1430,"date":"2025-08-11T14:39:04","date_gmt":"2025-08-11T12:39:04","guid":{"rendered":"https:\/\/publicaciones.castello.es\/?post_type=product&#038;p=1430"},"modified":"2026-01-02T13:14:22","modified_gmt":"2026-01-02T12:14:22","slug":"el-castell-vell-de-castello-de-la-plana-recuperant-el-patrimoni-reconstruint-la-historia","status":"publish","type":"product","link":"https:\/\/publicaciones.castello.es\/es\/producto\/el-castell-vell-de-castello-de-la-plana-recuperant-el-patrimoni-reconstruint-la-historia\/","title":{"rendered":"El Castell Vell de Castell\u00f3 de la Plana: recuperant el patrimoni, reconstruint la hist\u00f2ria"},"content":{"rendered":"","protected":false},"excerpt":{"rendered":"<p><strong>T\u00edtulo:<\/strong> El Castell Vell de Castell\u00f3 de la Plana: recuperant el patrimoni, reconstruint la hist\u00f2ria<br \/>\n<strong>Autor:<\/strong> VV.AA.<br \/>\n<strong>Editorial:<\/strong> Ajuntament de Castell\u00f3<br \/>\n<strong>Colecci\u00f3n:<\/strong> MUCC (Museu de la Ciutat Castell\u00f3)<br \/>\n<strong>Idioma libro:<\/strong>\u00a0Valenciano<br \/>\n<strong>Sinopsis:<\/strong> Este libro recoge la pr\u00e1ctica totalidad de las comunicaciones presentadas con motivo de la exposici\u00f3n \u201cEl Castell de Castell\u00f3: recuperant el patrimoni, reconstruint la hist\u00f2ria\u201d celebrada en el Museo de Bellas Artes de Castell\u00f3 y que pretenden dar a conocer el monumento y sus implicaciones en la historia de la ciudad. A estas aportaciones hay que sumar los textos de Andr\u00e9 Bazzana y Pierre Guichard, pioneros en la aplicaci\u00f3n de metodolog\u00eda arqueol\u00f3gica de vanguardia en el Casttell Vell. Por otra parte, algunos de los trabajos expuestos son resultado de las intervenciones que se han llevado a cabo con la ejecuci\u00f3n del Plan Director, una actuaci\u00f3n integral encaminada a recuperar los diferentes recintos amurallados del castillo.<\/p>\n","protected":false},"featured_media":1432,"comment_status":"open","ping_status":"closed","template":"","meta":{"site-sidebar-layout":"default","site-content-layout":"","ast-site-content-layout":"default","site-content-style":"default","site-sidebar-style":"default","ast-global-header-display":"","ast-banner-title-visibility":"","ast-main-header-display":"","ast-hfb-above-header-display":"","ast-hfb-below-header-display":"","ast-hfb-mobile-header-display":"","site-post-title":"","ast-breadcrumbs-content":"","ast-featured-img":"","footer-sml-layout":"","theme-transparent-header-meta":"default","adv-header-id-meta":"","stick-header-meta":"","header-above-stick-meta":"","header-main-stick-meta":"","header-below-stick-meta":"","astra-migrate-meta-layouts":"set","ast-page-background-enabled":"default","ast-page-background-meta":{"desktop":{"background-color":"var(--ast-global-color-4)","background-image":"","background-repeat":"repeat","background-position":"center center","background-size":"auto","background-attachment":"scroll","background-type":"","background-media":"","overlay-type":"","overlay-color":"","overlay-opacity":"","overlay-gradient":""},"tablet":{"background-color":"","background-image":"","background-repeat":"repeat","background-position":"center center","background-size":"auto","background-attachment":"scroll","background-type":"","background-media":"","overlay-type":"","overlay-color":"","overlay-opacity":"","overlay-gradient":""},"mobile":{"background-color":"","background-image":"","background-repeat":"repeat","background-position":"center center","background-size":"auto","background-attachment":"scroll","background-type":"","background-media":"","overlay-type":"","overlay-color":"","overlay-opacity":"","overlay-gradient":""}},"ast-content-background-meta":{"desktop":{"background-color":"var(--ast-global-color-5)","background-image":"","background-repeat":"repeat","background-position":"center center","background-size":"auto","background-attachment":"scroll","background-type":"","background-media":"","overlay-type":"","overlay-color":"","overlay-opacity":"","overlay-gradient":""},"tablet":{"background-color":"var(--ast-global-color-5)","background-image":"","background-repeat":"repeat","background-position":"center center","background-size":"auto","background-attachment":"scroll","background-type":"","background-media":"","overlay-type":"","overlay-color":"","overlay-opacity":"","overlay-gradient":""},"mobile":{"background-color":"var(--ast-global-color-5)","background-image":"","background-repeat":"repeat","background-position":"center center","background-size":"auto","background-attachment":"scroll","background-type":"","background-media":"","overlay-type":"","overlay-color":"","overlay-opacity":"","overlay-gradient":""}}},"product_brand":[],"product_cat":[110,27,3435],"product_tag":[],"class_list":{"0":"post-1430","1":"product","2":"type-product","3":"status-publish","4":"has-post-thumbnail","6":"product_cat-mucc-museu-de-la-ciutat-castello","7":"product_cat-papel","8":"product_cat-valenciano","9":"desktop-align-left","10":"tablet-align-left","11":"mobile-align-left","12":"ast-product-gallery-layout-horizontal-slider","13":"ast-product-gallery-with-no-image","14":"ast-product-tabs-layout-horizontal","16":"first","17":"instock","18":"taxable","19":"shipping-taxable","20":"purchasable","21":"product-type-simple"},"yoast_head":"<!-- This site is optimized with the Yoast SEO plugin v26.1.1 - https:\/\/yoast.com\/wordpress\/plugins\/seo\/ -->\n<title>El Castell Vell de Castell\u00f3 de la Plana: recuperant el patrimoni, reconstruint la hist\u00f2ria - Venta de Publicaciones del Ayto. Castell\u00f3n<\/title>\n<meta name=\"robots\" content=\"index, follow, max-snippet:-1, max-image-preview:large, max-video-preview:-1\" \/>\n<link rel=\"canonical\" href=\"https:\/\/publicaciones.castello.es\/es\/producto\/el-castell-vell-de-castello-de-la-plana-recuperant-el-patrimoni-reconstruint-la-historia\/\" \/>\n<meta property=\"og:locale\" content=\"es_ES\" \/>\n<meta property=\"og:type\" content=\"article\" \/>\n<meta property=\"og:title\" content=\"El Castell Vell de Castell\u00f3 de la Plana: recuperant el patrimoni, reconstruint la hist\u00f2ria - Venta de Publicaciones del Ayto. Castell\u00f3n\" \/>\n<meta property=\"og:description\" content=\"T\u00edtulo: El Castell Vell de Castell\u00f3 de la Plana: recuperant el patrimoni, reconstruint la hist\u00f2ria Autor: VV.AA. Editorial: Ajuntament de Castell\u00f3 Colecci\u00f3n: MUCC (Museu de la Ciutat Castell\u00f3) Idioma libro:\u00a0Valenciano Sinopsis: Este libro recoge la pr\u00e1ctica totalidad de las comunicaciones presentadas con motivo de la exposici\u00f3n \u201cEl Castell de Castell\u00f3: recuperant el patrimoni, reconstruint la hist\u00f2ria\u201d celebrada en el Museo de Bellas Artes de Castell\u00f3 y que pretenden dar a conocer el monumento y sus implicaciones en la historia de la ciudad. A estas aportaciones hay que sumar los textos de Andr\u00e9 Bazzana y Pierre Guichard, pioneros en la aplicaci\u00f3n de metodolog\u00eda arqueol\u00f3gica de vanguardia en el Casttell Vell. Por otra parte, algunos de los trabajos expuestos son resultado de las intervenciones que se han llevado a cabo con la ejecuci\u00f3n del Plan Director, una actuaci\u00f3n integral encaminada a recuperar los diferentes recintos amurallados del castillo.\" \/>\n<meta property=\"og:url\" content=\"https:\/\/publicaciones.castello.es\/es\/producto\/el-castell-vell-de-castello-de-la-plana-recuperant-el-patrimoni-reconstruint-la-historia\/\" \/>\n<meta property=\"og:site_name\" content=\"Venta de Publicaciones del Ayto. Castell\u00f3n\" \/>\n<meta property=\"article:modified_time\" content=\"2026-01-02T12:14:22+00:00\" \/>\n<meta property=\"og:image\" content=\"https:\/\/publicaciones.castello.es\/wp-content\/uploads\/2025\/08\/el-castell-vell.jpg\" \/>\n\t<meta property=\"og:image:width\" content=\"1100\" \/>\n\t<meta property=\"og:image:height\" content=\"1100\" \/>\n\t<meta property=\"og:image:type\" content=\"image\/jpeg\" \/>\n<meta name=\"twitter:card\" content=\"summary_large_image\" \/>\n<script type=\"application\/ld+json\" class=\"yoast-schema-graph\">{\"@context\":\"https:\/\/schema.org\",\"@graph\":[{\"@type\":\"WebPage\",\"@id\":\"https:\/\/publicaciones.castello.es\/es\/producto\/el-castell-vell-de-castello-de-la-plana-recuperant-el-patrimoni-reconstruint-la-historia\/\",\"url\":\"https:\/\/publicaciones.castello.es\/es\/producto\/el-castell-vell-de-castello-de-la-plana-recuperant-el-patrimoni-reconstruint-la-historia\/\",\"name\":\"El Castell Vell de Castell\u00f3 de la Plana: recuperant el patrimoni, reconstruint la hist\u00f2ria - Venta de Publicaciones del Ayto. Castell\u00f3n\",\"isPartOf\":{\"@id\":\"https:\/\/publicaciones.castello.es\/#website\"},\"primaryImageOfPage\":{\"@id\":\"https:\/\/publicaciones.castello.es\/es\/producto\/el-castell-vell-de-castello-de-la-plana-recuperant-el-patrimoni-reconstruint-la-historia\/#primaryimage\"},\"image\":{\"@id\":\"https:\/\/publicaciones.castello.es\/es\/producto\/el-castell-vell-de-castello-de-la-plana-recuperant-el-patrimoni-reconstruint-la-historia\/#primaryimage\"},\"thumbnailUrl\":\"https:\/\/publicaciones.castello.es\/wp-content\/uploads\/2025\/08\/el-castell-vell.jpg\",\"datePublished\":\"2025-08-11T12:39:04+00:00\",\"dateModified\":\"2026-01-02T12:14:22+00:00\",\"breadcrumb\":{\"@id\":\"https:\/\/publicaciones.castello.es\/es\/producto\/el-castell-vell-de-castello-de-la-plana-recuperant-el-patrimoni-reconstruint-la-historia\/#breadcrumb\"},\"inLanguage\":\"es\",\"potentialAction\":[{\"@type\":\"ReadAction\",\"target\":[\"https:\/\/publicaciones.castello.es\/es\/producto\/el-castell-vell-de-castello-de-la-plana-recuperant-el-patrimoni-reconstruint-la-historia\/\"]}]},{\"@type\":\"ImageObject\",\"inLanguage\":\"es\",\"@id\":\"https:\/\/publicaciones.castello.es\/es\/producto\/el-castell-vell-de-castello-de-la-plana-recuperant-el-patrimoni-reconstruint-la-historia\/#primaryimage\",\"url\":\"https:\/\/publicaciones.castello.es\/wp-content\/uploads\/2025\/08\/el-castell-vell.jpg\",\"contentUrl\":\"https:\/\/publicaciones.castello.es\/wp-content\/uploads\/2025\/08\/el-castell-vell.jpg\",\"width\":1100,\"height\":1100,\"caption\":\"El Castell Vell de Castell\u00f3 de la Plana: recuperant el patrimoni, reconstruint la hist\u00f2ria\"},{\"@type\":\"BreadcrumbList\",\"@id\":\"https:\/\/publicaciones.castello.es\/es\/producto\/el-castell-vell-de-castello-de-la-plana-recuperant-el-patrimoni-reconstruint-la-historia\/#breadcrumb\",\"itemListElement\":[{\"@type\":\"ListItem\",\"position\":1,\"name\":\"Home\",\"item\":\"https:\/\/publicaciones.castello.es\/es\/\"},{\"@type\":\"ListItem\",\"position\":2,\"name\":\"Tienda\",\"item\":\"https:\/\/publicaciones.castello.es\/es\/tienda\/\"},{\"@type\":\"ListItem\",\"position\":3,\"name\":\"El Castell Vell de Castell\u00f3 de la Plana: recuperant el patrimoni, reconstruint la hist\u00f2ria\"}]},{\"@type\":\"WebSite\",\"@id\":\"https:\/\/publicaciones.castello.es\/#website\",\"url\":\"https:\/\/publicaciones.castello.es\/\",\"name\":\"Llibrer\u00eda Municipal Ajuntament de Castell\u00f3\",\"description\":\"\",\"publisher\":{\"@id\":\"https:\/\/publicaciones.castello.es\/#organization\"},\"potentialAction\":[{\"@type\":\"SearchAction\",\"target\":{\"@type\":\"EntryPoint\",\"urlTemplate\":\"https:\/\/publicaciones.castello.es\/?s={search_term_string}\"},\"query-input\":{\"@type\":\"PropertyValueSpecification\",\"valueRequired\":true,\"valueName\":\"search_term_string\"}}],\"inLanguage\":\"es\"},{\"@type\":\"Organization\",\"@id\":\"https:\/\/publicaciones.castello.es\/#organization\",\"name\":\"Llibrer\u00eda Municipal Ajuntament de Castell\u00f3\",\"url\":\"https:\/\/publicaciones.castello.es\/\",\"logo\":{\"@type\":\"ImageObject\",\"inLanguage\":\"es\",\"@id\":\"https:\/\/publicaciones.castello.es\/#\/schema\/logo\/image\/\",\"url\":\"https:\/\/publicaciones.castello.es\/wp-content\/uploads\/2025\/06\/logo-libreria.png\",\"contentUrl\":\"https:\/\/publicaciones.castello.es\/wp-content\/uploads\/2025\/06\/logo-libreria.png\",\"width\":274,\"height\":113,\"caption\":\"Llibrer\u00eda Municipal Ajuntament de Castell\u00f3\"},\"image\":{\"@id\":\"https:\/\/publicaciones.castello.es\/#\/schema\/logo\/image\/\"}}]}<\/script>\n<!-- \/ Yoast SEO plugin. -->","yoast_head_json":{"title":"El Castell Vell de Castell\u00f3 de la Plana: recuperant el patrimoni, reconstruint la hist\u00f2ria - Venta de Publicaciones del Ayto. Castell\u00f3n","robots":{"index":"index","follow":"follow","max-snippet":"max-snippet:-1","max-image-preview":"max-image-preview:large","max-video-preview":"max-video-preview:-1"},"canonical":"https:\/\/publicaciones.castello.es\/es\/producto\/el-castell-vell-de-castello-de-la-plana-recuperant-el-patrimoni-reconstruint-la-historia\/","og_locale":"es_ES","og_type":"article","og_title":"El Castell Vell de Castell\u00f3 de la Plana: recuperant el patrimoni, reconstruint la hist\u00f2ria - Venta de Publicaciones del Ayto. Castell\u00f3n","og_description":"T\u00edtulo: El Castell Vell de Castell\u00f3 de la Plana: recuperant el patrimoni, reconstruint la hist\u00f2ria Autor: VV.AA. Editorial: Ajuntament de Castell\u00f3 Colecci\u00f3n: MUCC (Museu de la Ciutat Castell\u00f3) Idioma libro:\u00a0Valenciano Sinopsis: Este libro recoge la pr\u00e1ctica totalidad de las comunicaciones presentadas con motivo de la exposici\u00f3n \u201cEl Castell de Castell\u00f3: recuperant el patrimoni, reconstruint la hist\u00f2ria\u201d celebrada en el Museo de Bellas Artes de Castell\u00f3 y que pretenden dar a conocer el monumento y sus implicaciones en la historia de la ciudad. A estas aportaciones hay que sumar los textos de Andr\u00e9 Bazzana y Pierre Guichard, pioneros en la aplicaci\u00f3n de metodolog\u00eda arqueol\u00f3gica de vanguardia en el Casttell Vell. Por otra parte, algunos de los trabajos expuestos son resultado de las intervenciones que se han llevado a cabo con la ejecuci\u00f3n del Plan Director, una actuaci\u00f3n integral encaminada a recuperar los diferentes recintos amurallados del castillo.","og_url":"https:\/\/publicaciones.castello.es\/es\/producto\/el-castell-vell-de-castello-de-la-plana-recuperant-el-patrimoni-reconstruint-la-historia\/","og_site_name":"Venta de Publicaciones del Ayto. Castell\u00f3n","article_modified_time":"2026-01-02T12:14:22+00:00","og_image":[{"width":1100,"height":1100,"url":"https:\/\/publicaciones.castello.es\/wp-content\/uploads\/2025\/08\/el-castell-vell.jpg","type":"image\/jpeg"}],"twitter_card":"summary_large_image","schema":{"@context":"https:\/\/schema.org","@graph":[{"@type":"WebPage","@id":"https:\/\/publicaciones.castello.es\/es\/producto\/el-castell-vell-de-castello-de-la-plana-recuperant-el-patrimoni-reconstruint-la-historia\/","url":"https:\/\/publicaciones.castello.es\/es\/producto\/el-castell-vell-de-castello-de-la-plana-recuperant-el-patrimoni-reconstruint-la-historia\/","name":"El Castell Vell de Castell\u00f3 de la Plana: recuperant el patrimoni, reconstruint la hist\u00f2ria - Venta de Publicaciones del Ayto. Castell\u00f3n","isPartOf":{"@id":"https:\/\/publicaciones.castello.es\/#website"},"primaryImageOfPage":{"@id":"https:\/\/publicaciones.castello.es\/es\/producto\/el-castell-vell-de-castello-de-la-plana-recuperant-el-patrimoni-reconstruint-la-historia\/#primaryimage"},"image":{"@id":"https:\/\/publicaciones.castello.es\/es\/producto\/el-castell-vell-de-castello-de-la-plana-recuperant-el-patrimoni-reconstruint-la-historia\/#primaryimage"},"thumbnailUrl":"https:\/\/publicaciones.castello.es\/wp-content\/uploads\/2025\/08\/el-castell-vell.jpg","datePublished":"2025-08-11T12:39:04+00:00","dateModified":"2026-01-02T12:14:22+00:00","breadcrumb":{"@id":"https:\/\/publicaciones.castello.es\/es\/producto\/el-castell-vell-de-castello-de-la-plana-recuperant-el-patrimoni-reconstruint-la-historia\/#breadcrumb"},"inLanguage":"es","potentialAction":[{"@type":"ReadAction","target":["https:\/\/publicaciones.castello.es\/es\/producto\/el-castell-vell-de-castello-de-la-plana-recuperant-el-patrimoni-reconstruint-la-historia\/"]}]},{"@type":"ImageObject","inLanguage":"es","@id":"https:\/\/publicaciones.castello.es\/es\/producto\/el-castell-vell-de-castello-de-la-plana-recuperant-el-patrimoni-reconstruint-la-historia\/#primaryimage","url":"https:\/\/publicaciones.castello.es\/wp-content\/uploads\/2025\/08\/el-castell-vell.jpg","contentUrl":"https:\/\/publicaciones.castello.es\/wp-content\/uploads\/2025\/08\/el-castell-vell.jpg","width":1100,"height":1100,"caption":"El Castell Vell de Castell\u00f3 de la Plana: recuperant el patrimoni, reconstruint la hist\u00f2ria"},{"@type":"BreadcrumbList","@id":"https:\/\/publicaciones.castello.es\/es\/producto\/el-castell-vell-de-castello-de-la-plana-recuperant-el-patrimoni-reconstruint-la-historia\/#breadcrumb","itemListElement":[{"@type":"ListItem","position":1,"name":"Home","item":"https:\/\/publicaciones.castello.es\/es\/"},{"@type":"ListItem","position":2,"name":"Tienda","item":"https:\/\/publicaciones.castello.es\/es\/tienda\/"},{"@type":"ListItem","position":3,"name":"El Castell Vell de Castell\u00f3 de la Plana: recuperant el patrimoni, reconstruint la hist\u00f2ria"}]},{"@type":"WebSite","@id":"https:\/\/publicaciones.castello.es\/#website","url":"https:\/\/publicaciones.castello.es\/","name":"Llibrer\u00eda Municipal Ajuntament de Castell\u00f3","description":"","publisher":{"@id":"https:\/\/publicaciones.castello.es\/#organization"},"potentialAction":[{"@type":"SearchAction","target":{"@type":"EntryPoint","urlTemplate":"https:\/\/publicaciones.castello.es\/?s={search_term_string}"},"query-input":{"@type":"PropertyValueSpecification","valueRequired":true,"valueName":"search_term_string"}}],"inLanguage":"es"},{"@type":"Organization","@id":"https:\/\/publicaciones.castello.es\/#organization","name":"Llibrer\u00eda Municipal Ajuntament de Castell\u00f3","url":"https:\/\/publicaciones.castello.es\/","logo":{"@type":"ImageObject","inLanguage":"es","@id":"https:\/\/publicaciones.castello.es\/#\/schema\/logo\/image\/","url":"https:\/\/publicaciones.castello.es\/wp-content\/uploads\/2025\/06\/logo-libreria.png","contentUrl":"https:\/\/publicaciones.castello.es\/wp-content\/uploads\/2025\/06\/logo-libreria.png","width":274,"height":113,"caption":"Llibrer\u00eda Municipal Ajuntament de Castell\u00f3"},"image":{"@id":"https:\/\/publicaciones.castello.es\/#\/schema\/logo\/image\/"}}]}},"_links":{"self":[{"href":"https:\/\/publicaciones.castello.es\/es\/wp-json\/wp\/v2\/product\/1430","targetHints":{"allow":["GET"]}}],"collection":[{"href":"https:\/\/publicaciones.castello.es\/es\/wp-json\/wp\/v2\/product"}],"about":[{"href":"https:\/\/publicaciones.castello.es\/es\/wp-json\/wp\/v2\/types\/product"}],"replies":[{"embeddable":true,"href":"https:\/\/publicaciones.castello.es\/es\/wp-json\/wp\/v2\/comments?post=1430"}],"wp:featuredmedia":[{"embeddable":true,"href":"https:\/\/publicaciones.castello.es\/es\/wp-json\/wp\/v2\/media\/1432"}],"wp:attachment":[{"href":"https:\/\/publicaciones.castello.es\/es\/wp-json\/wp\/v2\/media?parent=1430"}],"wp:term":[{"taxonomy":"product_brand","embeddable":true,"href":"https:\/\/publicaciones.castello.es\/es\/wp-json\/wp\/v2\/product_brand?post=1430"},{"taxonomy":"product_cat","embeddable":true,"href":"https:\/\/publicaciones.castello.es\/es\/wp-json\/wp\/v2\/product_cat?post=1430"},{"taxonomy":"product_tag","embeddable":true,"href":"https:\/\/publicaciones.castello.es\/es\/wp-json\/wp\/v2\/product_tag?post=1430"}],"curies":[{"name":"wp","href":"https:\/\/api.w.org\/{rel}","templated":true}]}}