{"id":1440,"date":"2025-08-11T14:48:21","date_gmt":"2025-08-11T12:48:21","guid":{"rendered":"https:\/\/publicaciones.castello.es\/?post_type=product&#038;p=1440"},"modified":"2025-09-24T12:37:35","modified_gmt":"2025-09-24T10:37:35","slug":"el-club-esportiu-castello-un-equip-centenari-futbol-llengua-i-identitat","status":"publish","type":"product","link":"https:\/\/publicaciones.castello.es\/es\/producto\/el-club-esportiu-castello-un-equip-centenari-futbol-llengua-i-identitat\/","title":{"rendered":"El Club Esportiu Castell\u00f3, un equip centenari : Futbol, llengua i identitat"},"content":{"rendered":"","protected":false},"excerpt":{"rendered":"<p><strong>T\u00edtulo:<\/strong> El Club Esportiu Castell\u00f3, un equip centenari : Futbol, llengua i identitat<br \/>\n<strong>Autor:<\/strong> FERRAN ANDRES BELTRAN y JAUME GARCIA LLORENS<br \/>\n<strong>Editorial:<\/strong> Ajuntament de Castell\u00f3<br \/>\n<strong>Colecci\u00f3n:<\/strong> N-32<br \/>\n<strong>Idioma libro:<\/strong> Valenciano<br \/>\n<strong>Sinopsis:<\/strong> El objetivo de esta obra no es tratar la historia y trayectoria deportiva del equipo castellonense, sino m\u00e1s bien establecer una relaci\u00f3n identitaria entre el equipo y la sociedad castellonense, y en concreto usando la lengua valenciana como instrumento de estudio.<\/p>\n","protected":false},"featured_media":1446,"comment_status":"open","ping_status":"closed","template":"","meta":{"site-sidebar-layout":"default","site-content-layout":"","ast-site-content-layout":"default","site-content-style":"default","site-sidebar-style":"default","ast-global-header-display":"","ast-banner-title-visibility":"","ast-main-header-display":"","ast-hfb-above-header-display":"","ast-hfb-below-header-display":"","ast-hfb-mobile-header-display":"","site-post-title":"","ast-breadcrumbs-content":"","ast-featured-img":"","footer-sml-layout":"","theme-transparent-header-meta":"default","adv-header-id-meta":"","stick-header-meta":"","header-above-stick-meta":"","header-main-stick-meta":"","header-below-stick-meta":"","astra-migrate-meta-layouts":"set","ast-page-background-enabled":"default","ast-page-background-meta":{"desktop":{"background-color":"var(--ast-global-color-4)","background-image":"","background-repeat":"repeat","background-position":"center center","background-size":"auto","background-attachment":"scroll","background-type":"","background-media":"","overlay-type":"","overlay-color":"","overlay-opacity":"","overlay-gradient":""},"tablet":{"background-color":"","background-image":"","background-repeat":"repeat","background-position":"center center","background-size":"auto","background-attachment":"scroll","background-type":"","background-media":"","overlay-type":"","overlay-color":"","overlay-opacity":"","overlay-gradient":""},"mobile":{"background-color":"","background-image":"","background-repeat":"repeat","background-position":"center center","background-size":"auto","background-attachment":"scroll","background-type":"","background-media":"","overlay-type":"","overlay-color":"","overlay-opacity":"","overlay-gradient":""}},"ast-content-background-meta":{"desktop":{"background-color":"var(--ast-global-color-5)","background-image":"","background-repeat":"repeat","background-position":"center center","background-size":"auto","background-attachment":"scroll","background-type":"","background-media":"","overlay-type":"","overlay-color":"","overlay-opacity":"","overlay-gradient":""},"tablet":{"background-color":"var(--ast-global-color-5)","background-image":"","background-repeat":"repeat","background-position":"center center","background-size":"auto","background-attachment":"scroll","background-type":"","background-media":"","overlay-type":"","overlay-color":"","overlay-opacity":"","overlay-gradient":""},"mobile":{"background-color":"var(--ast-global-color-5)","background-image":"","background-repeat":"repeat","background-position":"center center","background-size":"auto","background-attachment":"scroll","background-type":"","background-media":"","overlay-type":"","overlay-color":"","overlay-opacity":"","overlay-gradient":""}}},"product_brand":[],"product_cat":[28,96,27,3435],"product_tag":[],"class_list":{"0":"post-1440","1":"product","2":"type-product","3":"status-publish","4":"has-post-thumbnail","6":"product_cat-digital","7":"product_cat-n-32","8":"product_cat-papel","9":"product_cat-valenciano","10":"desktop-align-left","11":"tablet-align-left","12":"mobile-align-left","13":"ast-product-gallery-layout-horizontal-slider","14":"ast-product-gallery-with-no-image","15":"ast-product-single-variable","16":"ast-product-tabs-layout-horizontal","18":"first","19":"instock","20":"taxable","21":"shipping-taxable","22":"purchasable","23":"product-type-variable"},"yoast_head":"<!-- This site is optimized with the Yoast SEO plugin v26.1.1 - https:\/\/yoast.com\/wordpress\/plugins\/seo\/ -->\n<title>El Club Esportiu Castell\u00f3, un equip centenari : Futbol, llengua i identitat - Venta de Publicaciones del Ayto. Castell\u00f3n<\/title>\n<meta name=\"robots\" content=\"index, follow, max-snippet:-1, max-image-preview:large, max-video-preview:-1\" \/>\n<link rel=\"canonical\" href=\"https:\/\/publicaciones.castello.es\/es\/producto\/el-club-esportiu-castello-un-equip-centenari-futbol-llengua-i-identitat\/\" \/>\n<meta property=\"og:locale\" content=\"es_ES\" \/>\n<meta property=\"og:type\" content=\"article\" \/>\n<meta property=\"og:title\" content=\"El Club Esportiu Castell\u00f3, un equip centenari : Futbol, llengua i identitat - Venta de Publicaciones del Ayto. Castell\u00f3n\" \/>\n<meta property=\"og:description\" content=\"T\u00edtulo: El Club Esportiu Castell\u00f3, un equip centenari : Futbol, llengua i identitat Autor: FERRAN ANDRES BELTRAN y JAUME GARCIA LLORENS Editorial: Ajuntament de Castell\u00f3 Colecci\u00f3n: N-32 Idioma libro: Valenciano Sinopsis: El objetivo de esta obra no es tratar la historia y trayectoria deportiva del equipo castellonense, sino m\u00e1s bien establecer una relaci\u00f3n identitaria entre el equipo y la sociedad castellonense, y en concreto usando la lengua valenciana como instrumento de estudio.\" \/>\n<meta property=\"og:url\" content=\"https:\/\/publicaciones.castello.es\/es\/producto\/el-club-esportiu-castello-un-equip-centenari-futbol-llengua-i-identitat\/\" \/>\n<meta property=\"og:site_name\" content=\"Venta de Publicaciones del Ayto. Castell\u00f3n\" \/>\n<meta property=\"article:modified_time\" content=\"2025-09-24T10:37:35+00:00\" \/>\n<meta property=\"og:image\" content=\"https:\/\/publicaciones.castello.es\/wp-content\/uploads\/2025\/08\/el-club-esportiu-castello.jpg\" \/>\n\t<meta property=\"og:image:width\" content=\"1100\" \/>\n\t<meta property=\"og:image:height\" content=\"1100\" \/>\n\t<meta property=\"og:image:type\" content=\"image\/jpeg\" \/>\n<meta name=\"twitter:card\" content=\"summary_large_image\" \/>\n<script type=\"application\/ld+json\" class=\"yoast-schema-graph\">{\"@context\":\"https:\/\/schema.org\",\"@graph\":[{\"@type\":\"WebPage\",\"@id\":\"https:\/\/publicaciones.castello.es\/es\/producto\/el-club-esportiu-castello-un-equip-centenari-futbol-llengua-i-identitat\/\",\"url\":\"https:\/\/publicaciones.castello.es\/es\/producto\/el-club-esportiu-castello-un-equip-centenari-futbol-llengua-i-identitat\/\",\"name\":\"El Club Esportiu Castell\u00f3, un equip centenari : Futbol, llengua i identitat - Venta de Publicaciones del Ayto. Castell\u00f3n\",\"isPartOf\":{\"@id\":\"https:\/\/publicaciones.castello.es\/#website\"},\"primaryImageOfPage\":{\"@id\":\"https:\/\/publicaciones.castello.es\/es\/producto\/el-club-esportiu-castello-un-equip-centenari-futbol-llengua-i-identitat\/#primaryimage\"},\"image\":{\"@id\":\"https:\/\/publicaciones.castello.es\/es\/producto\/el-club-esportiu-castello-un-equip-centenari-futbol-llengua-i-identitat\/#primaryimage\"},\"thumbnailUrl\":\"https:\/\/publicaciones.castello.es\/wp-content\/uploads\/2025\/08\/el-club-esportiu-castello.jpg\",\"datePublished\":\"2025-08-11T12:48:21+00:00\",\"dateModified\":\"2025-09-24T10:37:35+00:00\",\"breadcrumb\":{\"@id\":\"https:\/\/publicaciones.castello.es\/es\/producto\/el-club-esportiu-castello-un-equip-centenari-futbol-llengua-i-identitat\/#breadcrumb\"},\"inLanguage\":\"es\",\"potentialAction\":[{\"@type\":\"ReadAction\",\"target\":[\"https:\/\/publicaciones.castello.es\/es\/producto\/el-club-esportiu-castello-un-equip-centenari-futbol-llengua-i-identitat\/\"]}]},{\"@type\":\"ImageObject\",\"inLanguage\":\"es\",\"@id\":\"https:\/\/publicaciones.castello.es\/es\/producto\/el-club-esportiu-castello-un-equip-centenari-futbol-llengua-i-identitat\/#primaryimage\",\"url\":\"https:\/\/publicaciones.castello.es\/wp-content\/uploads\/2025\/08\/el-club-esportiu-castello.jpg\",\"contentUrl\":\"https:\/\/publicaciones.castello.es\/wp-content\/uploads\/2025\/08\/el-club-esportiu-castello.jpg\",\"width\":1100,\"height\":1100,\"caption\":\"El Club Esportiu Castell\u00f3, un equip centenari : Futbol, llengua i identitat\"},{\"@type\":\"BreadcrumbList\",\"@id\":\"https:\/\/publicaciones.castello.es\/es\/producto\/el-club-esportiu-castello-un-equip-centenari-futbol-llengua-i-identitat\/#breadcrumb\",\"itemListElement\":[{\"@type\":\"ListItem\",\"position\":1,\"name\":\"Home\",\"item\":\"https:\/\/publicaciones.castello.es\/es\/\"},{\"@type\":\"ListItem\",\"position\":2,\"name\":\"Tienda\",\"item\":\"https:\/\/publicaciones.castello.es\/es\/tienda\/\"},{\"@type\":\"ListItem\",\"position\":3,\"name\":\"El Club Esportiu Castell\u00f3, un equip centenari : Futbol, llengua i identitat\"}]},{\"@type\":\"WebSite\",\"@id\":\"https:\/\/publicaciones.castello.es\/#website\",\"url\":\"https:\/\/publicaciones.castello.es\/\",\"name\":\"Llibrer\u00eda Municipal Ajuntament de Castell\u00f3\",\"description\":\"\",\"publisher\":{\"@id\":\"https:\/\/publicaciones.castello.es\/#organization\"},\"potentialAction\":[{\"@type\":\"SearchAction\",\"target\":{\"@type\":\"EntryPoint\",\"urlTemplate\":\"https:\/\/publicaciones.castello.es\/?s={search_term_string}\"},\"query-input\":{\"@type\":\"PropertyValueSpecification\",\"valueRequired\":true,\"valueName\":\"search_term_string\"}}],\"inLanguage\":\"es\"},{\"@type\":\"Organization\",\"@id\":\"https:\/\/publicaciones.castello.es\/#organization\",\"name\":\"Llibrer\u00eda Municipal Ajuntament de Castell\u00f3\",\"url\":\"https:\/\/publicaciones.castello.es\/\",\"logo\":{\"@type\":\"ImageObject\",\"inLanguage\":\"es\",\"@id\":\"https:\/\/publicaciones.castello.es\/#\/schema\/logo\/image\/\",\"url\":\"https:\/\/publicaciones.castello.es\/wp-content\/uploads\/2025\/06\/logo-libreria.png\",\"contentUrl\":\"https:\/\/publicaciones.castello.es\/wp-content\/uploads\/2025\/06\/logo-libreria.png\",\"width\":274,\"height\":113,\"caption\":\"Llibrer\u00eda Municipal Ajuntament de Castell\u00f3\"},\"image\":{\"@id\":\"https:\/\/publicaciones.castello.es\/#\/schema\/logo\/image\/\"}}]}<\/script>\n<!-- \/ Yoast SEO plugin. -->","yoast_head_json":{"title":"El Club Esportiu Castell\u00f3, un equip centenari : Futbol, llengua i identitat - Venta de Publicaciones del Ayto. Castell\u00f3n","robots":{"index":"index","follow":"follow","max-snippet":"max-snippet:-1","max-image-preview":"max-image-preview:large","max-video-preview":"max-video-preview:-1"},"canonical":"https:\/\/publicaciones.castello.es\/es\/producto\/el-club-esportiu-castello-un-equip-centenari-futbol-llengua-i-identitat\/","og_locale":"es_ES","og_type":"article","og_title":"El Club Esportiu Castell\u00f3, un equip centenari : Futbol, llengua i identitat - Venta de Publicaciones del Ayto. Castell\u00f3n","og_description":"T\u00edtulo: El Club Esportiu Castell\u00f3, un equip centenari : Futbol, llengua i identitat Autor: FERRAN ANDRES BELTRAN y JAUME GARCIA LLORENS Editorial: Ajuntament de Castell\u00f3 Colecci\u00f3n: N-32 Idioma libro: Valenciano Sinopsis: El objetivo de esta obra no es tratar la historia y trayectoria deportiva del equipo castellonense, sino m\u00e1s bien establecer una relaci\u00f3n identitaria entre el equipo y la sociedad castellonense, y en concreto usando la lengua valenciana como instrumento de estudio.","og_url":"https:\/\/publicaciones.castello.es\/es\/producto\/el-club-esportiu-castello-un-equip-centenari-futbol-llengua-i-identitat\/","og_site_name":"Venta de Publicaciones del Ayto. Castell\u00f3n","article_modified_time":"2025-09-24T10:37:35+00:00","og_image":[{"width":1100,"height":1100,"url":"https:\/\/publicaciones.castello.es\/wp-content\/uploads\/2025\/08\/el-club-esportiu-castello.jpg","type":"image\/jpeg"}],"twitter_card":"summary_large_image","schema":{"@context":"https:\/\/schema.org","@graph":[{"@type":"WebPage","@id":"https:\/\/publicaciones.castello.es\/es\/producto\/el-club-esportiu-castello-un-equip-centenari-futbol-llengua-i-identitat\/","url":"https:\/\/publicaciones.castello.es\/es\/producto\/el-club-esportiu-castello-un-equip-centenari-futbol-llengua-i-identitat\/","name":"El Club Esportiu Castell\u00f3, un equip centenari : Futbol, llengua i identitat - Venta de Publicaciones del Ayto. Castell\u00f3n","isPartOf":{"@id":"https:\/\/publicaciones.castello.es\/#website"},"primaryImageOfPage":{"@id":"https:\/\/publicaciones.castello.es\/es\/producto\/el-club-esportiu-castello-un-equip-centenari-futbol-llengua-i-identitat\/#primaryimage"},"image":{"@id":"https:\/\/publicaciones.castello.es\/es\/producto\/el-club-esportiu-castello-un-equip-centenari-futbol-llengua-i-identitat\/#primaryimage"},"thumbnailUrl":"https:\/\/publicaciones.castello.es\/wp-content\/uploads\/2025\/08\/el-club-esportiu-castello.jpg","datePublished":"2025-08-11T12:48:21+00:00","dateModified":"2025-09-24T10:37:35+00:00","breadcrumb":{"@id":"https:\/\/publicaciones.castello.es\/es\/producto\/el-club-esportiu-castello-un-equip-centenari-futbol-llengua-i-identitat\/#breadcrumb"},"inLanguage":"es","potentialAction":[{"@type":"ReadAction","target":["https:\/\/publicaciones.castello.es\/es\/producto\/el-club-esportiu-castello-un-equip-centenari-futbol-llengua-i-identitat\/"]}]},{"@type":"ImageObject","inLanguage":"es","@id":"https:\/\/publicaciones.castello.es\/es\/producto\/el-club-esportiu-castello-un-equip-centenari-futbol-llengua-i-identitat\/#primaryimage","url":"https:\/\/publicaciones.castello.es\/wp-content\/uploads\/2025\/08\/el-club-esportiu-castello.jpg","contentUrl":"https:\/\/publicaciones.castello.es\/wp-content\/uploads\/2025\/08\/el-club-esportiu-castello.jpg","width":1100,"height":1100,"caption":"El Club Esportiu Castell\u00f3, un equip centenari : Futbol, llengua i identitat"},{"@type":"BreadcrumbList","@id":"https:\/\/publicaciones.castello.es\/es\/producto\/el-club-esportiu-castello-un-equip-centenari-futbol-llengua-i-identitat\/#breadcrumb","itemListElement":[{"@type":"ListItem","position":1,"name":"Home","item":"https:\/\/publicaciones.castello.es\/es\/"},{"@type":"ListItem","position":2,"name":"Tienda","item":"https:\/\/publicaciones.castello.es\/es\/tienda\/"},{"@type":"ListItem","position":3,"name":"El Club Esportiu Castell\u00f3, un equip centenari : Futbol, llengua i identitat"}]},{"@type":"WebSite","@id":"https:\/\/publicaciones.castello.es\/#website","url":"https:\/\/publicaciones.castello.es\/","name":"Llibrer\u00eda Municipal Ajuntament de Castell\u00f3","description":"","publisher":{"@id":"https:\/\/publicaciones.castello.es\/#organization"},"potentialAction":[{"@type":"SearchAction","target":{"@type":"EntryPoint","urlTemplate":"https:\/\/publicaciones.castello.es\/?s={search_term_string}"},"query-input":{"@type":"PropertyValueSpecification","valueRequired":true,"valueName":"search_term_string"}}],"inLanguage":"es"},{"@type":"Organization","@id":"https:\/\/publicaciones.castello.es\/#organization","name":"Llibrer\u00eda Municipal Ajuntament de Castell\u00f3","url":"https:\/\/publicaciones.castello.es\/","logo":{"@type":"ImageObject","inLanguage":"es","@id":"https:\/\/publicaciones.castello.es\/#\/schema\/logo\/image\/","url":"https:\/\/publicaciones.castello.es\/wp-content\/uploads\/2025\/06\/logo-libreria.png","contentUrl":"https:\/\/publicaciones.castello.es\/wp-content\/uploads\/2025\/06\/logo-libreria.png","width":274,"height":113,"caption":"Llibrer\u00eda Municipal Ajuntament de Castell\u00f3"},"image":{"@id":"https:\/\/publicaciones.castello.es\/#\/schema\/logo\/image\/"}}]}},"_links":{"self":[{"href":"https:\/\/publicaciones.castello.es\/es\/wp-json\/wp\/v2\/product\/1440","targetHints":{"allow":["GET"]}}],"collection":[{"href":"https:\/\/publicaciones.castello.es\/es\/wp-json\/wp\/v2\/product"}],"about":[{"href":"https:\/\/publicaciones.castello.es\/es\/wp-json\/wp\/v2\/types\/product"}],"replies":[{"embeddable":true,"href":"https:\/\/publicaciones.castello.es\/es\/wp-json\/wp\/v2\/comments?post=1440"}],"wp:featuredmedia":[{"embeddable":true,"href":"https:\/\/publicaciones.castello.es\/es\/wp-json\/wp\/v2\/media\/1446"}],"wp:attachment":[{"href":"https:\/\/publicaciones.castello.es\/es\/wp-json\/wp\/v2\/media?parent=1440"}],"wp:term":[{"taxonomy":"product_brand","embeddable":true,"href":"https:\/\/publicaciones.castello.es\/es\/wp-json\/wp\/v2\/product_brand?post=1440"},{"taxonomy":"product_cat","embeddable":true,"href":"https:\/\/publicaciones.castello.es\/es\/wp-json\/wp\/v2\/product_cat?post=1440"},{"taxonomy":"product_tag","embeddable":true,"href":"https:\/\/publicaciones.castello.es\/es\/wp-json\/wp\/v2\/product_tag?post=1440"}],"curies":[{"name":"wp","href":"https:\/\/api.w.org\/{rel}","templated":true}]}}