{"id":1846,"date":"2025-08-13T12:48:50","date_gmt":"2025-08-13T10:48:50","guid":{"rendered":"https:\/\/publicaciones.castello.es\/?post_type=product&#038;p=1846"},"modified":"2025-09-24T11:57:21","modified_gmt":"2025-09-24T09:57:21","slug":"jornades-municipals-de-cultura-popular-a-la-ciutat-de-castello-2003-2004-ponencies-i-comunicacions","status":"publish","type":"product","link":"https:\/\/publicaciones.castello.es\/es\/producto\/jornades-municipals-de-cultura-popular-a-la-ciutat-de-castello-2003-2004-ponencies-i-comunicacions\/","title":{"rendered":"Jornades Municipals de Cultura Popular a la Ciutat de Castell\u00f3 : 2003-2004: Pon\u00e8ncies i Comunicacions"},"content":{"rendered":"","protected":false},"excerpt":{"rendered":"<p><strong>T\u00edtulo:<\/strong> Jornades Municipals de Cultura Popular a la Ciutat de Castell\u00f3 : 2003-2004: Pon\u00e8ncies i Comunicacions<br \/>\n<strong>Autor:<\/strong> JORNADES MUNICIPALS DE CULTURA POPULAR A LA CIUTAT DE CASTELL\u00d3<br \/>\n<strong>Editorial:<\/strong> Ajuntament de Castell\u00f3<br \/>\n<strong>Colecci\u00f3n:<\/strong> Etnografia i Cultura Popular<br \/>\n<strong>Idioma:<\/strong> Castellano \/ Valenciano<br \/>\n<strong>Sinopsis:<\/strong> Ponencias y comunicaciones de las Jornadas de Cultura Popular bajo la direcci\u00f3n de Henri Bouch\u00e9 Peris. Se tratan los siguientes temas: las representaciones teatrales festivas; la celebraci\u00f3n del dogma de la Inmaculada en Castell\u00f3n en 1856; m\u00fasica y fiesta; el soporte m\u00edtico de las fiestas de la Magdalena; estructura y organizaci\u00f3n de las fiestas en Castell\u00f3n; el fen\u00f3meno de las bandas en las comarcas castellonenses; el mundo de la dulzaina y sus int\u00e9rpretes; las dulzainas sin llaves; la canci\u00f3n popular en Villarreal en la primera mitad del siglo XX; La identidad y la m\u00fasica; un mapa sonoro de la tradici\u00f3n valenciana; la m\u00fasica de la\u00fad de la biblioteca Fortea; la m\u00fasica folcl\u00f3rica espa\u00f1ola; el flamenco y \u00abEl amor brujo\u00bb de Manuel de Falla; la m\u00fasica en el convento de las clarisas de Almassora; las canciones escolares de la posguerra; la influencia de la contradanza inglesa al baile de plaza de Useras.<\/p>\n","protected":false},"featured_media":1848,"comment_status":"open","ping_status":"closed","template":"","meta":{"site-sidebar-layout":"default","site-content-layout":"","ast-site-content-layout":"default","site-content-style":"default","site-sidebar-style":"default","ast-global-header-display":"","ast-banner-title-visibility":"","ast-main-header-display":"","ast-hfb-above-header-display":"","ast-hfb-below-header-display":"","ast-hfb-mobile-header-display":"","site-post-title":"","ast-breadcrumbs-content":"","ast-featured-img":"","footer-sml-layout":"","theme-transparent-header-meta":"default","adv-header-id-meta":"","stick-header-meta":"","header-above-stick-meta":"","header-main-stick-meta":"","header-below-stick-meta":"","astra-migrate-meta-layouts":"set","ast-page-background-enabled":"default","ast-page-background-meta":{"desktop":{"background-color":"var(--ast-global-color-4)","background-image":"","background-repeat":"repeat","background-position":"center center","background-size":"auto","background-attachment":"scroll","background-type":"","background-media":"","overlay-type":"","overlay-color":"","overlay-opacity":"","overlay-gradient":""},"tablet":{"background-color":"","background-image":"","background-repeat":"repeat","background-position":"center center","background-size":"auto","background-attachment":"scroll","background-type":"","background-media":"","overlay-type":"","overlay-color":"","overlay-opacity":"","overlay-gradient":""},"mobile":{"background-color":"","background-image":"","background-repeat":"repeat","background-position":"center center","background-size":"auto","background-attachment":"scroll","background-type":"","background-media":"","overlay-type":"","overlay-color":"","overlay-opacity":"","overlay-gradient":""}},"ast-content-background-meta":{"desktop":{"background-color":"var(--ast-global-color-5)","background-image":"","background-repeat":"repeat","background-position":"center center","background-size":"auto","background-attachment":"scroll","background-type":"","background-media":"","overlay-type":"","overlay-color":"","overlay-opacity":"","overlay-gradient":""},"tablet":{"background-color":"var(--ast-global-color-5)","background-image":"","background-repeat":"repeat","background-position":"center center","background-size":"auto","background-attachment":"scroll","background-type":"","background-media":"","overlay-type":"","overlay-color":"","overlay-opacity":"","overlay-gradient":""},"mobile":{"background-color":"var(--ast-global-color-5)","background-image":"","background-repeat":"repeat","background-position":"center center","background-size":"auto","background-attachment":"scroll","background-type":"","background-media":"","overlay-type":"","overlay-color":"","overlay-opacity":"","overlay-gradient":""}}},"product_brand":[],"product_cat":[3434,78,27,3435],"product_tag":[],"class_list":{"0":"post-1846","1":"product","2":"type-product","3":"status-publish","4":"has-post-thumbnail","6":"product_cat-castellano","7":"product_cat-etnografia-i-cultura-popular","8":"product_cat-papel","9":"product_cat-valenciano","10":"desktop-align-left","11":"tablet-align-left","12":"mobile-align-left","13":"ast-product-gallery-layout-horizontal-slider","14":"ast-product-gallery-with-no-image","15":"ast-product-tabs-layout-horizontal","17":"first","18":"instock","19":"taxable","20":"shipping-taxable","21":"purchasable","22":"product-type-simple"},"yoast_head":"<!-- This site is optimized with the Yoast SEO plugin v26.1.1 - https:\/\/yoast.com\/wordpress\/plugins\/seo\/ -->\n<title>Jornades Municipals de Cultura Popular a la Ciutat de Castell\u00f3 : 2003-2004: Pon\u00e8ncies i Comunicacions - Venta de Publicaciones del Ayto. Castell\u00f3n<\/title>\n<meta name=\"robots\" content=\"index, follow, max-snippet:-1, max-image-preview:large, max-video-preview:-1\" \/>\n<link rel=\"canonical\" href=\"https:\/\/publicaciones.castello.es\/es\/producto\/jornades-municipals-de-cultura-popular-a-la-ciutat-de-castello-2003-2004-ponencies-i-comunicacions\/\" \/>\n<meta property=\"og:locale\" content=\"es_ES\" \/>\n<meta property=\"og:type\" content=\"article\" \/>\n<meta property=\"og:title\" content=\"Jornades Municipals de Cultura Popular a la Ciutat de Castell\u00f3 : 2003-2004: Pon\u00e8ncies i Comunicacions - Venta de Publicaciones del Ayto. Castell\u00f3n\" \/>\n<meta property=\"og:description\" content=\"T\u00edtulo: Jornades Municipals de Cultura Popular a la Ciutat de Castell\u00f3 : 2003-2004: Pon\u00e8ncies i Comunicacions Autor: JORNADES MUNICIPALS DE CULTURA POPULAR A LA CIUTAT DE CASTELL\u00d3 Editorial: Ajuntament de Castell\u00f3 Colecci\u00f3n: Etnografia i Cultura Popular Idioma: Castellano \/ Valenciano Sinopsis: Ponencias y comunicaciones de las Jornadas de Cultura Popular bajo la direcci\u00f3n de Henri Bouch\u00e9 Peris. Se tratan los siguientes temas: las representaciones teatrales festivas; la celebraci\u00f3n del dogma de la Inmaculada en Castell\u00f3n en 1856; m\u00fasica y fiesta; el soporte m\u00edtico de las fiestas de la Magdalena; estructura y organizaci\u00f3n de las fiestas en Castell\u00f3n; el fen\u00f3meno de las bandas en las comarcas castellonenses; el mundo de la dulzaina y sus int\u00e9rpretes; las dulzainas sin llaves; la canci\u00f3n popular en Villarreal en la primera mitad del siglo XX; La identidad y la m\u00fasica; un mapa sonoro de la tradici\u00f3n valenciana; la m\u00fasica de la\u00fad de la biblioteca Fortea; la m\u00fasica folcl\u00f3rica espa\u00f1ola; el flamenco y &quot;El amor brujo&quot; de Manuel de Falla; la m\u00fasica en el convento de las clarisas de Almassora; las canciones escolares de la posguerra; la influencia de la contradanza inglesa al baile de plaza de Useras.\" \/>\n<meta property=\"og:url\" content=\"https:\/\/publicaciones.castello.es\/es\/producto\/jornades-municipals-de-cultura-popular-a-la-ciutat-de-castello-2003-2004-ponencies-i-comunicacions\/\" \/>\n<meta property=\"og:site_name\" content=\"Venta de Publicaciones del Ayto. Castell\u00f3n\" \/>\n<meta property=\"article:modified_time\" content=\"2025-09-24T09:57:21+00:00\" \/>\n<meta property=\"og:image\" content=\"https:\/\/publicaciones.castello.es\/wp-content\/uploads\/2025\/08\/Jornades-Municipals-de-Cultura.2003-2004.jpg\" \/>\n\t<meta property=\"og:image:width\" content=\"1100\" \/>\n\t<meta property=\"og:image:height\" content=\"1100\" \/>\n\t<meta property=\"og:image:type\" content=\"image\/jpeg\" \/>\n<meta name=\"twitter:card\" content=\"summary_large_image\" \/>\n<script type=\"application\/ld+json\" class=\"yoast-schema-graph\">{\"@context\":\"https:\/\/schema.org\",\"@graph\":[{\"@type\":\"WebPage\",\"@id\":\"https:\/\/publicaciones.castello.es\/es\/producto\/jornades-municipals-de-cultura-popular-a-la-ciutat-de-castello-2003-2004-ponencies-i-comunicacions\/\",\"url\":\"https:\/\/publicaciones.castello.es\/es\/producto\/jornades-municipals-de-cultura-popular-a-la-ciutat-de-castello-2003-2004-ponencies-i-comunicacions\/\",\"name\":\"Jornades Municipals de Cultura Popular a la Ciutat de Castell\u00f3 : 2003-2004: Pon\u00e8ncies i Comunicacions - Venta de Publicaciones del Ayto. Castell\u00f3n\",\"isPartOf\":{\"@id\":\"https:\/\/publicaciones.castello.es\/#website\"},\"primaryImageOfPage\":{\"@id\":\"https:\/\/publicaciones.castello.es\/es\/producto\/jornades-municipals-de-cultura-popular-a-la-ciutat-de-castello-2003-2004-ponencies-i-comunicacions\/#primaryimage\"},\"image\":{\"@id\":\"https:\/\/publicaciones.castello.es\/es\/producto\/jornades-municipals-de-cultura-popular-a-la-ciutat-de-castello-2003-2004-ponencies-i-comunicacions\/#primaryimage\"},\"thumbnailUrl\":\"https:\/\/publicaciones.castello.es\/wp-content\/uploads\/2025\/08\/Jornades-Municipals-de-Cultura.2003-2004.jpg\",\"datePublished\":\"2025-08-13T10:48:50+00:00\",\"dateModified\":\"2025-09-24T09:57:21+00:00\",\"breadcrumb\":{\"@id\":\"https:\/\/publicaciones.castello.es\/es\/producto\/jornades-municipals-de-cultura-popular-a-la-ciutat-de-castello-2003-2004-ponencies-i-comunicacions\/#breadcrumb\"},\"inLanguage\":\"es\",\"potentialAction\":[{\"@type\":\"ReadAction\",\"target\":[\"https:\/\/publicaciones.castello.es\/es\/producto\/jornades-municipals-de-cultura-popular-a-la-ciutat-de-castello-2003-2004-ponencies-i-comunicacions\/\"]}]},{\"@type\":\"ImageObject\",\"inLanguage\":\"es\",\"@id\":\"https:\/\/publicaciones.castello.es\/es\/producto\/jornades-municipals-de-cultura-popular-a-la-ciutat-de-castello-2003-2004-ponencies-i-comunicacions\/#primaryimage\",\"url\":\"https:\/\/publicaciones.castello.es\/wp-content\/uploads\/2025\/08\/Jornades-Municipals-de-Cultura.2003-2004.jpg\",\"contentUrl\":\"https:\/\/publicaciones.castello.es\/wp-content\/uploads\/2025\/08\/Jornades-Municipals-de-Cultura.2003-2004.jpg\",\"width\":1100,\"height\":1100,\"caption\":\"Jornades Municipals de Cultura Popular a la Ciutat de Castell\u00f3 : 2003-2004: Pon\u00e8ncies i Comunicacions\"},{\"@type\":\"BreadcrumbList\",\"@id\":\"https:\/\/publicaciones.castello.es\/es\/producto\/jornades-municipals-de-cultura-popular-a-la-ciutat-de-castello-2003-2004-ponencies-i-comunicacions\/#breadcrumb\",\"itemListElement\":[{\"@type\":\"ListItem\",\"position\":1,\"name\":\"Home\",\"item\":\"https:\/\/publicaciones.castello.es\/es\/\"},{\"@type\":\"ListItem\",\"position\":2,\"name\":\"Tienda\",\"item\":\"https:\/\/publicaciones.castello.es\/es\/tienda\/\"},{\"@type\":\"ListItem\",\"position\":3,\"name\":\"Jornades Municipals de Cultura Popular a la Ciutat de Castell\u00f3 : 2003-2004: Pon\u00e8ncies i Comunicacions\"}]},{\"@type\":\"WebSite\",\"@id\":\"https:\/\/publicaciones.castello.es\/#website\",\"url\":\"https:\/\/publicaciones.castello.es\/\",\"name\":\"Llibrer\u00eda Municipal Ajuntament de Castell\u00f3\",\"description\":\"\",\"publisher\":{\"@id\":\"https:\/\/publicaciones.castello.es\/#organization\"},\"potentialAction\":[{\"@type\":\"SearchAction\",\"target\":{\"@type\":\"EntryPoint\",\"urlTemplate\":\"https:\/\/publicaciones.castello.es\/?s={search_term_string}\"},\"query-input\":{\"@type\":\"PropertyValueSpecification\",\"valueRequired\":true,\"valueName\":\"search_term_string\"}}],\"inLanguage\":\"es\"},{\"@type\":\"Organization\",\"@id\":\"https:\/\/publicaciones.castello.es\/#organization\",\"name\":\"Llibrer\u00eda Municipal Ajuntament de Castell\u00f3\",\"url\":\"https:\/\/publicaciones.castello.es\/\",\"logo\":{\"@type\":\"ImageObject\",\"inLanguage\":\"es\",\"@id\":\"https:\/\/publicaciones.castello.es\/#\/schema\/logo\/image\/\",\"url\":\"https:\/\/publicaciones.castello.es\/wp-content\/uploads\/2025\/06\/logo-libreria.png\",\"contentUrl\":\"https:\/\/publicaciones.castello.es\/wp-content\/uploads\/2025\/06\/logo-libreria.png\",\"width\":274,\"height\":113,\"caption\":\"Llibrer\u00eda Municipal Ajuntament de Castell\u00f3\"},\"image\":{\"@id\":\"https:\/\/publicaciones.castello.es\/#\/schema\/logo\/image\/\"}}]}<\/script>\n<!-- \/ Yoast SEO plugin. -->","yoast_head_json":{"title":"Jornades Municipals de Cultura Popular a la Ciutat de Castell\u00f3 : 2003-2004: Pon\u00e8ncies i Comunicacions - Venta de Publicaciones del Ayto. Castell\u00f3n","robots":{"index":"index","follow":"follow","max-snippet":"max-snippet:-1","max-image-preview":"max-image-preview:large","max-video-preview":"max-video-preview:-1"},"canonical":"https:\/\/publicaciones.castello.es\/es\/producto\/jornades-municipals-de-cultura-popular-a-la-ciutat-de-castello-2003-2004-ponencies-i-comunicacions\/","og_locale":"es_ES","og_type":"article","og_title":"Jornades Municipals de Cultura Popular a la Ciutat de Castell\u00f3 : 2003-2004: Pon\u00e8ncies i Comunicacions - Venta de Publicaciones del Ayto. Castell\u00f3n","og_description":"T\u00edtulo: Jornades Municipals de Cultura Popular a la Ciutat de Castell\u00f3 : 2003-2004: Pon\u00e8ncies i Comunicacions Autor: JORNADES MUNICIPALS DE CULTURA POPULAR A LA CIUTAT DE CASTELL\u00d3 Editorial: Ajuntament de Castell\u00f3 Colecci\u00f3n: Etnografia i Cultura Popular Idioma: Castellano \/ Valenciano Sinopsis: Ponencias y comunicaciones de las Jornadas de Cultura Popular bajo la direcci\u00f3n de Henri Bouch\u00e9 Peris. Se tratan los siguientes temas: las representaciones teatrales festivas; la celebraci\u00f3n del dogma de la Inmaculada en Castell\u00f3n en 1856; m\u00fasica y fiesta; el soporte m\u00edtico de las fiestas de la Magdalena; estructura y organizaci\u00f3n de las fiestas en Castell\u00f3n; el fen\u00f3meno de las bandas en las comarcas castellonenses; el mundo de la dulzaina y sus int\u00e9rpretes; las dulzainas sin llaves; la canci\u00f3n popular en Villarreal en la primera mitad del siglo XX; La identidad y la m\u00fasica; un mapa sonoro de la tradici\u00f3n valenciana; la m\u00fasica de la\u00fad de la biblioteca Fortea; la m\u00fasica folcl\u00f3rica espa\u00f1ola; el flamenco y \"El amor brujo\" de Manuel de Falla; la m\u00fasica en el convento de las clarisas de Almassora; las canciones escolares de la posguerra; la influencia de la contradanza inglesa al baile de plaza de Useras.","og_url":"https:\/\/publicaciones.castello.es\/es\/producto\/jornades-municipals-de-cultura-popular-a-la-ciutat-de-castello-2003-2004-ponencies-i-comunicacions\/","og_site_name":"Venta de Publicaciones del Ayto. Castell\u00f3n","article_modified_time":"2025-09-24T09:57:21+00:00","og_image":[{"width":1100,"height":1100,"url":"https:\/\/publicaciones.castello.es\/wp-content\/uploads\/2025\/08\/Jornades-Municipals-de-Cultura.2003-2004.jpg","type":"image\/jpeg"}],"twitter_card":"summary_large_image","schema":{"@context":"https:\/\/schema.org","@graph":[{"@type":"WebPage","@id":"https:\/\/publicaciones.castello.es\/es\/producto\/jornades-municipals-de-cultura-popular-a-la-ciutat-de-castello-2003-2004-ponencies-i-comunicacions\/","url":"https:\/\/publicaciones.castello.es\/es\/producto\/jornades-municipals-de-cultura-popular-a-la-ciutat-de-castello-2003-2004-ponencies-i-comunicacions\/","name":"Jornades Municipals de Cultura Popular a la Ciutat de Castell\u00f3 : 2003-2004: Pon\u00e8ncies i Comunicacions - Venta de Publicaciones del Ayto. Castell\u00f3n","isPartOf":{"@id":"https:\/\/publicaciones.castello.es\/#website"},"primaryImageOfPage":{"@id":"https:\/\/publicaciones.castello.es\/es\/producto\/jornades-municipals-de-cultura-popular-a-la-ciutat-de-castello-2003-2004-ponencies-i-comunicacions\/#primaryimage"},"image":{"@id":"https:\/\/publicaciones.castello.es\/es\/producto\/jornades-municipals-de-cultura-popular-a-la-ciutat-de-castello-2003-2004-ponencies-i-comunicacions\/#primaryimage"},"thumbnailUrl":"https:\/\/publicaciones.castello.es\/wp-content\/uploads\/2025\/08\/Jornades-Municipals-de-Cultura.2003-2004.jpg","datePublished":"2025-08-13T10:48:50+00:00","dateModified":"2025-09-24T09:57:21+00:00","breadcrumb":{"@id":"https:\/\/publicaciones.castello.es\/es\/producto\/jornades-municipals-de-cultura-popular-a-la-ciutat-de-castello-2003-2004-ponencies-i-comunicacions\/#breadcrumb"},"inLanguage":"es","potentialAction":[{"@type":"ReadAction","target":["https:\/\/publicaciones.castello.es\/es\/producto\/jornades-municipals-de-cultura-popular-a-la-ciutat-de-castello-2003-2004-ponencies-i-comunicacions\/"]}]},{"@type":"ImageObject","inLanguage":"es","@id":"https:\/\/publicaciones.castello.es\/es\/producto\/jornades-municipals-de-cultura-popular-a-la-ciutat-de-castello-2003-2004-ponencies-i-comunicacions\/#primaryimage","url":"https:\/\/publicaciones.castello.es\/wp-content\/uploads\/2025\/08\/Jornades-Municipals-de-Cultura.2003-2004.jpg","contentUrl":"https:\/\/publicaciones.castello.es\/wp-content\/uploads\/2025\/08\/Jornades-Municipals-de-Cultura.2003-2004.jpg","width":1100,"height":1100,"caption":"Jornades Municipals de Cultura Popular a la Ciutat de Castell\u00f3 : 2003-2004: Pon\u00e8ncies i Comunicacions"},{"@type":"BreadcrumbList","@id":"https:\/\/publicaciones.castello.es\/es\/producto\/jornades-municipals-de-cultura-popular-a-la-ciutat-de-castello-2003-2004-ponencies-i-comunicacions\/#breadcrumb","itemListElement":[{"@type":"ListItem","position":1,"name":"Home","item":"https:\/\/publicaciones.castello.es\/es\/"},{"@type":"ListItem","position":2,"name":"Tienda","item":"https:\/\/publicaciones.castello.es\/es\/tienda\/"},{"@type":"ListItem","position":3,"name":"Jornades Municipals de Cultura Popular a la Ciutat de Castell\u00f3 : 2003-2004: Pon\u00e8ncies i Comunicacions"}]},{"@type":"WebSite","@id":"https:\/\/publicaciones.castello.es\/#website","url":"https:\/\/publicaciones.castello.es\/","name":"Llibrer\u00eda Municipal Ajuntament de Castell\u00f3","description":"","publisher":{"@id":"https:\/\/publicaciones.castello.es\/#organization"},"potentialAction":[{"@type":"SearchAction","target":{"@type":"EntryPoint","urlTemplate":"https:\/\/publicaciones.castello.es\/?s={search_term_string}"},"query-input":{"@type":"PropertyValueSpecification","valueRequired":true,"valueName":"search_term_string"}}],"inLanguage":"es"},{"@type":"Organization","@id":"https:\/\/publicaciones.castello.es\/#organization","name":"Llibrer\u00eda Municipal Ajuntament de Castell\u00f3","url":"https:\/\/publicaciones.castello.es\/","logo":{"@type":"ImageObject","inLanguage":"es","@id":"https:\/\/publicaciones.castello.es\/#\/schema\/logo\/image\/","url":"https:\/\/publicaciones.castello.es\/wp-content\/uploads\/2025\/06\/logo-libreria.png","contentUrl":"https:\/\/publicaciones.castello.es\/wp-content\/uploads\/2025\/06\/logo-libreria.png","width":274,"height":113,"caption":"Llibrer\u00eda Municipal Ajuntament de Castell\u00f3"},"image":{"@id":"https:\/\/publicaciones.castello.es\/#\/schema\/logo\/image\/"}}]}},"_links":{"self":[{"href":"https:\/\/publicaciones.castello.es\/es\/wp-json\/wp\/v2\/product\/1846","targetHints":{"allow":["GET"]}}],"collection":[{"href":"https:\/\/publicaciones.castello.es\/es\/wp-json\/wp\/v2\/product"}],"about":[{"href":"https:\/\/publicaciones.castello.es\/es\/wp-json\/wp\/v2\/types\/product"}],"replies":[{"embeddable":true,"href":"https:\/\/publicaciones.castello.es\/es\/wp-json\/wp\/v2\/comments?post=1846"}],"wp:featuredmedia":[{"embeddable":true,"href":"https:\/\/publicaciones.castello.es\/es\/wp-json\/wp\/v2\/media\/1848"}],"wp:attachment":[{"href":"https:\/\/publicaciones.castello.es\/es\/wp-json\/wp\/v2\/media?parent=1846"}],"wp:term":[{"taxonomy":"product_brand","embeddable":true,"href":"https:\/\/publicaciones.castello.es\/es\/wp-json\/wp\/v2\/product_brand?post=1846"},{"taxonomy":"product_cat","embeddable":true,"href":"https:\/\/publicaciones.castello.es\/es\/wp-json\/wp\/v2\/product_cat?post=1846"},{"taxonomy":"product_tag","embeddable":true,"href":"https:\/\/publicaciones.castello.es\/es\/wp-json\/wp\/v2\/product_tag?post=1846"}],"curies":[{"name":"wp","href":"https:\/\/api.w.org\/{rel}","templated":true}]}}