{"id":2124,"date":"2025-09-08T12:30:54","date_gmt":"2025-09-08T10:30:54","guid":{"rendered":"https:\/\/publicaciones.castello.es\/?post_type=product&#038;p=2124"},"modified":"2025-09-08T12:36:31","modified_gmt":"2025-09-08T10:36:31","slug":"las-guerras-de-concha-alos-castellon-historia-y-relato-copia-copia","status":"publish","type":"product","link":"https:\/\/publicaciones.castello.es\/es\/producte\/las-guerras-de-concha-alos-castellon-historia-y-relato-copia-copia\/","title":{"rendered":"Las guerras de Concha Al\u00f3s: Castell\u00f3n, historia y relato (copia) (copia)"},"content":{"rendered":"","protected":false},"excerpt":{"rendered":"<p><strong>T\u00edtol:<\/strong> Las guerras de Concha Al\u00f3s: Castell\u00f3n, historia y relato<br \/>\n<strong>Autor:<\/strong> AMPARO AYORA DEL OLMO<br \/>\n<strong>Editorial:<\/strong> Ajuntament de Castell\u00f3<br \/>\n<strong>Colecci\u00f3:<\/strong> Humanitats \/ Llengua i Literatura<br \/>\n<strong>Idioma:<\/strong> Castellano<br \/>\n<strong>Sinopsi:<\/strong> Investigaci\u00f3 exhaustiva sobre l&#8217;autora i la seua \u00e8poca. S&#8217;analitza la seua vida, el car\u00e0cter de la seua obra, amb especial recalcament en les novel\u00b7les ambientades a Castell\u00f3, la recepci\u00f3 cr\u00edtica, aix\u00ed com els models de g\u00e8nere presents en els seus llibres. <\/p>\n","protected":false},"featured_media":2126,"comment_status":"open","ping_status":"closed","template":"","meta":{"site-sidebar-layout":"default","site-content-layout":"","ast-site-content-layout":"default","site-content-style":"default","site-sidebar-style":"default","ast-global-header-display":"","ast-banner-title-visibility":"","ast-main-header-display":"","ast-hfb-above-header-display":"","ast-hfb-below-header-display":"","ast-hfb-mobile-header-display":"","site-post-title":"","ast-breadcrumbs-content":"","ast-featured-img":"","footer-sml-layout":"","theme-transparent-header-meta":"default","adv-header-id-meta":"","stick-header-meta":"","header-above-stick-meta":"","header-main-stick-meta":"","header-below-stick-meta":"","astra-migrate-meta-layouts":"set","ast-page-background-enabled":"default","ast-page-background-meta":{"desktop":{"background-color":"var(--ast-global-color-4)","background-image":"","background-repeat":"repeat","background-position":"center center","background-size":"auto","background-attachment":"scroll","background-type":"","background-media":"","overlay-type":"","overlay-color":"","overlay-opacity":"","overlay-gradient":""},"tablet":{"background-color":"","background-image":"","background-repeat":"repeat","background-position":"center center","background-size":"auto","background-attachment":"scroll","background-type":"","background-media":"","overlay-type":"","overlay-color":"","overlay-opacity":"","overlay-gradient":""},"mobile":{"background-color":"","background-image":"","background-repeat":"repeat","background-position":"center center","background-size":"auto","background-attachment":"scroll","background-type":"","background-media":"","overlay-type":"","overlay-color":"","overlay-opacity":"","overlay-gradient":""}},"ast-content-background-meta":{"desktop":{"background-color":"var(--ast-global-color-5)","background-image":"","background-repeat":"repeat","background-position":"center center","background-size":"auto","background-attachment":"scroll","background-type":"","background-media":"","overlay-type":"","overlay-color":"","overlay-opacity":"","overlay-gradient":""},"tablet":{"background-color":"var(--ast-global-color-5)","background-image":"","background-repeat":"repeat","background-position":"center center","background-size":"auto","background-attachment":"scroll","background-type":"","background-media":"","overlay-type":"","overlay-color":"","overlay-opacity":"","overlay-gradient":""},"mobile":{"background-color":"var(--ast-global-color-5)","background-image":"","background-repeat":"repeat","background-position":"center center","background-size":"auto","background-attachment":"scroll","background-type":"","background-media":"","overlay-type":"","overlay-color":"","overlay-opacity":"","overlay-gradient":""}}},"product_brand":[],"product_cat":[118],"product_tag":[],"class_list":{"0":"post-2124","1":"product","2":"type-product","3":"status-publish","4":"has-post-thumbnail","6":"product_cat-columna-premi-relats-de-dones-vl","7":"desktop-align-left","8":"tablet-align-left","9":"mobile-align-left","10":"ast-product-gallery-layout-horizontal-slider","11":"ast-product-gallery-with-no-image","12":"ast-product-tabs-layout-horizontal","14":"first","15":"instock","16":"taxable","17":"shipping-taxable","18":"purchasable","19":"product-type-simple"},"yoast_head":"<!-- This site is optimized with the Yoast SEO plugin v26.1.1 - https:\/\/yoast.com\/wordpress\/plugins\/seo\/ -->\n<title>Las guerras de Concha Al\u00f3s: Castell\u00f3n, historia y relato (copia) (copia) - Venta de Publicaciones del Ayto. Castell\u00f3n<\/title>\n<meta name=\"robots\" content=\"index, follow, max-snippet:-1, max-image-preview:large, max-video-preview:-1\" \/>\n<link rel=\"canonical\" href=\"https:\/\/publicaciones.castello.es\/producte\/las-guerras-de-concha-alos-castellon-historia-y-relato-copia-copia\/\" \/>\n<meta property=\"og:locale\" content=\"es_ES\" \/>\n<meta property=\"og:type\" content=\"article\" \/>\n<meta property=\"og:title\" content=\"Las guerras de Concha Al\u00f3s: Castell\u00f3n, historia y relato (copia) (copia) - Venta de Publicaciones del Ayto. Castell\u00f3n\" \/>\n<meta property=\"og:description\" content=\"T\u00edtol: Las guerras de Concha Al\u00f3s: Castell\u00f3n, historia y relato Autor: AMPARO AYORA DEL OLMO Editorial: Ajuntament de Castell\u00f3 Colecci\u00f3: Humanitats \/ Llengua i Literatura Idioma: Castellano Sinopsi: Investigaci\u00f3 exhaustiva sobre l&#039;autora i la seua \u00e8poca. S&#039;analitza la seua vida, el car\u00e0cter de la seua obra, amb especial recalcament en les novel\u00b7les ambientades a Castell\u00f3, la recepci\u00f3 cr\u00edtica, aix\u00ed com els models de g\u00e8nere presents en els seus llibres.\" \/>\n<meta property=\"og:url\" content=\"https:\/\/publicaciones.castello.es\/producte\/las-guerras-de-concha-alos-castellon-historia-y-relato-copia-copia\/\" \/>\n<meta property=\"og:site_name\" content=\"Venta de Publicaciones del Ayto. Castell\u00f3n\" \/>\n<meta property=\"article:modified_time\" content=\"2025-09-08T10:36:31+00:00\" \/>\n<meta property=\"og:image\" content=\"https:\/\/publicaciones.castello.es\/wp-content\/uploads\/2025\/09\/las-perleras.jpg\" \/>\n\t<meta property=\"og:image:width\" content=\"1100\" \/>\n\t<meta property=\"og:image:height\" content=\"1100\" \/>\n\t<meta property=\"og:image:type\" content=\"image\/jpeg\" \/>\n<meta name=\"twitter:card\" content=\"summary_large_image\" \/>\n<script type=\"application\/ld+json\" class=\"yoast-schema-graph\">{\"@context\":\"https:\/\/schema.org\",\"@graph\":[{\"@type\":\"WebPage\",\"@id\":\"https:\/\/publicaciones.castello.es\/producte\/las-guerras-de-concha-alos-castellon-historia-y-relato-copia-copia\/\",\"url\":\"https:\/\/publicaciones.castello.es\/producte\/las-guerras-de-concha-alos-castellon-historia-y-relato-copia-copia\/\",\"name\":\"Las guerras de Concha Al\u00f3s: Castell\u00f3n, historia y relato (copia) (copia) - Venta de Publicaciones del Ayto. Castell\u00f3n\",\"isPartOf\":{\"@id\":\"https:\/\/publicaciones.castello.es\/#website\"},\"primaryImageOfPage\":{\"@id\":\"https:\/\/publicaciones.castello.es\/producte\/las-guerras-de-concha-alos-castellon-historia-y-relato-copia-copia\/#primaryimage\"},\"image\":{\"@id\":\"https:\/\/publicaciones.castello.es\/producte\/las-guerras-de-concha-alos-castellon-historia-y-relato-copia-copia\/#primaryimage\"},\"thumbnailUrl\":\"https:\/\/publicaciones.castello.es\/wp-content\/uploads\/2025\/09\/las-perleras.jpg\",\"datePublished\":\"2025-09-08T10:30:54+00:00\",\"dateModified\":\"2025-09-08T10:36:31+00:00\",\"breadcrumb\":{\"@id\":\"https:\/\/publicaciones.castello.es\/producte\/las-guerras-de-concha-alos-castellon-historia-y-relato-copia-copia\/#breadcrumb\"},\"inLanguage\":\"es\",\"potentialAction\":[{\"@type\":\"ReadAction\",\"target\":[\"https:\/\/publicaciones.castello.es\/producte\/las-guerras-de-concha-alos-castellon-historia-y-relato-copia-copia\/\"]}]},{\"@type\":\"ImageObject\",\"inLanguage\":\"es\",\"@id\":\"https:\/\/publicaciones.castello.es\/producte\/las-guerras-de-concha-alos-castellon-historia-y-relato-copia-copia\/#primaryimage\",\"url\":\"https:\/\/publicaciones.castello.es\/wp-content\/uploads\/2025\/09\/las-perleras.jpg\",\"contentUrl\":\"https:\/\/publicaciones.castello.es\/wp-content\/uploads\/2025\/09\/las-perleras.jpg\",\"width\":1100,\"height\":1100,\"caption\":\"Las Perleras \/ Dos barcas\"},{\"@type\":\"BreadcrumbList\",\"@id\":\"https:\/\/publicaciones.castello.es\/producte\/las-guerras-de-concha-alos-castellon-historia-y-relato-copia-copia\/#breadcrumb\",\"itemListElement\":[{\"@type\":\"ListItem\",\"position\":1,\"name\":\"Home\",\"item\":\"https:\/\/publicaciones.castello.es\/es\/\"},{\"@type\":\"ListItem\",\"position\":2,\"name\":\"Tienda\",\"item\":\"https:\/\/publicaciones.castello.es\/es\/tienda\/\"},{\"@type\":\"ListItem\",\"position\":3,\"name\":\"Las guerras de Concha Al\u00f3s: Castell\u00f3n, historia y relato (copia) (copia)\"}]},{\"@type\":\"WebSite\",\"@id\":\"https:\/\/publicaciones.castello.es\/#website\",\"url\":\"https:\/\/publicaciones.castello.es\/\",\"name\":\"Llibrer\u00eda Municipal Ajuntament de Castell\u00f3\",\"description\":\"\",\"publisher\":{\"@id\":\"https:\/\/publicaciones.castello.es\/#organization\"},\"potentialAction\":[{\"@type\":\"SearchAction\",\"target\":{\"@type\":\"EntryPoint\",\"urlTemplate\":\"https:\/\/publicaciones.castello.es\/?s={search_term_string}\"},\"query-input\":{\"@type\":\"PropertyValueSpecification\",\"valueRequired\":true,\"valueName\":\"search_term_string\"}}],\"inLanguage\":\"es\"},{\"@type\":\"Organization\",\"@id\":\"https:\/\/publicaciones.castello.es\/#organization\",\"name\":\"Llibrer\u00eda Municipal Ajuntament de Castell\u00f3\",\"url\":\"https:\/\/publicaciones.castello.es\/\",\"logo\":{\"@type\":\"ImageObject\",\"inLanguage\":\"es\",\"@id\":\"https:\/\/publicaciones.castello.es\/#\/schema\/logo\/image\/\",\"url\":\"https:\/\/publicaciones.castello.es\/wp-content\/uploads\/2025\/06\/logo-libreria.png\",\"contentUrl\":\"https:\/\/publicaciones.castello.es\/wp-content\/uploads\/2025\/06\/logo-libreria.png\",\"width\":274,\"height\":113,\"caption\":\"Llibrer\u00eda Municipal Ajuntament de Castell\u00f3\"},\"image\":{\"@id\":\"https:\/\/publicaciones.castello.es\/#\/schema\/logo\/image\/\"}}]}<\/script>\n<!-- \/ Yoast SEO plugin. -->","yoast_head_json":{"title":"Las guerras de Concha Al\u00f3s: Castell\u00f3n, historia y relato (copia) (copia) - Venta de Publicaciones del Ayto. Castell\u00f3n","robots":{"index":"index","follow":"follow","max-snippet":"max-snippet:-1","max-image-preview":"max-image-preview:large","max-video-preview":"max-video-preview:-1"},"canonical":"https:\/\/publicaciones.castello.es\/producte\/las-guerras-de-concha-alos-castellon-historia-y-relato-copia-copia\/","og_locale":"es_ES","og_type":"article","og_title":"Las guerras de Concha Al\u00f3s: Castell\u00f3n, historia y relato (copia) (copia) - Venta de Publicaciones del Ayto. Castell\u00f3n","og_description":"T\u00edtol: Las guerras de Concha Al\u00f3s: Castell\u00f3n, historia y relato Autor: AMPARO AYORA DEL OLMO Editorial: Ajuntament de Castell\u00f3 Colecci\u00f3: Humanitats \/ Llengua i Literatura Idioma: Castellano Sinopsi: Investigaci\u00f3 exhaustiva sobre l'autora i la seua \u00e8poca. S'analitza la seua vida, el car\u00e0cter de la seua obra, amb especial recalcament en les novel\u00b7les ambientades a Castell\u00f3, la recepci\u00f3 cr\u00edtica, aix\u00ed com els models de g\u00e8nere presents en els seus llibres.","og_url":"https:\/\/publicaciones.castello.es\/producte\/las-guerras-de-concha-alos-castellon-historia-y-relato-copia-copia\/","og_site_name":"Venta de Publicaciones del Ayto. Castell\u00f3n","article_modified_time":"2025-09-08T10:36:31+00:00","og_image":[{"width":1100,"height":1100,"url":"https:\/\/publicaciones.castello.es\/wp-content\/uploads\/2025\/09\/las-perleras.jpg","type":"image\/jpeg"}],"twitter_card":"summary_large_image","schema":{"@context":"https:\/\/schema.org","@graph":[{"@type":"WebPage","@id":"https:\/\/publicaciones.castello.es\/producte\/las-guerras-de-concha-alos-castellon-historia-y-relato-copia-copia\/","url":"https:\/\/publicaciones.castello.es\/producte\/las-guerras-de-concha-alos-castellon-historia-y-relato-copia-copia\/","name":"Las guerras de Concha Al\u00f3s: Castell\u00f3n, historia y relato (copia) (copia) - Venta de Publicaciones del Ayto. Castell\u00f3n","isPartOf":{"@id":"https:\/\/publicaciones.castello.es\/#website"},"primaryImageOfPage":{"@id":"https:\/\/publicaciones.castello.es\/producte\/las-guerras-de-concha-alos-castellon-historia-y-relato-copia-copia\/#primaryimage"},"image":{"@id":"https:\/\/publicaciones.castello.es\/producte\/las-guerras-de-concha-alos-castellon-historia-y-relato-copia-copia\/#primaryimage"},"thumbnailUrl":"https:\/\/publicaciones.castello.es\/wp-content\/uploads\/2025\/09\/las-perleras.jpg","datePublished":"2025-09-08T10:30:54+00:00","dateModified":"2025-09-08T10:36:31+00:00","breadcrumb":{"@id":"https:\/\/publicaciones.castello.es\/producte\/las-guerras-de-concha-alos-castellon-historia-y-relato-copia-copia\/#breadcrumb"},"inLanguage":"es","potentialAction":[{"@type":"ReadAction","target":["https:\/\/publicaciones.castello.es\/producte\/las-guerras-de-concha-alos-castellon-historia-y-relato-copia-copia\/"]}]},{"@type":"ImageObject","inLanguage":"es","@id":"https:\/\/publicaciones.castello.es\/producte\/las-guerras-de-concha-alos-castellon-historia-y-relato-copia-copia\/#primaryimage","url":"https:\/\/publicaciones.castello.es\/wp-content\/uploads\/2025\/09\/las-perleras.jpg","contentUrl":"https:\/\/publicaciones.castello.es\/wp-content\/uploads\/2025\/09\/las-perleras.jpg","width":1100,"height":1100,"caption":"Las Perleras \/ Dos barcas"},{"@type":"BreadcrumbList","@id":"https:\/\/publicaciones.castello.es\/producte\/las-guerras-de-concha-alos-castellon-historia-y-relato-copia-copia\/#breadcrumb","itemListElement":[{"@type":"ListItem","position":1,"name":"Home","item":"https:\/\/publicaciones.castello.es\/es\/"},{"@type":"ListItem","position":2,"name":"Tienda","item":"https:\/\/publicaciones.castello.es\/es\/tienda\/"},{"@type":"ListItem","position":3,"name":"Las guerras de Concha Al\u00f3s: Castell\u00f3n, historia y relato (copia) (copia)"}]},{"@type":"WebSite","@id":"https:\/\/publicaciones.castello.es\/#website","url":"https:\/\/publicaciones.castello.es\/","name":"Llibrer\u00eda Municipal Ajuntament de Castell\u00f3","description":"","publisher":{"@id":"https:\/\/publicaciones.castello.es\/#organization"},"potentialAction":[{"@type":"SearchAction","target":{"@type":"EntryPoint","urlTemplate":"https:\/\/publicaciones.castello.es\/?s={search_term_string}"},"query-input":{"@type":"PropertyValueSpecification","valueRequired":true,"valueName":"search_term_string"}}],"inLanguage":"es"},{"@type":"Organization","@id":"https:\/\/publicaciones.castello.es\/#organization","name":"Llibrer\u00eda Municipal Ajuntament de Castell\u00f3","url":"https:\/\/publicaciones.castello.es\/","logo":{"@type":"ImageObject","inLanguage":"es","@id":"https:\/\/publicaciones.castello.es\/#\/schema\/logo\/image\/","url":"https:\/\/publicaciones.castello.es\/wp-content\/uploads\/2025\/06\/logo-libreria.png","contentUrl":"https:\/\/publicaciones.castello.es\/wp-content\/uploads\/2025\/06\/logo-libreria.png","width":274,"height":113,"caption":"Llibrer\u00eda Municipal Ajuntament de Castell\u00f3"},"image":{"@id":"https:\/\/publicaciones.castello.es\/#\/schema\/logo\/image\/"}}]}},"_links":{"self":[{"href":"https:\/\/publicaciones.castello.es\/es\/wp-json\/wp\/v2\/product\/2124","targetHints":{"allow":["GET"]}}],"collection":[{"href":"https:\/\/publicaciones.castello.es\/es\/wp-json\/wp\/v2\/product"}],"about":[{"href":"https:\/\/publicaciones.castello.es\/es\/wp-json\/wp\/v2\/types\/product"}],"replies":[{"embeddable":true,"href":"https:\/\/publicaciones.castello.es\/es\/wp-json\/wp\/v2\/comments?post=2124"}],"wp:featuredmedia":[{"embeddable":true,"href":"https:\/\/publicaciones.castello.es\/es\/wp-json\/wp\/v2\/media\/2126"}],"wp:attachment":[{"href":"https:\/\/publicaciones.castello.es\/es\/wp-json\/wp\/v2\/media?parent=2124"}],"wp:term":[{"taxonomy":"product_brand","embeddable":true,"href":"https:\/\/publicaciones.castello.es\/es\/wp-json\/wp\/v2\/product_brand?post=2124"},{"taxonomy":"product_cat","embeddable":true,"href":"https:\/\/publicaciones.castello.es\/es\/wp-json\/wp\/v2\/product_cat?post=2124"},{"taxonomy":"product_tag","embeddable":true,"href":"https:\/\/publicaciones.castello.es\/es\/wp-json\/wp\/v2\/product_tag?post=2124"}],"curies":[{"name":"wp","href":"https:\/\/api.w.org\/{rel}","templated":true}]}}