{"id":2153,"date":"2025-09-08T13:34:12","date_gmt":"2025-09-08T11:34:12","guid":{"rendered":"https:\/\/publicaciones.castello.es\/?post_type=product&#038;p=2153"},"modified":"2025-09-25T09:28:37","modified_gmt":"2025-09-25T07:28:37","slug":"les-finestres-de-lanima-la-fuerza-de-la-sangre-la-encantadora-de-serpientes","status":"publish","type":"product","link":"https:\/\/publicaciones.castello.es\/es\/producto\/les-finestres-de-lanima-la-fuerza-de-la-sangre-la-encantadora-de-serpientes\/","title":{"rendered":"Les finestres de l&#8217;\u00e0nima \/ La fuerza de la sangre \/ La encantadora de serpientes"},"content":{"rendered":"","protected":false},"excerpt":{"rendered":"<p><strong>T\u00edtulo:<\/strong> Les finestres de l&#8217;\u00e0nima \/ La fuerza de la sangre \/ La encantadora de serpientes<br \/>\n<strong>Autor:<\/strong> DOMINIQUE VERNAY y ANNA MONER COLONQUES<br \/>\n<strong>Editorial:<\/strong> Ajuntament de Castell\u00f3<br \/>\n<strong>Colecci\u00f3n:<\/strong> Columna \/ Premi Relats de Dones<br \/>\n<strong>Idioma:<\/strong> Valenciano \/ Castellano<br \/>\n<strong>Sinopsis:<\/strong> Premio Relatos de Mujeres 2010. Primer premio: \u00abLes finestres de l&#8217;\u00e0nima\u00bb de Anna Moner; \u00abLa fuerza de la sangre\u00bb de Eva Balaguer-Cort\u00e9s L\u00f3pez; \u00abLa encantadora de serpientes\u00bb de Dominique Vernay Juillet.<\/p>\n","protected":false},"featured_media":2155,"comment_status":"open","ping_status":"closed","template":"","meta":{"site-sidebar-layout":"default","site-content-layout":"","ast-site-content-layout":"default","site-content-style":"default","site-sidebar-style":"default","ast-global-header-display":"","ast-banner-title-visibility":"","ast-main-header-display":"","ast-hfb-above-header-display":"","ast-hfb-below-header-display":"","ast-hfb-mobile-header-display":"","site-post-title":"","ast-breadcrumbs-content":"","ast-featured-img":"","footer-sml-layout":"","theme-transparent-header-meta":"default","adv-header-id-meta":"","stick-header-meta":"","header-above-stick-meta":"","header-main-stick-meta":"","header-below-stick-meta":"","astra-migrate-meta-layouts":"set","ast-page-background-enabled":"default","ast-page-background-meta":{"desktop":{"background-color":"var(--ast-global-color-4)","background-image":"","background-repeat":"repeat","background-position":"center center","background-size":"auto","background-attachment":"scroll","background-type":"","background-media":"","overlay-type":"","overlay-color":"","overlay-opacity":"","overlay-gradient":""},"tablet":{"background-color":"","background-image":"","background-repeat":"repeat","background-position":"center center","background-size":"auto","background-attachment":"scroll","background-type":"","background-media":"","overlay-type":"","overlay-color":"","overlay-opacity":"","overlay-gradient":""},"mobile":{"background-color":"","background-image":"","background-repeat":"repeat","background-position":"center center","background-size":"auto","background-attachment":"scroll","background-type":"","background-media":"","overlay-type":"","overlay-color":"","overlay-opacity":"","overlay-gradient":""}},"ast-content-background-meta":{"desktop":{"background-color":"var(--ast-global-color-5)","background-image":"","background-repeat":"repeat","background-position":"center center","background-size":"auto","background-attachment":"scroll","background-type":"","background-media":"","overlay-type":"","overlay-color":"","overlay-opacity":"","overlay-gradient":""},"tablet":{"background-color":"var(--ast-global-color-5)","background-image":"","background-repeat":"repeat","background-position":"center center","background-size":"auto","background-attachment":"scroll","background-type":"","background-media":"","overlay-type":"","overlay-color":"","overlay-opacity":"","overlay-gradient":""},"mobile":{"background-color":"var(--ast-global-color-5)","background-image":"","background-repeat":"repeat","background-position":"center center","background-size":"auto","background-attachment":"scroll","background-type":"","background-media":"","overlay-type":"","overlay-color":"","overlay-opacity":"","overlay-gradient":""}}},"product_brand":[],"product_cat":[3434,104,27,105,3435],"product_tag":[],"class_list":{"0":"post-2153","1":"product","2":"type-product","3":"status-publish","4":"has-post-thumbnail","6":"product_cat-castellano","7":"product_cat-columna","8":"product_cat-papel","9":"product_cat-columna-premi-relats-de-dones","10":"product_cat-valenciano","11":"desktop-align-left","12":"tablet-align-left","13":"mobile-align-left","14":"ast-product-gallery-layout-horizontal-slider","15":"ast-product-gallery-with-no-image","16":"ast-product-tabs-layout-horizontal","18":"first","19":"instock","20":"taxable","21":"shipping-taxable","22":"purchasable","23":"product-type-simple"},"yoast_head":"<!-- This site is optimized with the Yoast SEO plugin v26.1.1 - https:\/\/yoast.com\/wordpress\/plugins\/seo\/ -->\n<title>Les finestres de l&#039;\u00e0nima \/ La fuerza de la sangre \/ La encantadora de serpientes - Venta de Publicaciones del Ayto. Castell\u00f3n<\/title>\n<meta name=\"robots\" content=\"index, follow, max-snippet:-1, max-image-preview:large, max-video-preview:-1\" \/>\n<link rel=\"canonical\" href=\"https:\/\/publicaciones.castello.es\/es\/producto\/les-finestres-de-lanima-la-fuerza-de-la-sangre-la-encantadora-de-serpientes\/\" \/>\n<meta property=\"og:locale\" content=\"es_ES\" \/>\n<meta property=\"og:type\" content=\"article\" \/>\n<meta property=\"og:title\" content=\"Les finestres de l&#039;\u00e0nima \/ La fuerza de la sangre \/ La encantadora de serpientes - Venta de Publicaciones del Ayto. Castell\u00f3n\" \/>\n<meta property=\"og:description\" content=\"T\u00edtulo: Les finestres de l&#039;\u00e0nima \/ La fuerza de la sangre \/ La encantadora de serpientes Autor: DOMINIQUE VERNAY y ANNA MONER COLONQUES Editorial: Ajuntament de Castell\u00f3 Colecci\u00f3n: Columna \/ Premi Relats de Dones Idioma: Valenciano \/ Castellano Sinopsis: Premio Relatos de Mujeres 2010. Primer premio: &quot;Les finestres de l&#039;\u00e0nima&quot; de Anna Moner; &quot;La fuerza de la sangre&quot; de Eva Balaguer-Cort\u00e9s L\u00f3pez; &quot;La encantadora de serpientes&quot; de Dominique Vernay Juillet.\" \/>\n<meta property=\"og:url\" content=\"https:\/\/publicaciones.castello.es\/es\/producto\/les-finestres-de-lanima-la-fuerza-de-la-sangre-la-encantadora-de-serpientes\/\" \/>\n<meta property=\"og:site_name\" content=\"Venta de Publicaciones del Ayto. Castell\u00f3n\" \/>\n<meta property=\"article:modified_time\" content=\"2025-09-25T07:28:37+00:00\" \/>\n<meta property=\"og:image\" content=\"https:\/\/publicaciones.castello.es\/wp-content\/uploads\/2025\/09\/Les-finestres-de-lanima.jpg\" \/>\n\t<meta property=\"og:image:width\" content=\"1100\" \/>\n\t<meta property=\"og:image:height\" content=\"1100\" \/>\n\t<meta property=\"og:image:type\" content=\"image\/jpeg\" \/>\n<meta name=\"twitter:card\" content=\"summary_large_image\" \/>\n<script type=\"application\/ld+json\" class=\"yoast-schema-graph\">{\"@context\":\"https:\/\/schema.org\",\"@graph\":[{\"@type\":\"WebPage\",\"@id\":\"https:\/\/publicaciones.castello.es\/es\/producto\/les-finestres-de-lanima-la-fuerza-de-la-sangre-la-encantadora-de-serpientes\/\",\"url\":\"https:\/\/publicaciones.castello.es\/es\/producto\/les-finestres-de-lanima-la-fuerza-de-la-sangre-la-encantadora-de-serpientes\/\",\"name\":\"Les finestres de l'\u00e0nima \/ La fuerza de la sangre \/ La encantadora de serpientes - Venta de Publicaciones del Ayto. Castell\u00f3n\",\"isPartOf\":{\"@id\":\"https:\/\/publicaciones.castello.es\/#website\"},\"primaryImageOfPage\":{\"@id\":\"https:\/\/publicaciones.castello.es\/es\/producto\/les-finestres-de-lanima-la-fuerza-de-la-sangre-la-encantadora-de-serpientes\/#primaryimage\"},\"image\":{\"@id\":\"https:\/\/publicaciones.castello.es\/es\/producto\/les-finestres-de-lanima-la-fuerza-de-la-sangre-la-encantadora-de-serpientes\/#primaryimage\"},\"thumbnailUrl\":\"https:\/\/publicaciones.castello.es\/wp-content\/uploads\/2025\/09\/Les-finestres-de-lanima.jpg\",\"datePublished\":\"2025-09-08T11:34:12+00:00\",\"dateModified\":\"2025-09-25T07:28:37+00:00\",\"breadcrumb\":{\"@id\":\"https:\/\/publicaciones.castello.es\/es\/producto\/les-finestres-de-lanima-la-fuerza-de-la-sangre-la-encantadora-de-serpientes\/#breadcrumb\"},\"inLanguage\":\"es\",\"potentialAction\":[{\"@type\":\"ReadAction\",\"target\":[\"https:\/\/publicaciones.castello.es\/es\/producto\/les-finestres-de-lanima-la-fuerza-de-la-sangre-la-encantadora-de-serpientes\/\"]}]},{\"@type\":\"ImageObject\",\"inLanguage\":\"es\",\"@id\":\"https:\/\/publicaciones.castello.es\/es\/producto\/les-finestres-de-lanima-la-fuerza-de-la-sangre-la-encantadora-de-serpientes\/#primaryimage\",\"url\":\"https:\/\/publicaciones.castello.es\/wp-content\/uploads\/2025\/09\/Les-finestres-de-lanima.jpg\",\"contentUrl\":\"https:\/\/publicaciones.castello.es\/wp-content\/uploads\/2025\/09\/Les-finestres-de-lanima.jpg\",\"width\":1100,\"height\":1100,\"caption\":\"Les finestres de l'\u00e0nima \/ La fuerza de la sangre \/ La encantadora de serpientes\"},{\"@type\":\"BreadcrumbList\",\"@id\":\"https:\/\/publicaciones.castello.es\/es\/producto\/les-finestres-de-lanima-la-fuerza-de-la-sangre-la-encantadora-de-serpientes\/#breadcrumb\",\"itemListElement\":[{\"@type\":\"ListItem\",\"position\":1,\"name\":\"Home\",\"item\":\"https:\/\/publicaciones.castello.es\/es\/\"},{\"@type\":\"ListItem\",\"position\":2,\"name\":\"Tienda\",\"item\":\"https:\/\/publicaciones.castello.es\/es\/tienda\/\"},{\"@type\":\"ListItem\",\"position\":3,\"name\":\"Les finestres de l&#8217;\u00e0nima \/ La fuerza de la sangre \/ La encantadora de serpientes\"}]},{\"@type\":\"WebSite\",\"@id\":\"https:\/\/publicaciones.castello.es\/#website\",\"url\":\"https:\/\/publicaciones.castello.es\/\",\"name\":\"Llibrer\u00eda Municipal Ajuntament de Castell\u00f3\",\"description\":\"\",\"publisher\":{\"@id\":\"https:\/\/publicaciones.castello.es\/#organization\"},\"potentialAction\":[{\"@type\":\"SearchAction\",\"target\":{\"@type\":\"EntryPoint\",\"urlTemplate\":\"https:\/\/publicaciones.castello.es\/?s={search_term_string}\"},\"query-input\":{\"@type\":\"PropertyValueSpecification\",\"valueRequired\":true,\"valueName\":\"search_term_string\"}}],\"inLanguage\":\"es\"},{\"@type\":\"Organization\",\"@id\":\"https:\/\/publicaciones.castello.es\/#organization\",\"name\":\"Llibrer\u00eda Municipal Ajuntament de Castell\u00f3\",\"url\":\"https:\/\/publicaciones.castello.es\/\",\"logo\":{\"@type\":\"ImageObject\",\"inLanguage\":\"es\",\"@id\":\"https:\/\/publicaciones.castello.es\/#\/schema\/logo\/image\/\",\"url\":\"https:\/\/publicaciones.castello.es\/wp-content\/uploads\/2025\/06\/logo-libreria.png\",\"contentUrl\":\"https:\/\/publicaciones.castello.es\/wp-content\/uploads\/2025\/06\/logo-libreria.png\",\"width\":274,\"height\":113,\"caption\":\"Llibrer\u00eda Municipal Ajuntament de Castell\u00f3\"},\"image\":{\"@id\":\"https:\/\/publicaciones.castello.es\/#\/schema\/logo\/image\/\"}}]}<\/script>\n<!-- \/ Yoast SEO plugin. -->","yoast_head_json":{"title":"Les finestres de l'\u00e0nima \/ La fuerza de la sangre \/ La encantadora de serpientes - Venta de Publicaciones del Ayto. Castell\u00f3n","robots":{"index":"index","follow":"follow","max-snippet":"max-snippet:-1","max-image-preview":"max-image-preview:large","max-video-preview":"max-video-preview:-1"},"canonical":"https:\/\/publicaciones.castello.es\/es\/producto\/les-finestres-de-lanima-la-fuerza-de-la-sangre-la-encantadora-de-serpientes\/","og_locale":"es_ES","og_type":"article","og_title":"Les finestres de l'\u00e0nima \/ La fuerza de la sangre \/ La encantadora de serpientes - Venta de Publicaciones del Ayto. Castell\u00f3n","og_description":"T\u00edtulo: Les finestres de l'\u00e0nima \/ La fuerza de la sangre \/ La encantadora de serpientes Autor: DOMINIQUE VERNAY y ANNA MONER COLONQUES Editorial: Ajuntament de Castell\u00f3 Colecci\u00f3n: Columna \/ Premi Relats de Dones Idioma: Valenciano \/ Castellano Sinopsis: Premio Relatos de Mujeres 2010. Primer premio: \"Les finestres de l'\u00e0nima\" de Anna Moner; \"La fuerza de la sangre\" de Eva Balaguer-Cort\u00e9s L\u00f3pez; \"La encantadora de serpientes\" de Dominique Vernay Juillet.","og_url":"https:\/\/publicaciones.castello.es\/es\/producto\/les-finestres-de-lanima-la-fuerza-de-la-sangre-la-encantadora-de-serpientes\/","og_site_name":"Venta de Publicaciones del Ayto. Castell\u00f3n","article_modified_time":"2025-09-25T07:28:37+00:00","og_image":[{"width":1100,"height":1100,"url":"https:\/\/publicaciones.castello.es\/wp-content\/uploads\/2025\/09\/Les-finestres-de-lanima.jpg","type":"image\/jpeg"}],"twitter_card":"summary_large_image","schema":{"@context":"https:\/\/schema.org","@graph":[{"@type":"WebPage","@id":"https:\/\/publicaciones.castello.es\/es\/producto\/les-finestres-de-lanima-la-fuerza-de-la-sangre-la-encantadora-de-serpientes\/","url":"https:\/\/publicaciones.castello.es\/es\/producto\/les-finestres-de-lanima-la-fuerza-de-la-sangre-la-encantadora-de-serpientes\/","name":"Les finestres de l'\u00e0nima \/ La fuerza de la sangre \/ La encantadora de serpientes - Venta de Publicaciones del Ayto. Castell\u00f3n","isPartOf":{"@id":"https:\/\/publicaciones.castello.es\/#website"},"primaryImageOfPage":{"@id":"https:\/\/publicaciones.castello.es\/es\/producto\/les-finestres-de-lanima-la-fuerza-de-la-sangre-la-encantadora-de-serpientes\/#primaryimage"},"image":{"@id":"https:\/\/publicaciones.castello.es\/es\/producto\/les-finestres-de-lanima-la-fuerza-de-la-sangre-la-encantadora-de-serpientes\/#primaryimage"},"thumbnailUrl":"https:\/\/publicaciones.castello.es\/wp-content\/uploads\/2025\/09\/Les-finestres-de-lanima.jpg","datePublished":"2025-09-08T11:34:12+00:00","dateModified":"2025-09-25T07:28:37+00:00","breadcrumb":{"@id":"https:\/\/publicaciones.castello.es\/es\/producto\/les-finestres-de-lanima-la-fuerza-de-la-sangre-la-encantadora-de-serpientes\/#breadcrumb"},"inLanguage":"es","potentialAction":[{"@type":"ReadAction","target":["https:\/\/publicaciones.castello.es\/es\/producto\/les-finestres-de-lanima-la-fuerza-de-la-sangre-la-encantadora-de-serpientes\/"]}]},{"@type":"ImageObject","inLanguage":"es","@id":"https:\/\/publicaciones.castello.es\/es\/producto\/les-finestres-de-lanima-la-fuerza-de-la-sangre-la-encantadora-de-serpientes\/#primaryimage","url":"https:\/\/publicaciones.castello.es\/wp-content\/uploads\/2025\/09\/Les-finestres-de-lanima.jpg","contentUrl":"https:\/\/publicaciones.castello.es\/wp-content\/uploads\/2025\/09\/Les-finestres-de-lanima.jpg","width":1100,"height":1100,"caption":"Les finestres de l'\u00e0nima \/ La fuerza de la sangre \/ La encantadora de serpientes"},{"@type":"BreadcrumbList","@id":"https:\/\/publicaciones.castello.es\/es\/producto\/les-finestres-de-lanima-la-fuerza-de-la-sangre-la-encantadora-de-serpientes\/#breadcrumb","itemListElement":[{"@type":"ListItem","position":1,"name":"Home","item":"https:\/\/publicaciones.castello.es\/es\/"},{"@type":"ListItem","position":2,"name":"Tienda","item":"https:\/\/publicaciones.castello.es\/es\/tienda\/"},{"@type":"ListItem","position":3,"name":"Les finestres de l&#8217;\u00e0nima \/ La fuerza de la sangre \/ La encantadora de serpientes"}]},{"@type":"WebSite","@id":"https:\/\/publicaciones.castello.es\/#website","url":"https:\/\/publicaciones.castello.es\/","name":"Llibrer\u00eda Municipal Ajuntament de Castell\u00f3","description":"","publisher":{"@id":"https:\/\/publicaciones.castello.es\/#organization"},"potentialAction":[{"@type":"SearchAction","target":{"@type":"EntryPoint","urlTemplate":"https:\/\/publicaciones.castello.es\/?s={search_term_string}"},"query-input":{"@type":"PropertyValueSpecification","valueRequired":true,"valueName":"search_term_string"}}],"inLanguage":"es"},{"@type":"Organization","@id":"https:\/\/publicaciones.castello.es\/#organization","name":"Llibrer\u00eda Municipal Ajuntament de Castell\u00f3","url":"https:\/\/publicaciones.castello.es\/","logo":{"@type":"ImageObject","inLanguage":"es","@id":"https:\/\/publicaciones.castello.es\/#\/schema\/logo\/image\/","url":"https:\/\/publicaciones.castello.es\/wp-content\/uploads\/2025\/06\/logo-libreria.png","contentUrl":"https:\/\/publicaciones.castello.es\/wp-content\/uploads\/2025\/06\/logo-libreria.png","width":274,"height":113,"caption":"Llibrer\u00eda Municipal Ajuntament de Castell\u00f3"},"image":{"@id":"https:\/\/publicaciones.castello.es\/#\/schema\/logo\/image\/"}}]}},"_links":{"self":[{"href":"https:\/\/publicaciones.castello.es\/es\/wp-json\/wp\/v2\/product\/2153","targetHints":{"allow":["GET"]}}],"collection":[{"href":"https:\/\/publicaciones.castello.es\/es\/wp-json\/wp\/v2\/product"}],"about":[{"href":"https:\/\/publicaciones.castello.es\/es\/wp-json\/wp\/v2\/types\/product"}],"replies":[{"embeddable":true,"href":"https:\/\/publicaciones.castello.es\/es\/wp-json\/wp\/v2\/comments?post=2153"}],"wp:featuredmedia":[{"embeddable":true,"href":"https:\/\/publicaciones.castello.es\/es\/wp-json\/wp\/v2\/media\/2155"}],"wp:attachment":[{"href":"https:\/\/publicaciones.castello.es\/es\/wp-json\/wp\/v2\/media?parent=2153"}],"wp:term":[{"taxonomy":"product_brand","embeddable":true,"href":"https:\/\/publicaciones.castello.es\/es\/wp-json\/wp\/v2\/product_brand?post=2153"},{"taxonomy":"product_cat","embeddable":true,"href":"https:\/\/publicaciones.castello.es\/es\/wp-json\/wp\/v2\/product_cat?post=2153"},{"taxonomy":"product_tag","embeddable":true,"href":"https:\/\/publicaciones.castello.es\/es\/wp-json\/wp\/v2\/product_tag?post=2153"}],"curies":[{"name":"wp","href":"https:\/\/api.w.org\/{rel}","templated":true}]}}