{"id":2398,"date":"2025-09-09T14:39:43","date_gmt":"2025-09-09T12:39:43","guid":{"rendered":"https:\/\/publicaciones.castello.es\/?post_type=product&#038;p=2398"},"modified":"2025-09-23T14:17:30","modified_gmt":"2025-09-23T12:17:30","slug":"ordenanzas-para-el-regimen-y-gobierno-de-la-ilustre-villa-de-castellon-de-la-plana-1795","status":"publish","type":"product","link":"https:\/\/publicaciones.castello.es\/es\/producto\/ordenanzas-para-el-regimen-y-gobierno-de-la-ilustre-villa-de-castellon-de-la-plana-1795\/","title":{"rendered":"Ordenanzas para el r\u00e9gimen y gobierno de la ilustre villa de Castell\u00f3n de la Plana, 1795"},"content":{"rendered":"","protected":false},"excerpt":{"rendered":"<p><strong>T\u00edtulo:<\/strong> Ordenanzas para el r\u00e9gimen y gobierno de la ilustre villa de Castell\u00f3n de la Plana, 1795<br \/>\n<strong>Autor:<\/strong><br \/>\n<strong>Editorial:<\/strong> Ajuntament de Castell\u00f3<br \/>\n<strong>Colecci\u00f3n:<\/strong> Biblioteca d&#8217;autors castellonencs i llibres singulars<br \/>\n<strong>Idioma:<\/strong> Castellano<br \/>\n<strong>Sinopsis:<\/strong> A lo largo del siglo XVIII, se asiste a una paulatina instauraci\u00f3n de los nuevos estatutos municipales borb\u00f3nicos. Una buena muestra de ello, fue la aprobaci\u00f3n, durante el reinado de Carlos III, de estas Ordenanzas que regulaban gran variedad de temas municipales. Reproducci\u00f3n facs\u00edmil de la edici\u00f3n impresa en 1785 en Valencia en la imprenta de Benito Monfort.<\/p>\n","protected":false},"featured_media":2400,"comment_status":"open","ping_status":"closed","template":"","meta":{"site-sidebar-layout":"default","site-content-layout":"","ast-site-content-layout":"default","site-content-style":"default","site-sidebar-style":"default","ast-global-header-display":"","ast-banner-title-visibility":"","ast-main-header-display":"","ast-hfb-above-header-display":"","ast-hfb-below-header-display":"","ast-hfb-mobile-header-display":"","site-post-title":"","ast-breadcrumbs-content":"","ast-featured-img":"","footer-sml-layout":"","theme-transparent-header-meta":"default","adv-header-id-meta":"","stick-header-meta":"","header-above-stick-meta":"","header-main-stick-meta":"","header-below-stick-meta":"","astra-migrate-meta-layouts":"set","ast-page-background-enabled":"default","ast-page-background-meta":{"desktop":{"background-color":"var(--ast-global-color-4)","background-image":"","background-repeat":"repeat","background-position":"center center","background-size":"auto","background-attachment":"scroll","background-type":"","background-media":"","overlay-type":"","overlay-color":"","overlay-opacity":"","overlay-gradient":""},"tablet":{"background-color":"","background-image":"","background-repeat":"repeat","background-position":"center center","background-size":"auto","background-attachment":"scroll","background-type":"","background-media":"","overlay-type":"","overlay-color":"","overlay-opacity":"","overlay-gradient":""},"mobile":{"background-color":"","background-image":"","background-repeat":"repeat","background-position":"center center","background-size":"auto","background-attachment":"scroll","background-type":"","background-media":"","overlay-type":"","overlay-color":"","overlay-opacity":"","overlay-gradient":""}},"ast-content-background-meta":{"desktop":{"background-color":"var(--ast-global-color-5)","background-image":"","background-repeat":"repeat","background-position":"center center","background-size":"auto","background-attachment":"scroll","background-type":"","background-media":"","overlay-type":"","overlay-color":"","overlay-opacity":"","overlay-gradient":""},"tablet":{"background-color":"var(--ast-global-color-5)","background-image":"","background-repeat":"repeat","background-position":"center center","background-size":"auto","background-attachment":"scroll","background-type":"","background-media":"","overlay-type":"","overlay-color":"","overlay-opacity":"","overlay-gradient":""},"mobile":{"background-color":"var(--ast-global-color-5)","background-image":"","background-repeat":"repeat","background-position":"center center","background-size":"auto","background-attachment":"scroll","background-type":"","background-media":"","overlay-type":"","overlay-color":"","overlay-opacity":"","overlay-gradient":""}}},"product_brand":[],"product_cat":[106,3434,27],"product_tag":[],"class_list":{"0":"post-2398","1":"product","2":"type-product","3":"status-publish","4":"has-post-thumbnail","6":"product_cat-biblioteca-dautors-castellonencs-i-llibres-singulars","7":"product_cat-castellano","8":"product_cat-papel","9":"desktop-align-left","10":"tablet-align-left","11":"mobile-align-left","12":"ast-product-gallery-layout-horizontal-slider","13":"ast-product-gallery-with-no-image","14":"ast-product-tabs-layout-horizontal","16":"first","17":"instock","18":"taxable","19":"shipping-taxable","20":"purchasable","21":"product-type-simple"},"yoast_head":"<!-- This site is optimized with the Yoast SEO plugin v26.1.1 - https:\/\/yoast.com\/wordpress\/plugins\/seo\/ -->\n<title>Ordenanzas para el r\u00e9gimen y gobierno de la ilustre villa de Castell\u00f3n de la Plana, 1795 - Venta de Publicaciones del Ayto. Castell\u00f3n<\/title>\n<meta name=\"robots\" content=\"index, follow, max-snippet:-1, max-image-preview:large, max-video-preview:-1\" \/>\n<link rel=\"canonical\" href=\"https:\/\/publicaciones.castello.es\/es\/producto\/ordenanzas-para-el-regimen-y-gobierno-de-la-ilustre-villa-de-castellon-de-la-plana-1795\/\" \/>\n<meta property=\"og:locale\" content=\"es_ES\" \/>\n<meta property=\"og:type\" content=\"article\" \/>\n<meta property=\"og:title\" content=\"Ordenanzas para el r\u00e9gimen y gobierno de la ilustre villa de Castell\u00f3n de la Plana, 1795 - Venta de Publicaciones del Ayto. Castell\u00f3n\" \/>\n<meta property=\"og:description\" content=\"T\u00edtulo: Ordenanzas para el r\u00e9gimen y gobierno de la ilustre villa de Castell\u00f3n de la Plana, 1795 Autor: Editorial: Ajuntament de Castell\u00f3 Colecci\u00f3n: Biblioteca d&#039;autors castellonencs i llibres singulars Idioma: Castellano Sinopsis: A lo largo del siglo XVIII, se asiste a una paulatina instauraci\u00f3n de los nuevos estatutos municipales borb\u00f3nicos. Una buena muestra de ello, fue la aprobaci\u00f3n, durante el reinado de Carlos III, de estas Ordenanzas que regulaban gran variedad de temas municipales. Reproducci\u00f3n facs\u00edmil de la edici\u00f3n impresa en 1785 en Valencia en la imprenta de Benito Monfort.\" \/>\n<meta property=\"og:url\" content=\"https:\/\/publicaciones.castello.es\/es\/producto\/ordenanzas-para-el-regimen-y-gobierno-de-la-ilustre-villa-de-castellon-de-la-plana-1795\/\" \/>\n<meta property=\"og:site_name\" content=\"Venta de Publicaciones del Ayto. Castell\u00f3n\" \/>\n<meta property=\"article:modified_time\" content=\"2025-09-23T12:17:30+00:00\" \/>\n<meta property=\"og:image\" content=\"https:\/\/publicaciones.castello.es\/wp-content\/uploads\/2025\/09\/Ordenanzas-para-el-regimen-y-gobierno.jpg\" \/>\n\t<meta property=\"og:image:width\" content=\"1100\" \/>\n\t<meta property=\"og:image:height\" content=\"1100\" \/>\n\t<meta property=\"og:image:type\" content=\"image\/jpeg\" \/>\n<meta name=\"twitter:card\" content=\"summary_large_image\" \/>\n<script type=\"application\/ld+json\" class=\"yoast-schema-graph\">{\"@context\":\"https:\/\/schema.org\",\"@graph\":[{\"@type\":\"WebPage\",\"@id\":\"https:\/\/publicaciones.castello.es\/es\/producto\/ordenanzas-para-el-regimen-y-gobierno-de-la-ilustre-villa-de-castellon-de-la-plana-1795\/\",\"url\":\"https:\/\/publicaciones.castello.es\/es\/producto\/ordenanzas-para-el-regimen-y-gobierno-de-la-ilustre-villa-de-castellon-de-la-plana-1795\/\",\"name\":\"Ordenanzas para el r\u00e9gimen y gobierno de la ilustre villa de Castell\u00f3n de la Plana, 1795 - Venta de Publicaciones del Ayto. Castell\u00f3n\",\"isPartOf\":{\"@id\":\"https:\/\/publicaciones.castello.es\/#website\"},\"primaryImageOfPage\":{\"@id\":\"https:\/\/publicaciones.castello.es\/es\/producto\/ordenanzas-para-el-regimen-y-gobierno-de-la-ilustre-villa-de-castellon-de-la-plana-1795\/#primaryimage\"},\"image\":{\"@id\":\"https:\/\/publicaciones.castello.es\/es\/producto\/ordenanzas-para-el-regimen-y-gobierno-de-la-ilustre-villa-de-castellon-de-la-plana-1795\/#primaryimage\"},\"thumbnailUrl\":\"https:\/\/publicaciones.castello.es\/wp-content\/uploads\/2025\/09\/Ordenanzas-para-el-regimen-y-gobierno.jpg\",\"datePublished\":\"2025-09-09T12:39:43+00:00\",\"dateModified\":\"2025-09-23T12:17:30+00:00\",\"breadcrumb\":{\"@id\":\"https:\/\/publicaciones.castello.es\/es\/producto\/ordenanzas-para-el-regimen-y-gobierno-de-la-ilustre-villa-de-castellon-de-la-plana-1795\/#breadcrumb\"},\"inLanguage\":\"es\",\"potentialAction\":[{\"@type\":\"ReadAction\",\"target\":[\"https:\/\/publicaciones.castello.es\/es\/producto\/ordenanzas-para-el-regimen-y-gobierno-de-la-ilustre-villa-de-castellon-de-la-plana-1795\/\"]}]},{\"@type\":\"ImageObject\",\"inLanguage\":\"es\",\"@id\":\"https:\/\/publicaciones.castello.es\/es\/producto\/ordenanzas-para-el-regimen-y-gobierno-de-la-ilustre-villa-de-castellon-de-la-plana-1795\/#primaryimage\",\"url\":\"https:\/\/publicaciones.castello.es\/wp-content\/uploads\/2025\/09\/Ordenanzas-para-el-regimen-y-gobierno.jpg\",\"contentUrl\":\"https:\/\/publicaciones.castello.es\/wp-content\/uploads\/2025\/09\/Ordenanzas-para-el-regimen-y-gobierno.jpg\",\"width\":1100,\"height\":1100,\"caption\":\"Ordenanzas para el r\u00e9gimen y gobierno de la ilustre villa de Castell\u00f3n de la Plana, 1795\"},{\"@type\":\"BreadcrumbList\",\"@id\":\"https:\/\/publicaciones.castello.es\/es\/producto\/ordenanzas-para-el-regimen-y-gobierno-de-la-ilustre-villa-de-castellon-de-la-plana-1795\/#breadcrumb\",\"itemListElement\":[{\"@type\":\"ListItem\",\"position\":1,\"name\":\"Home\",\"item\":\"https:\/\/publicaciones.castello.es\/es\/\"},{\"@type\":\"ListItem\",\"position\":2,\"name\":\"Tienda\",\"item\":\"https:\/\/publicaciones.castello.es\/es\/tienda\/\"},{\"@type\":\"ListItem\",\"position\":3,\"name\":\"Ordenanzas para el r\u00e9gimen y gobierno de la ilustre villa de Castell\u00f3n de la Plana, 1795\"}]},{\"@type\":\"WebSite\",\"@id\":\"https:\/\/publicaciones.castello.es\/#website\",\"url\":\"https:\/\/publicaciones.castello.es\/\",\"name\":\"Llibrer\u00eda Municipal Ajuntament de Castell\u00f3\",\"description\":\"\",\"publisher\":{\"@id\":\"https:\/\/publicaciones.castello.es\/#organization\"},\"potentialAction\":[{\"@type\":\"SearchAction\",\"target\":{\"@type\":\"EntryPoint\",\"urlTemplate\":\"https:\/\/publicaciones.castello.es\/?s={search_term_string}\"},\"query-input\":{\"@type\":\"PropertyValueSpecification\",\"valueRequired\":true,\"valueName\":\"search_term_string\"}}],\"inLanguage\":\"es\"},{\"@type\":\"Organization\",\"@id\":\"https:\/\/publicaciones.castello.es\/#organization\",\"name\":\"Llibrer\u00eda Municipal Ajuntament de Castell\u00f3\",\"url\":\"https:\/\/publicaciones.castello.es\/\",\"logo\":{\"@type\":\"ImageObject\",\"inLanguage\":\"es\",\"@id\":\"https:\/\/publicaciones.castello.es\/#\/schema\/logo\/image\/\",\"url\":\"https:\/\/publicaciones.castello.es\/wp-content\/uploads\/2025\/06\/logo-libreria.png\",\"contentUrl\":\"https:\/\/publicaciones.castello.es\/wp-content\/uploads\/2025\/06\/logo-libreria.png\",\"width\":274,\"height\":113,\"caption\":\"Llibrer\u00eda Municipal Ajuntament de Castell\u00f3\"},\"image\":{\"@id\":\"https:\/\/publicaciones.castello.es\/#\/schema\/logo\/image\/\"}}]}<\/script>\n<!-- \/ Yoast SEO plugin. -->","yoast_head_json":{"title":"Ordenanzas para el r\u00e9gimen y gobierno de la ilustre villa de Castell\u00f3n de la Plana, 1795 - Venta de Publicaciones del Ayto. Castell\u00f3n","robots":{"index":"index","follow":"follow","max-snippet":"max-snippet:-1","max-image-preview":"max-image-preview:large","max-video-preview":"max-video-preview:-1"},"canonical":"https:\/\/publicaciones.castello.es\/es\/producto\/ordenanzas-para-el-regimen-y-gobierno-de-la-ilustre-villa-de-castellon-de-la-plana-1795\/","og_locale":"es_ES","og_type":"article","og_title":"Ordenanzas para el r\u00e9gimen y gobierno de la ilustre villa de Castell\u00f3n de la Plana, 1795 - Venta de Publicaciones del Ayto. Castell\u00f3n","og_description":"T\u00edtulo: Ordenanzas para el r\u00e9gimen y gobierno de la ilustre villa de Castell\u00f3n de la Plana, 1795 Autor: Editorial: Ajuntament de Castell\u00f3 Colecci\u00f3n: Biblioteca d'autors castellonencs i llibres singulars Idioma: Castellano Sinopsis: A lo largo del siglo XVIII, se asiste a una paulatina instauraci\u00f3n de los nuevos estatutos municipales borb\u00f3nicos. Una buena muestra de ello, fue la aprobaci\u00f3n, durante el reinado de Carlos III, de estas Ordenanzas que regulaban gran variedad de temas municipales. Reproducci\u00f3n facs\u00edmil de la edici\u00f3n impresa en 1785 en Valencia en la imprenta de Benito Monfort.","og_url":"https:\/\/publicaciones.castello.es\/es\/producto\/ordenanzas-para-el-regimen-y-gobierno-de-la-ilustre-villa-de-castellon-de-la-plana-1795\/","og_site_name":"Venta de Publicaciones del Ayto. Castell\u00f3n","article_modified_time":"2025-09-23T12:17:30+00:00","og_image":[{"width":1100,"height":1100,"url":"https:\/\/publicaciones.castello.es\/wp-content\/uploads\/2025\/09\/Ordenanzas-para-el-regimen-y-gobierno.jpg","type":"image\/jpeg"}],"twitter_card":"summary_large_image","schema":{"@context":"https:\/\/schema.org","@graph":[{"@type":"WebPage","@id":"https:\/\/publicaciones.castello.es\/es\/producto\/ordenanzas-para-el-regimen-y-gobierno-de-la-ilustre-villa-de-castellon-de-la-plana-1795\/","url":"https:\/\/publicaciones.castello.es\/es\/producto\/ordenanzas-para-el-regimen-y-gobierno-de-la-ilustre-villa-de-castellon-de-la-plana-1795\/","name":"Ordenanzas para el r\u00e9gimen y gobierno de la ilustre villa de Castell\u00f3n de la Plana, 1795 - Venta de Publicaciones del Ayto. Castell\u00f3n","isPartOf":{"@id":"https:\/\/publicaciones.castello.es\/#website"},"primaryImageOfPage":{"@id":"https:\/\/publicaciones.castello.es\/es\/producto\/ordenanzas-para-el-regimen-y-gobierno-de-la-ilustre-villa-de-castellon-de-la-plana-1795\/#primaryimage"},"image":{"@id":"https:\/\/publicaciones.castello.es\/es\/producto\/ordenanzas-para-el-regimen-y-gobierno-de-la-ilustre-villa-de-castellon-de-la-plana-1795\/#primaryimage"},"thumbnailUrl":"https:\/\/publicaciones.castello.es\/wp-content\/uploads\/2025\/09\/Ordenanzas-para-el-regimen-y-gobierno.jpg","datePublished":"2025-09-09T12:39:43+00:00","dateModified":"2025-09-23T12:17:30+00:00","breadcrumb":{"@id":"https:\/\/publicaciones.castello.es\/es\/producto\/ordenanzas-para-el-regimen-y-gobierno-de-la-ilustre-villa-de-castellon-de-la-plana-1795\/#breadcrumb"},"inLanguage":"es","potentialAction":[{"@type":"ReadAction","target":["https:\/\/publicaciones.castello.es\/es\/producto\/ordenanzas-para-el-regimen-y-gobierno-de-la-ilustre-villa-de-castellon-de-la-plana-1795\/"]}]},{"@type":"ImageObject","inLanguage":"es","@id":"https:\/\/publicaciones.castello.es\/es\/producto\/ordenanzas-para-el-regimen-y-gobierno-de-la-ilustre-villa-de-castellon-de-la-plana-1795\/#primaryimage","url":"https:\/\/publicaciones.castello.es\/wp-content\/uploads\/2025\/09\/Ordenanzas-para-el-regimen-y-gobierno.jpg","contentUrl":"https:\/\/publicaciones.castello.es\/wp-content\/uploads\/2025\/09\/Ordenanzas-para-el-regimen-y-gobierno.jpg","width":1100,"height":1100,"caption":"Ordenanzas para el r\u00e9gimen y gobierno de la ilustre villa de Castell\u00f3n de la Plana, 1795"},{"@type":"BreadcrumbList","@id":"https:\/\/publicaciones.castello.es\/es\/producto\/ordenanzas-para-el-regimen-y-gobierno-de-la-ilustre-villa-de-castellon-de-la-plana-1795\/#breadcrumb","itemListElement":[{"@type":"ListItem","position":1,"name":"Home","item":"https:\/\/publicaciones.castello.es\/es\/"},{"@type":"ListItem","position":2,"name":"Tienda","item":"https:\/\/publicaciones.castello.es\/es\/tienda\/"},{"@type":"ListItem","position":3,"name":"Ordenanzas para el r\u00e9gimen y gobierno de la ilustre villa de Castell\u00f3n de la Plana, 1795"}]},{"@type":"WebSite","@id":"https:\/\/publicaciones.castello.es\/#website","url":"https:\/\/publicaciones.castello.es\/","name":"Llibrer\u00eda Municipal Ajuntament de Castell\u00f3","description":"","publisher":{"@id":"https:\/\/publicaciones.castello.es\/#organization"},"potentialAction":[{"@type":"SearchAction","target":{"@type":"EntryPoint","urlTemplate":"https:\/\/publicaciones.castello.es\/?s={search_term_string}"},"query-input":{"@type":"PropertyValueSpecification","valueRequired":true,"valueName":"search_term_string"}}],"inLanguage":"es"},{"@type":"Organization","@id":"https:\/\/publicaciones.castello.es\/#organization","name":"Llibrer\u00eda Municipal Ajuntament de Castell\u00f3","url":"https:\/\/publicaciones.castello.es\/","logo":{"@type":"ImageObject","inLanguage":"es","@id":"https:\/\/publicaciones.castello.es\/#\/schema\/logo\/image\/","url":"https:\/\/publicaciones.castello.es\/wp-content\/uploads\/2025\/06\/logo-libreria.png","contentUrl":"https:\/\/publicaciones.castello.es\/wp-content\/uploads\/2025\/06\/logo-libreria.png","width":274,"height":113,"caption":"Llibrer\u00eda Municipal Ajuntament de Castell\u00f3"},"image":{"@id":"https:\/\/publicaciones.castello.es\/#\/schema\/logo\/image\/"}}]}},"_links":{"self":[{"href":"https:\/\/publicaciones.castello.es\/es\/wp-json\/wp\/v2\/product\/2398","targetHints":{"allow":["GET"]}}],"collection":[{"href":"https:\/\/publicaciones.castello.es\/es\/wp-json\/wp\/v2\/product"}],"about":[{"href":"https:\/\/publicaciones.castello.es\/es\/wp-json\/wp\/v2\/types\/product"}],"replies":[{"embeddable":true,"href":"https:\/\/publicaciones.castello.es\/es\/wp-json\/wp\/v2\/comments?post=2398"}],"wp:featuredmedia":[{"embeddable":true,"href":"https:\/\/publicaciones.castello.es\/es\/wp-json\/wp\/v2\/media\/2400"}],"wp:attachment":[{"href":"https:\/\/publicaciones.castello.es\/es\/wp-json\/wp\/v2\/media?parent=2398"}],"wp:term":[{"taxonomy":"product_brand","embeddable":true,"href":"https:\/\/publicaciones.castello.es\/es\/wp-json\/wp\/v2\/product_brand?post=2398"},{"taxonomy":"product_cat","embeddable":true,"href":"https:\/\/publicaciones.castello.es\/es\/wp-json\/wp\/v2\/product_cat?post=2398"},{"taxonomy":"product_tag","embeddable":true,"href":"https:\/\/publicaciones.castello.es\/es\/wp-json\/wp\/v2\/product_tag?post=2398"}],"curies":[{"name":"wp","href":"https:\/\/api.w.org\/{rel}","templated":true}]}}