{"id":2484,"date":"2025-09-10T15:02:18","date_gmt":"2025-09-10T13:02:18","guid":{"rendered":"https:\/\/publicaciones.castello.es\/?post_type=product&#038;p=2484"},"modified":"2025-09-23T14:07:03","modified_gmt":"2025-09-23T12:07:03","slug":"prensa-y-politica-en-la-vida-de-jose-castello-y-tarrega-1865-1938-la-ambicion-politica-y-social-de-un-personaje-en-el-castello-de-la-plana-de-entresiglos","status":"publish","type":"product","link":"https:\/\/publicaciones.castello.es\/es\/producto\/prensa-y-politica-en-la-vida-de-jose-castello-y-tarrega-1865-1938-la-ambicion-politica-y-social-de-un-personaje-en-el-castello-de-la-plana-de-entresiglos\/","title":{"rendered":"Prensa y pol\u00edtica en la vida de Jos\u00e9 Castell\u00f3 y T\u00e1rrega (1865-1938) : La ambici\u00f3n pol\u00edtica y social de un personaje, en el Castell\u00f3 de la Plana de entresiglos"},"content":{"rendered":"","protected":false},"excerpt":{"rendered":"<p><strong>T\u00edtulo:<\/strong> Prensa y pol\u00edtica en la vida de Jos\u00e9 Castell\u00f3 y T\u00e1rrega (1865-1938) : La ambici\u00f3n pol\u00edtica y social de un personaje, en el Castell\u00f3 de la Plana de entresiglos<br \/>\n<strong>Autor:<\/strong> VICENT PERIS GORRIS<br \/>\n<strong>Editorial:<\/strong> Ajuntament de Castell\u00f3<br \/>\n<strong>Colecci\u00f3n:<\/strong> Univerciutat<br \/>\n<strong>Idioma:<\/strong> Castellano<br \/>\n<strong>Sinopsis:<\/strong> \u00abUna investigaci\u00f3n centrada en la Restauraci\u00f3n que trate de entender este periodo en la provincia de Castell\u00f3 tiene que pasar obligatoriamente por las p\u00e1ginas del diario Heraldo de Castell\u00f3n\u00bb. Estas primeras l\u00edneas del pr\u00f3logo de la obra dejan entrever el inter\u00e9s y la importancia de la vida de Jos\u00e9 Castell\u00f3 y T\u00e1rrega. Periodista fundador de uno de los diarios m\u00e1s influyentes del Castell\u00f3 de entresiglos y a\u00f1os posteriores, el protagonista de esta monograf\u00eda hist\u00f3rica cont\u00f3 con un gran recorrido pol\u00edtico. Miembro del Partido Liberal, Castell\u00f3 y T\u00e0rrega ser\u00eda diputado provincial, Gobernador civil de Toledo y Presidente de la Diputaci\u00f3n de Castell\u00f3, cargos que compaginar\u00eda con la gesti\u00f3n de su diario. En definitiva, a lo largo de estas p\u00e1ginas se muestra el recorrido vital y pol\u00edtico de esta influyente figura de las clases medias acomodadas de la ciudad de Castell\u00f3 de la Plana.<\/p>\n","protected":false},"featured_media":2486,"comment_status":"open","ping_status":"closed","template":"","meta":{"site-sidebar-layout":"default","site-content-layout":"","ast-site-content-layout":"default","site-content-style":"default","site-sidebar-style":"default","ast-global-header-display":"","ast-banner-title-visibility":"","ast-main-header-display":"","ast-hfb-above-header-display":"","ast-hfb-below-header-display":"","ast-hfb-mobile-header-display":"","site-post-title":"","ast-breadcrumbs-content":"","ast-featured-img":"","footer-sml-layout":"","theme-transparent-header-meta":"default","adv-header-id-meta":"","stick-header-meta":"","header-above-stick-meta":"","header-main-stick-meta":"","header-below-stick-meta":"","astra-migrate-meta-layouts":"set","ast-page-background-enabled":"default","ast-page-background-meta":{"desktop":{"background-color":"var(--ast-global-color-4)","background-image":"","background-repeat":"repeat","background-position":"center center","background-size":"auto","background-attachment":"scroll","background-type":"","background-media":"","overlay-type":"","overlay-color":"","overlay-opacity":"","overlay-gradient":""},"tablet":{"background-color":"","background-image":"","background-repeat":"repeat","background-position":"center center","background-size":"auto","background-attachment":"scroll","background-type":"","background-media":"","overlay-type":"","overlay-color":"","overlay-opacity":"","overlay-gradient":""},"mobile":{"background-color":"","background-image":"","background-repeat":"repeat","background-position":"center center","background-size":"auto","background-attachment":"scroll","background-type":"","background-media":"","overlay-type":"","overlay-color":"","overlay-opacity":"","overlay-gradient":""}},"ast-content-background-meta":{"desktop":{"background-color":"var(--ast-global-color-5)","background-image":"","background-repeat":"repeat","background-position":"center center","background-size":"auto","background-attachment":"scroll","background-type":"","background-media":"","overlay-type":"","overlay-color":"","overlay-opacity":"","overlay-gradient":""},"tablet":{"background-color":"var(--ast-global-color-5)","background-image":"","background-repeat":"repeat","background-position":"center center","background-size":"auto","background-attachment":"scroll","background-type":"","background-media":"","overlay-type":"","overlay-color":"","overlay-opacity":"","overlay-gradient":""},"mobile":{"background-color":"var(--ast-global-color-5)","background-image":"","background-repeat":"repeat","background-position":"center center","background-size":"auto","background-attachment":"scroll","background-type":"","background-media":"","overlay-type":"","overlay-color":"","overlay-opacity":"","overlay-gradient":""}}},"product_brand":[],"product_cat":[3434,3430,27,107],"product_tag":[],"class_list":{"0":"post-2484","1":"product","2":"type-product","3":"status-publish","4":"has-post-thumbnail","6":"product_cat-castellano","7":"product_cat-novedades","8":"product_cat-papel","9":"product_cat-univerciutat","10":"desktop-align-left","11":"tablet-align-left","12":"mobile-align-left","13":"ast-product-gallery-layout-horizontal-slider","14":"ast-product-gallery-with-no-image","15":"ast-product-tabs-layout-horizontal","17":"first","18":"instock","19":"taxable","20":"shipping-taxable","21":"purchasable","22":"product-type-simple"},"yoast_head":"<!-- This site is optimized with the Yoast SEO plugin v26.1.1 - https:\/\/yoast.com\/wordpress\/plugins\/seo\/ -->\n<title>Prensa y pol\u00edtica en la vida de Jos\u00e9 Castell\u00f3 y T\u00e1rrega (1865-1938) : La ambici\u00f3n pol\u00edtica y social de un personaje, en el Castell\u00f3 de la Plana de entresiglos - Venta de Publicaciones del Ayto. Castell\u00f3n<\/title>\n<meta name=\"robots\" content=\"index, follow, max-snippet:-1, max-image-preview:large, max-video-preview:-1\" \/>\n<link rel=\"canonical\" href=\"https:\/\/publicaciones.castello.es\/es\/producto\/prensa-y-politica-en-la-vida-de-jose-castello-y-tarrega-1865-1938-la-ambicion-politica-y-social-de-un-personaje-en-el-castello-de-la-plana-de-entresiglos\/\" \/>\n<meta property=\"og:locale\" content=\"es_ES\" \/>\n<meta property=\"og:type\" content=\"article\" \/>\n<meta property=\"og:title\" content=\"Prensa y pol\u00edtica en la vida de Jos\u00e9 Castell\u00f3 y T\u00e1rrega (1865-1938) : La ambici\u00f3n pol\u00edtica y social de un personaje, en el Castell\u00f3 de la Plana de entresiglos - Venta de Publicaciones del Ayto. Castell\u00f3n\" \/>\n<meta property=\"og:description\" content=\"T\u00edtulo: Prensa y pol\u00edtica en la vida de Jos\u00e9 Castell\u00f3 y T\u00e1rrega (1865-1938) : La ambici\u00f3n pol\u00edtica y social de un personaje, en el Castell\u00f3 de la Plana de entresiglos Autor: VICENT PERIS GORRIS Editorial: Ajuntament de Castell\u00f3 Colecci\u00f3n: Univerciutat Idioma: Castellano Sinopsis: &quot;Una investigaci\u00f3n centrada en la Restauraci\u00f3n que trate de entender este periodo en la provincia de Castell\u00f3 tiene que pasar obligatoriamente por las p\u00e1ginas del diario Heraldo de Castell\u00f3n&quot;. Estas primeras l\u00edneas del pr\u00f3logo de la obra dejan entrever el inter\u00e9s y la importancia de la vida de Jos\u00e9 Castell\u00f3 y T\u00e1rrega. Periodista fundador de uno de los diarios m\u00e1s influyentes del Castell\u00f3 de entresiglos y a\u00f1os posteriores, el protagonista de esta monograf\u00eda hist\u00f3rica cont\u00f3 con un gran recorrido pol\u00edtico. Miembro del Partido Liberal, Castell\u00f3 y T\u00e0rrega ser\u00eda diputado provincial, Gobernador civil de Toledo y Presidente de la Diputaci\u00f3n de Castell\u00f3, cargos que compaginar\u00eda con la gesti\u00f3n de su diario. En definitiva, a lo largo de estas p\u00e1ginas se muestra el recorrido vital y pol\u00edtico de esta influyente figura de las clases medias acomodadas de la ciudad de Castell\u00f3 de la Plana.\" \/>\n<meta property=\"og:url\" content=\"https:\/\/publicaciones.castello.es\/es\/producto\/prensa-y-politica-en-la-vida-de-jose-castello-y-tarrega-1865-1938-la-ambicion-politica-y-social-de-un-personaje-en-el-castello-de-la-plana-de-entresiglos\/\" \/>\n<meta property=\"og:site_name\" content=\"Venta de Publicaciones del Ayto. Castell\u00f3n\" \/>\n<meta property=\"article:modified_time\" content=\"2025-09-23T12:07:03+00:00\" \/>\n<meta property=\"og:image\" content=\"https:\/\/publicaciones.castello.es\/wp-content\/uploads\/2025\/09\/prensa-y-politica-en-la-vida-de-Jose-Castello-y-Tarrega.jpg\" \/>\n\t<meta property=\"og:image:width\" content=\"1100\" \/>\n\t<meta property=\"og:image:height\" content=\"1100\" \/>\n\t<meta property=\"og:image:type\" content=\"image\/jpeg\" \/>\n<meta name=\"twitter:card\" content=\"summary_large_image\" \/>\n<script type=\"application\/ld+json\" class=\"yoast-schema-graph\">{\"@context\":\"https:\/\/schema.org\",\"@graph\":[{\"@type\":\"WebPage\",\"@id\":\"https:\/\/publicaciones.castello.es\/es\/producto\/prensa-y-politica-en-la-vida-de-jose-castello-y-tarrega-1865-1938-la-ambicion-politica-y-social-de-un-personaje-en-el-castello-de-la-plana-de-entresiglos\/\",\"url\":\"https:\/\/publicaciones.castello.es\/es\/producto\/prensa-y-politica-en-la-vida-de-jose-castello-y-tarrega-1865-1938-la-ambicion-politica-y-social-de-un-personaje-en-el-castello-de-la-plana-de-entresiglos\/\",\"name\":\"Prensa y pol\u00edtica en la vida de Jos\u00e9 Castell\u00f3 y T\u00e1rrega (1865-1938) : La ambici\u00f3n pol\u00edtica y social de un personaje, en el Castell\u00f3 de la Plana de entresiglos - Venta de Publicaciones del Ayto. Castell\u00f3n\",\"isPartOf\":{\"@id\":\"https:\/\/publicaciones.castello.es\/#website\"},\"primaryImageOfPage\":{\"@id\":\"https:\/\/publicaciones.castello.es\/es\/producto\/prensa-y-politica-en-la-vida-de-jose-castello-y-tarrega-1865-1938-la-ambicion-politica-y-social-de-un-personaje-en-el-castello-de-la-plana-de-entresiglos\/#primaryimage\"},\"image\":{\"@id\":\"https:\/\/publicaciones.castello.es\/es\/producto\/prensa-y-politica-en-la-vida-de-jose-castello-y-tarrega-1865-1938-la-ambicion-politica-y-social-de-un-personaje-en-el-castello-de-la-plana-de-entresiglos\/#primaryimage\"},\"thumbnailUrl\":\"https:\/\/publicaciones.castello.es\/wp-content\/uploads\/2025\/09\/prensa-y-politica-en-la-vida-de-Jose-Castello-y-Tarrega.jpg\",\"datePublished\":\"2025-09-10T13:02:18+00:00\",\"dateModified\":\"2025-09-23T12:07:03+00:00\",\"breadcrumb\":{\"@id\":\"https:\/\/publicaciones.castello.es\/es\/producto\/prensa-y-politica-en-la-vida-de-jose-castello-y-tarrega-1865-1938-la-ambicion-politica-y-social-de-un-personaje-en-el-castello-de-la-plana-de-entresiglos\/#breadcrumb\"},\"inLanguage\":\"es\",\"potentialAction\":[{\"@type\":\"ReadAction\",\"target\":[\"https:\/\/publicaciones.castello.es\/es\/producto\/prensa-y-politica-en-la-vida-de-jose-castello-y-tarrega-1865-1938-la-ambicion-politica-y-social-de-un-personaje-en-el-castello-de-la-plana-de-entresiglos\/\"]}]},{\"@type\":\"ImageObject\",\"inLanguage\":\"es\",\"@id\":\"https:\/\/publicaciones.castello.es\/es\/producto\/prensa-y-politica-en-la-vida-de-jose-castello-y-tarrega-1865-1938-la-ambicion-politica-y-social-de-un-personaje-en-el-castello-de-la-plana-de-entresiglos\/#primaryimage\",\"url\":\"https:\/\/publicaciones.castello.es\/wp-content\/uploads\/2025\/09\/prensa-y-politica-en-la-vida-de-Jose-Castello-y-Tarrega.jpg\",\"contentUrl\":\"https:\/\/publicaciones.castello.es\/wp-content\/uploads\/2025\/09\/prensa-y-politica-en-la-vida-de-Jose-Castello-y-Tarrega.jpg\",\"width\":1100,\"height\":1100,\"caption\":\"Prensa y pol\u00edtica en la vida de Jos\u00e9 Castell\u00f3 y T\u00e1rrega (1865-1938) : La ambici\u00f3n pol\u00edtica y social de un personaje, en el Castell\u00f3 de la Plana de entresiglos\"},{\"@type\":\"BreadcrumbList\",\"@id\":\"https:\/\/publicaciones.castello.es\/es\/producto\/prensa-y-politica-en-la-vida-de-jose-castello-y-tarrega-1865-1938-la-ambicion-politica-y-social-de-un-personaje-en-el-castello-de-la-plana-de-entresiglos\/#breadcrumb\",\"itemListElement\":[{\"@type\":\"ListItem\",\"position\":1,\"name\":\"Home\",\"item\":\"https:\/\/publicaciones.castello.es\/es\/\"},{\"@type\":\"ListItem\",\"position\":2,\"name\":\"Tienda\",\"item\":\"https:\/\/publicaciones.castello.es\/es\/tienda\/\"},{\"@type\":\"ListItem\",\"position\":3,\"name\":\"Prensa y pol\u00edtica en la vida de Jos\u00e9 Castell\u00f3 y T\u00e1rrega (1865-1938) : La ambici\u00f3n pol\u00edtica y social de un personaje, en el Castell\u00f3 de la Plana de entresiglos\"}]},{\"@type\":\"WebSite\",\"@id\":\"https:\/\/publicaciones.castello.es\/#website\",\"url\":\"https:\/\/publicaciones.castello.es\/\",\"name\":\"Llibrer\u00eda Municipal Ajuntament de Castell\u00f3\",\"description\":\"\",\"publisher\":{\"@id\":\"https:\/\/publicaciones.castello.es\/#organization\"},\"potentialAction\":[{\"@type\":\"SearchAction\",\"target\":{\"@type\":\"EntryPoint\",\"urlTemplate\":\"https:\/\/publicaciones.castello.es\/?s={search_term_string}\"},\"query-input\":{\"@type\":\"PropertyValueSpecification\",\"valueRequired\":true,\"valueName\":\"search_term_string\"}}],\"inLanguage\":\"es\"},{\"@type\":\"Organization\",\"@id\":\"https:\/\/publicaciones.castello.es\/#organization\",\"name\":\"Llibrer\u00eda Municipal Ajuntament de Castell\u00f3\",\"url\":\"https:\/\/publicaciones.castello.es\/\",\"logo\":{\"@type\":\"ImageObject\",\"inLanguage\":\"es\",\"@id\":\"https:\/\/publicaciones.castello.es\/#\/schema\/logo\/image\/\",\"url\":\"https:\/\/publicaciones.castello.es\/wp-content\/uploads\/2025\/06\/logo-libreria.png\",\"contentUrl\":\"https:\/\/publicaciones.castello.es\/wp-content\/uploads\/2025\/06\/logo-libreria.png\",\"width\":274,\"height\":113,\"caption\":\"Llibrer\u00eda Municipal Ajuntament de Castell\u00f3\"},\"image\":{\"@id\":\"https:\/\/publicaciones.castello.es\/#\/schema\/logo\/image\/\"}}]}<\/script>\n<!-- \/ Yoast SEO plugin. -->","yoast_head_json":{"title":"Prensa y pol\u00edtica en la vida de Jos\u00e9 Castell\u00f3 y T\u00e1rrega (1865-1938) : La ambici\u00f3n pol\u00edtica y social de un personaje, en el Castell\u00f3 de la Plana de entresiglos - Venta de Publicaciones del Ayto. Castell\u00f3n","robots":{"index":"index","follow":"follow","max-snippet":"max-snippet:-1","max-image-preview":"max-image-preview:large","max-video-preview":"max-video-preview:-1"},"canonical":"https:\/\/publicaciones.castello.es\/es\/producto\/prensa-y-politica-en-la-vida-de-jose-castello-y-tarrega-1865-1938-la-ambicion-politica-y-social-de-un-personaje-en-el-castello-de-la-plana-de-entresiglos\/","og_locale":"es_ES","og_type":"article","og_title":"Prensa y pol\u00edtica en la vida de Jos\u00e9 Castell\u00f3 y T\u00e1rrega (1865-1938) : La ambici\u00f3n pol\u00edtica y social de un personaje, en el Castell\u00f3 de la Plana de entresiglos - Venta de Publicaciones del Ayto. Castell\u00f3n","og_description":"T\u00edtulo: Prensa y pol\u00edtica en la vida de Jos\u00e9 Castell\u00f3 y T\u00e1rrega (1865-1938) : La ambici\u00f3n pol\u00edtica y social de un personaje, en el Castell\u00f3 de la Plana de entresiglos Autor: VICENT PERIS GORRIS Editorial: Ajuntament de Castell\u00f3 Colecci\u00f3n: Univerciutat Idioma: Castellano Sinopsis: \"Una investigaci\u00f3n centrada en la Restauraci\u00f3n que trate de entender este periodo en la provincia de Castell\u00f3 tiene que pasar obligatoriamente por las p\u00e1ginas del diario Heraldo de Castell\u00f3n\". Estas primeras l\u00edneas del pr\u00f3logo de la obra dejan entrever el inter\u00e9s y la importancia de la vida de Jos\u00e9 Castell\u00f3 y T\u00e1rrega. Periodista fundador de uno de los diarios m\u00e1s influyentes del Castell\u00f3 de entresiglos y a\u00f1os posteriores, el protagonista de esta monograf\u00eda hist\u00f3rica cont\u00f3 con un gran recorrido pol\u00edtico. Miembro del Partido Liberal, Castell\u00f3 y T\u00e0rrega ser\u00eda diputado provincial, Gobernador civil de Toledo y Presidente de la Diputaci\u00f3n de Castell\u00f3, cargos que compaginar\u00eda con la gesti\u00f3n de su diario. En definitiva, a lo largo de estas p\u00e1ginas se muestra el recorrido vital y pol\u00edtico de esta influyente figura de las clases medias acomodadas de la ciudad de Castell\u00f3 de la Plana.","og_url":"https:\/\/publicaciones.castello.es\/es\/producto\/prensa-y-politica-en-la-vida-de-jose-castello-y-tarrega-1865-1938-la-ambicion-politica-y-social-de-un-personaje-en-el-castello-de-la-plana-de-entresiglos\/","og_site_name":"Venta de Publicaciones del Ayto. Castell\u00f3n","article_modified_time":"2025-09-23T12:07:03+00:00","og_image":[{"width":1100,"height":1100,"url":"https:\/\/publicaciones.castello.es\/wp-content\/uploads\/2025\/09\/prensa-y-politica-en-la-vida-de-Jose-Castello-y-Tarrega.jpg","type":"image\/jpeg"}],"twitter_card":"summary_large_image","schema":{"@context":"https:\/\/schema.org","@graph":[{"@type":"WebPage","@id":"https:\/\/publicaciones.castello.es\/es\/producto\/prensa-y-politica-en-la-vida-de-jose-castello-y-tarrega-1865-1938-la-ambicion-politica-y-social-de-un-personaje-en-el-castello-de-la-plana-de-entresiglos\/","url":"https:\/\/publicaciones.castello.es\/es\/producto\/prensa-y-politica-en-la-vida-de-jose-castello-y-tarrega-1865-1938-la-ambicion-politica-y-social-de-un-personaje-en-el-castello-de-la-plana-de-entresiglos\/","name":"Prensa y pol\u00edtica en la vida de Jos\u00e9 Castell\u00f3 y T\u00e1rrega (1865-1938) : La ambici\u00f3n pol\u00edtica y social de un personaje, en el Castell\u00f3 de la Plana de entresiglos - Venta de Publicaciones del Ayto. Castell\u00f3n","isPartOf":{"@id":"https:\/\/publicaciones.castello.es\/#website"},"primaryImageOfPage":{"@id":"https:\/\/publicaciones.castello.es\/es\/producto\/prensa-y-politica-en-la-vida-de-jose-castello-y-tarrega-1865-1938-la-ambicion-politica-y-social-de-un-personaje-en-el-castello-de-la-plana-de-entresiglos\/#primaryimage"},"image":{"@id":"https:\/\/publicaciones.castello.es\/es\/producto\/prensa-y-politica-en-la-vida-de-jose-castello-y-tarrega-1865-1938-la-ambicion-politica-y-social-de-un-personaje-en-el-castello-de-la-plana-de-entresiglos\/#primaryimage"},"thumbnailUrl":"https:\/\/publicaciones.castello.es\/wp-content\/uploads\/2025\/09\/prensa-y-politica-en-la-vida-de-Jose-Castello-y-Tarrega.jpg","datePublished":"2025-09-10T13:02:18+00:00","dateModified":"2025-09-23T12:07:03+00:00","breadcrumb":{"@id":"https:\/\/publicaciones.castello.es\/es\/producto\/prensa-y-politica-en-la-vida-de-jose-castello-y-tarrega-1865-1938-la-ambicion-politica-y-social-de-un-personaje-en-el-castello-de-la-plana-de-entresiglos\/#breadcrumb"},"inLanguage":"es","potentialAction":[{"@type":"ReadAction","target":["https:\/\/publicaciones.castello.es\/es\/producto\/prensa-y-politica-en-la-vida-de-jose-castello-y-tarrega-1865-1938-la-ambicion-politica-y-social-de-un-personaje-en-el-castello-de-la-plana-de-entresiglos\/"]}]},{"@type":"ImageObject","inLanguage":"es","@id":"https:\/\/publicaciones.castello.es\/es\/producto\/prensa-y-politica-en-la-vida-de-jose-castello-y-tarrega-1865-1938-la-ambicion-politica-y-social-de-un-personaje-en-el-castello-de-la-plana-de-entresiglos\/#primaryimage","url":"https:\/\/publicaciones.castello.es\/wp-content\/uploads\/2025\/09\/prensa-y-politica-en-la-vida-de-Jose-Castello-y-Tarrega.jpg","contentUrl":"https:\/\/publicaciones.castello.es\/wp-content\/uploads\/2025\/09\/prensa-y-politica-en-la-vida-de-Jose-Castello-y-Tarrega.jpg","width":1100,"height":1100,"caption":"Prensa y pol\u00edtica en la vida de Jos\u00e9 Castell\u00f3 y T\u00e1rrega (1865-1938) : La ambici\u00f3n pol\u00edtica y social de un personaje, en el Castell\u00f3 de la Plana de entresiglos"},{"@type":"BreadcrumbList","@id":"https:\/\/publicaciones.castello.es\/es\/producto\/prensa-y-politica-en-la-vida-de-jose-castello-y-tarrega-1865-1938-la-ambicion-politica-y-social-de-un-personaje-en-el-castello-de-la-plana-de-entresiglos\/#breadcrumb","itemListElement":[{"@type":"ListItem","position":1,"name":"Home","item":"https:\/\/publicaciones.castello.es\/es\/"},{"@type":"ListItem","position":2,"name":"Tienda","item":"https:\/\/publicaciones.castello.es\/es\/tienda\/"},{"@type":"ListItem","position":3,"name":"Prensa y pol\u00edtica en la vida de Jos\u00e9 Castell\u00f3 y T\u00e1rrega (1865-1938) : La ambici\u00f3n pol\u00edtica y social de un personaje, en el Castell\u00f3 de la Plana de entresiglos"}]},{"@type":"WebSite","@id":"https:\/\/publicaciones.castello.es\/#website","url":"https:\/\/publicaciones.castello.es\/","name":"Llibrer\u00eda Municipal Ajuntament de Castell\u00f3","description":"","publisher":{"@id":"https:\/\/publicaciones.castello.es\/#organization"},"potentialAction":[{"@type":"SearchAction","target":{"@type":"EntryPoint","urlTemplate":"https:\/\/publicaciones.castello.es\/?s={search_term_string}"},"query-input":{"@type":"PropertyValueSpecification","valueRequired":true,"valueName":"search_term_string"}}],"inLanguage":"es"},{"@type":"Organization","@id":"https:\/\/publicaciones.castello.es\/#organization","name":"Llibrer\u00eda Municipal Ajuntament de Castell\u00f3","url":"https:\/\/publicaciones.castello.es\/","logo":{"@type":"ImageObject","inLanguage":"es","@id":"https:\/\/publicaciones.castello.es\/#\/schema\/logo\/image\/","url":"https:\/\/publicaciones.castello.es\/wp-content\/uploads\/2025\/06\/logo-libreria.png","contentUrl":"https:\/\/publicaciones.castello.es\/wp-content\/uploads\/2025\/06\/logo-libreria.png","width":274,"height":113,"caption":"Llibrer\u00eda Municipal Ajuntament de Castell\u00f3"},"image":{"@id":"https:\/\/publicaciones.castello.es\/#\/schema\/logo\/image\/"}}]}},"_links":{"self":[{"href":"https:\/\/publicaciones.castello.es\/es\/wp-json\/wp\/v2\/product\/2484","targetHints":{"allow":["GET"]}}],"collection":[{"href":"https:\/\/publicaciones.castello.es\/es\/wp-json\/wp\/v2\/product"}],"about":[{"href":"https:\/\/publicaciones.castello.es\/es\/wp-json\/wp\/v2\/types\/product"}],"replies":[{"embeddable":true,"href":"https:\/\/publicaciones.castello.es\/es\/wp-json\/wp\/v2\/comments?post=2484"}],"wp:featuredmedia":[{"embeddable":true,"href":"https:\/\/publicaciones.castello.es\/es\/wp-json\/wp\/v2\/media\/2486"}],"wp:attachment":[{"href":"https:\/\/publicaciones.castello.es\/es\/wp-json\/wp\/v2\/media?parent=2484"}],"wp:term":[{"taxonomy":"product_brand","embeddable":true,"href":"https:\/\/publicaciones.castello.es\/es\/wp-json\/wp\/v2\/product_brand?post=2484"},{"taxonomy":"product_cat","embeddable":true,"href":"https:\/\/publicaciones.castello.es\/es\/wp-json\/wp\/v2\/product_cat?post=2484"},{"taxonomy":"product_tag","embeddable":true,"href":"https:\/\/publicaciones.castello.es\/es\/wp-json\/wp\/v2\/product_tag?post=2484"}],"curies":[{"name":"wp","href":"https:\/\/api.w.org\/{rel}","templated":true}]}}